{"id":12148,"date":"2024-07-15T06:24:06","date_gmt":"2024-07-15T06:24:06","guid":{"rendered":"https:\/\/naturaliapousada.com.br\/?page_id=12148"},"modified":"2025-08-24T15:09:52","modified_gmt":"2025-08-24T15:09:52","slug":"anreise","status":"publish","type":"page","link":"https:\/\/naturaliapousada.com.br\/de\/anreise\/","title":{"rendered":"Anreise"},"content":{"rendered":"\t\t<div data-elementor-type=\"wp-page\" data-elementor-id=\"12148\" class=\"elementor elementor-12148 elementor-3115\" data-elementor-post-type=\"page\">\n\t\t\t\t<div class=\"elementor-element elementor-element-f222d7d e-flex e-con-boxed e-con e-parent\" data-id=\"f222d7d\" data-element_type=\"container\">\n\t\t\t\t\t<div class=\"e-con-inner\">\n\t\t\t\t<div class=\"elementor-element elementor-element-ff7a6fd elementor-invisible elementor-widget elementor-widget-heading\" data-id=\"ff7a6fd\" data-element_type=\"widget\" data-settings=\"{&quot;_animation&quot;:&quot;fadeIn&quot;}\" data-widget_type=\"heading.default\">\n\t\t\t\t<div class=\"elementor-widget-container\">\n\t\t\t\t\t<h2 class=\"elementor-heading-title elementor-size-default\">WO SIND WIR<\/h2>\t\t\t\t<\/div>\n\t\t\t\t<\/div>\n\t\t<div class=\"elementor-element elementor-element-c0dbec8 e-grid e-con-full elementor-invisible e-con e-child\" data-id=\"c0dbec8\" data-element_type=\"container\" data-settings=\"{&quot;animation&quot;:&quot;fadeInRight&quot;}\">\n\t\t\t\t<div class=\"elementor-element elementor-element-c75a37f elementor-widget__width-initial elementor-widget elementor-widget-text-editor\" data-id=\"c75a37f\" data-element_type=\"widget\" data-widget_type=\"text-editor.default\">\n\t\t\t\t<div class=\"elementor-widget-container\">\n\t\t\t\t\t\t\t\t\t<p><span style=\"font-weight: 400;\">Ilha Grande geh\u00f6rt zur Gemeinde Angra dos Reis im Bundesstaat Rio de Janeiro. Sie kann mit dem Boot von vier Hauptpunkten aus erreicht werden:<\/span><\/p><ol><li style=\"font-weight: 400;\" aria-level=\"1\"><span style=\"font-weight: 400;\">Santa-Luzia-Pier in Angra dos Reis &#8211; 160 km von Rio de Janeiro entfernt;<br \/><br \/><\/span><\/li><li style=\"font-weight: 400;\" aria-level=\"1\"><span style=\"font-weight: 400;\">Lapa-Pier in Angra dos Reis &#8211; 160 km von Rio de Janeiro entfernt;<br \/><br \/><\/span><\/li><li style=\"font-weight: 400;\" aria-level=\"1\"><span style=\"font-weight: 400;\">Concei\u00e7\u00e3o de Jacare\u00ed Pier (in Mangaratiba) &#8211; 105 km von Rio de Janeiro entfernt;<br \/><br \/><\/span><\/li><li style=\"font-weight: 400;\" aria-level=\"1\"><span style=\"font-weight: 400;\">Mangaratiba Pier &#8211; 130 km von Rio de Janeiro entfernt.<\/span><\/li><\/ol>\t\t\t\t\t\t\t\t<\/div>\n\t\t\t\t<\/div>\n\t\t\t\t<div class=\"elementor-element elementor-element-59a9dbd elementor-widget__width-initial elementor-widget elementor-widget-image\" data-id=\"59a9dbd\" data-element_type=\"widget\" data-settings=\"{&quot;_animation&quot;:&quot;none&quot;}\" data-widget_type=\"image.default\">\n\t\t\t\t<div class=\"elementor-widget-container\">\n\t\t\t\t\t\t\t\t\t\t\t\t\t\t\t<img fetchpriority=\"high\" decoding=\"async\" width=\"1480\" height=\"1110\" src=\"https:\/\/naturaliapousada.com.br\/wp-content\/uploads\/2024\/07\/Como-chegar2.webp\" class=\"attachment-full size-full wp-image-10095\" alt=\"\" \/>\t\t\t\t\t\t\t\t\t\t\t\t\t\t\t<\/div>\n\t\t\t\t<\/div>\n\t\t\t\t<\/div>\n\t\t\t\t\t<\/div>\n\t\t\t\t<\/div>\n\t\t<div class=\"elementor-element elementor-element-b60eae3 e-flex e-con-boxed e-con e-parent\" data-id=\"b60eae3\" data-element_type=\"container\">\n\t\t\t\t\t<div class=\"e-con-inner\">\n\t\t\t\t<div class=\"elementor-element elementor-element-97b22f4 elementor-invisible elementor-widget elementor-widget-heading\" data-id=\"97b22f4\" data-element_type=\"widget\" data-settings=\"{&quot;_animation&quot;:&quot;fadeIn&quot;}\" data-widget_type=\"heading.default\">\n\t\t\t\t<div class=\"elementor-widget-container\">\n\t\t\t\t\t<h2 class=\"elementor-heading-title elementor-size-default\">ANREISE\n<\/h2>\t\t\t\t<\/div>\n\t\t\t\t<\/div>\n\t\t\t\t<div class=\"elementor-element elementor-element-de5dcff elementor-widget__width-initial elementor-invisible elementor-widget elementor-widget-text-editor\" data-id=\"de5dcff\" data-element_type=\"widget\" data-settings=\"{&quot;_animation&quot;:&quot;fadeInLeft&quot;}\" data-widget_type=\"text-editor.default\">\n\t\t\t\t<div class=\"elementor-widget-container\">\n\t\t\t\t\t\t\t\t\t<p><span style=\"font-weight: 400;\">Wenn Sie Hilfe bei der Organisation Ihres Transfers nach Ilha Grande ben\u00f6tigen, insbesondere bei der Ankunft an einem der Flugh\u00e4fen in Rio de Janeiro, kontaktieren Sie uns bitte unter <\/span><a href=\"mailto:reservas@naturaliapousada.com.br\"><span style=\"font-weight: 400;\"><span style=\"text-decoration: underline;\">reservas@naturaliapousada.com<\/span>.br<\/span><\/a><span style=\"font-weight: 400;\">.<\/span><\/p>\t\t\t\t\t\t\t\t<\/div>\n\t\t\t\t<\/div>\n\t\t\t\t<div class=\"elementor-element elementor-element-f9f779f elementor-position-left elementor-widget__width-initial elementor-widget-mobile__width-initial elementor-vertical-align-top elementor-invisible elementor-widget elementor-widget-image-box\" data-id=\"f9f779f\" data-element_type=\"widget\" data-settings=\"{&quot;_animation&quot;:&quot;fadeInLeft&quot;}\" data-widget_type=\"image-box.default\">\n\t\t\t\t<div class=\"elementor-widget-container\">\n\t\t\t\t\t<div class=\"elementor-image-box-wrapper\"><figure class=\"elementor-image-box-img\"><img decoding=\"async\" src=\"https:\/\/naturaliapousada.com.br\/wp-content\/uploads\/elementor\/thumbs\/Como-chegar3-r2foo4pf8g7fclapuwnc0m1eetumfdaelcfoj5ireo.webp\" title=\"Como chegar3\" alt=\"Como chegar3\" loading=\"lazy\" \/><\/figure><div class=\"elementor-image-box-content\"><h3 class=\"elementor-image-box-title\">Auto<\/h3><p class=\"elementor-image-box-description\">Wer mit dem Auto anreist, findet an allen drei Standorten Parkm\u00f6glichkeiten, um sein Fahrzeug w\u00e4hrend des Aufenthalts auf der Insel abzustellen.\n<br>\n<h3 class=\"elementor-image-box-title\">Bus<\/h3>\n\nVon Rio de Janeiro\nDie Hauptbusgesellschaft, die Rio de Janeiro mit Angra dos Reis verbindet (mit Halt in Concei\u00e7\u00e3o de Jacare\u00ed, Mangaratiba und auch Paraty), ist Costa Verde (www.costaverdetransportes.com.br). In Rio de Janeiro hei\u00dft der Busbahnhof Novo Rio (www.rodoviariadorio.com.br).\n<br><br>\nVon S\u00e3o Paulo\nDie Hauptbusgesellschaft, die S\u00e3o Paulo mit Angra dos Reis verbindet, ist Reunidas Paulista (www.reunidaspaulista.com.br).\n<\/p><\/div><\/div>\t\t\t\t<\/div>\n\t\t\t\t<\/div>\n\t\t\t\t\t<\/div>\n\t\t\t\t<\/div>\n\t\t<div class=\"elementor-element elementor-element-47acdfd e-flex e-con-boxed e-con e-parent\" data-id=\"47acdfd\" data-element_type=\"container\">\n\t\t\t\t\t<div class=\"e-con-inner\">\n\t\t\t\t<div class=\"elementor-element elementor-element-1dd46ff elementor-invisible elementor-widget elementor-widget-heading\" data-id=\"1dd46ff\" data-element_type=\"widget\" data-settings=\"{&quot;_animation&quot;:&quot;fadeIn&quot;}\" data-widget_type=\"heading.default\">\n\t\t\t\t<div class=\"elementor-widget-container\">\n\t\t\t\t\t<h2 class=\"elementor-heading-title elementor-size-default\">\u00dcBERFAHRT\n<\/h2>\t\t\t\t<\/div>\n\t\t\t\t<\/div>\n\t\t\t\t<div class=\"elementor-element elementor-element-84ce91a elementor-position-right elementor-widget__width-initial elementor-widget-mobile__width-initial elementor-widget-laptop__width-initial elementor-vertical-align-top elementor-invisible elementor-widget elementor-widget-image-box\" data-id=\"84ce91a\" data-element_type=\"widget\" data-settings=\"{&quot;_animation&quot;:&quot;fadeInRight&quot;}\" data-widget_type=\"image-box.default\">\n\t\t\t\t<div class=\"elementor-widget-container\">\n\t\t\t\t\t<div class=\"elementor-image-box-wrapper\"><figure class=\"elementor-image-box-img\"><img decoding=\"async\" src=\"https:\/\/naturaliapousada.com.br\/wp-content\/uploads\/elementor\/thumbs\/Como-chegar4-r2foo4pg0ips1iq018y7q1ulxgo3rxpdtpimhnhcbg.webp\" title=\"Como chegar4\" alt=\"Como chegar4\" loading=\"lazy\" \/><\/figure><div class=\"elementor-image-box-content\"><p class=\"elementor-image-box-description\">Erfahren Sie, wie Sie von jedem der Zugangspunkte nach Vila do Abra\u00e3o auf Ilha Grande gelangen k\u00f6nnen: <br><br>\n\n1. Santa Luzia Pier, in Angra dos Reis <br><br>\n\nDie \u00dcberfahrt erfolgt mit schnellen Booten vom Typ \u201eFlex\u201c, die von den Unternehmen Objetiva Tour, Doce Angra Turismo und Angra Flex Turismo betrieben werden. Es gibt regelm\u00e4\u00dfige Abfahrten im Abstand von bis zu zwei Stunden, normalerweise von 08:00 bis 18:00 Uhr. \u00dcberpr\u00fcfen Sie immer die Fahrpl\u00e4ne f\u00fcr den Tag Ihrer \u00dcberfahrt, da es m\u00f6glicherweise \u00c4nderungen gibt. Die Fahrt dauert etwa 45 Minuten. <br><br>\n\n2. Lapa Pier, in Angra dos Reis <br><br>\n\nDie \u00dcberfahrt erfolgt mit der F\u00e4hre, die von CCR Barcas betrieben wird und normalerweise um 15:30 Uhr an Wochentagen und um 13:30 Uhr an Wochenenden und Feiertagen abf\u00e4hrt. Die \u00fcbliche R\u00fcckfahrtszeit ab dem Pier in Abra\u00e3o ist um 10:00 Uhr. Die Fahrt dauert etwa eineinhalb Stunden. <br><br>\n\n3. Concei\u00e7\u00e3o de Jacare\u00ed Pier <br><br>\n\nDie \u00dcberfahrt erfolgt mit schnellen Booten vom Typ \u201eFlex\u201c, die von den Unternehmen Objetiva Tour und Vila Nova Tour betrieben werden. Es gibt regelm\u00e4\u00dfige Abfahrten im Abstand von bis zu zwei Stunden, normalerweise von 08:00 bis 18:00 Uhr. \u00dcberpr\u00fcfen Sie immer die Fahrpl\u00e4ne f\u00fcr den Tag Ihrer \u00dcberfahrt, da es m\u00f6glicherweise \u00c4nderungen gibt. Die Fahrt dauert etwa 20 Minuten. <br><br>\n\n4. Mangaratiba Pier <br><br>\n\nDie \u00dcberfahrt erfolgt mit der F\u00e4hre, die von CCR Barcas betrieben wird und normalerweise jeden Tag um 08:00 Uhr abf\u00e4hrt. Die \u00fcbliche R\u00fcckfahrtszeit ab dem Pier in Abra\u00e3o ist um 17:30 Uhr. Die Fahrt dauert etwa eineinhalb Stunden.\n<\/p><\/div><\/div>\t\t\t\t<\/div>\n\t\t\t\t<\/div>\n\t\t\t\t\t<\/div>\n\t\t\t\t<\/div>\n\t\t<div class=\"elementor-element elementor-element-8d65ac7 e-flex e-con-boxed e-con e-parent\" data-id=\"8d65ac7\" data-element_type=\"container\" data-settings=\"{&quot;animation&quot;:&quot;none&quot;}\">\n\t\t\t\t\t<div class=\"e-con-inner\">\n\t\t\t\t<div class=\"elementor-element elementor-element-0f1a0c6 elementor-widget elementor-widget-heading\" data-id=\"0f1a0c6\" data-element_type=\"widget\" data-settings=\"{&quot;_animation&quot;:&quot;none&quot;}\" data-widget_type=\"heading.default\">\n\t\t\t\t<div class=\"elementor-widget-container\">\n\t\t\t\t\t<h2 class=\"elementor-heading-title elementor-size-default\">ANKUNFT AUF DER INSEL\n<\/h2>\t\t\t\t<\/div>\n\t\t\t\t<\/div>\n\t\t\t\t<div class=\"elementor-element elementor-element-6f05b50 elementor-position-left elementor-widget__width-initial elementor-widget-mobile__width-initial elementor-widget-laptop__width-initial elementor-vertical-align-top elementor-invisible elementor-widget elementor-widget-image-box\" data-id=\"6f05b50\" data-element_type=\"widget\" data-settings=\"{&quot;_animation&quot;:&quot;fadeInLeft&quot;}\" data-widget_type=\"image-box.default\">\n\t\t\t\t<div class=\"elementor-widget-container\">\n\t\t\t\t\t<div class=\"elementor-image-box-wrapper\"><figure class=\"elementor-image-box-img\"><img decoding=\"async\" src=\"https:\/\/naturaliapousada.com.br\/wp-content\/uploads\/elementor\/thumbs\/Como-chegar5-r2foo3rl1m6haxqnm1g6kdry1r1rz7ddtb2w9nh508.webp\" title=\"Como chegar5\" alt=\"Como chegar5\" loading=\"lazy\" \/><\/figure><div class=\"elementor-image-box-content\"><p class=\"elementor-image-box-description\">Unsere Pousada befindet sich an dem Praia do Canto, etwa f\u00fcnfzehn Gehminuten von der Hauptanlegestelle von Vila do Abra\u00e3o entfernt - der Hauptanlegestelle in Vila do Abra\u00e3o. Es sind ungef\u00e4hr 1 km, die durch flache, unbefestigte Stra\u00dfen, einen Strandabschnitt (etwa 100 Meter weicher Sand) und am Ende etwa 100 Meter auf einer rustikalen Kopfsteinpflastergasse mit einem relativ steilen Anstieg f\u00fchren. <br><br>\nWir empfehlen dringend, den Service eines lizenzierten Gep\u00e4cktr\u00e4gers f\u00fcr den Transport Ihres Gep\u00e4cks zu engagieren. Die Gep\u00e4cktr\u00e4ger verf\u00fcgen \u00fcber Wagen zum Transport von Gep\u00e4ck und sind normalerweise an der Anlegestelle verf\u00fcgbar. Neben der Bequemlichkeit wird Sie der Gep\u00e4cktr\u00e4ger richtig zu unserer Pousada f\u00fchren und Ihnen die beste Route zeigen. Die durchschnittlichen Kosten f\u00fcr den Transport von zwei mittleren\/gro\u00dfen Koffern liegen zwischen 40 BRL und 50 BRL.\n<\/p><\/div><\/div>\t\t\t\t<\/div>\n\t\t\t\t<\/div>\n\t\t\t\t\t<\/div>\n\t\t\t\t<\/div>\n\t\t<div class=\"elementor-element elementor-element-9a4bf35 e-flex e-con-boxed e-con e-parent\" data-id=\"9a4bf35\" data-element_type=\"container\">\n\t\t\t\t\t<div class=\"e-con-inner\">\n\t\t\t\t<div class=\"elementor-element elementor-element-57bf587 elementor-widget elementor-widget-image\" data-id=\"57bf587\" data-element_type=\"widget\" data-widget_type=\"image.default\">\n\t\t\t\t<div class=\"elementor-widget-container\">\n\t\t\t\t\t\t\t\t\t\t\t\t\t\t\t\t<a href=\"https:\/\/naturaliapousada.com.br\/wp-content\/uploads\/2025\/08\/Mapa_caminho.jpg\" data-elementor-open-lightbox=\"yes\" data-elementor-lightbox-title=\"Mapa_caminho\" data-e-action-hash=\"#elementor-action%3Aaction%3Dlightbox%26settings%3DeyJpZCI6NDAxNjYsInVybCI6Imh0dHBzOlwvXC9uYXR1cmFsaWFwb3VzYWRhLmNvbS5iclwvd3AtY29udGVudFwvdXBsb2Fkc1wvMjAyNVwvMDhcL01hcGFfY2FtaW5oby5qcGcifQ%3D%3D\">\n\t\t\t\t\t\t\t<img decoding=\"async\" width=\"1221\" height=\"900\" src=\"https:\/\/naturaliapousada.com.br\/wp-content\/uploads\/2025\/08\/Mapa_caminho.jpg\" class=\"attachment-full size-full wp-image-40166\" alt=\"\" srcset=\"https:\/\/naturaliapousada.com.br\/wp-content\/uploads\/2025\/08\/Mapa_caminho.jpg 1221w, https:\/\/naturaliapousada.com.br\/wp-content\/uploads\/2025\/08\/Mapa_caminho-300x221.jpg 300w, https:\/\/naturaliapousada.com.br\/wp-content\/uploads\/2025\/08\/Mapa_caminho-1024x755.jpg 1024w, https:\/\/naturaliapousada.com.br\/wp-content\/uploads\/2025\/08\/Mapa_caminho-768x566.jpg 768w\" sizes=\"(max-width: 1221px) 100vw, 1221px\" \/>\t\t\t\t\t\t\t\t<\/a>\n\t\t\t\t\t\t\t\t\t\t\t\t\t\t\t<\/div>\n\t\t\t\t<\/div>\n\t\t\t\t\t<\/div>\n\t\t\t\t<\/div>\n\t\t\t\t<\/div>\n\t\t","protected":false},"excerpt":{"rendered":"<p>WO SIND WIR Ilha Grande geh\u00f6rt zur Gemeinde Angra dos Reis im Bundesstaat Rio de Janeiro. Sie kann mit dem Boot von vier Hauptpunkten aus erreicht werden: Santa-Luzia-Pier in Angra dos Reis &#8211; 160 km von Rio de Janeiro entfernt; Lapa-Pier in Angra dos Reis &#8211; 160 km von Rio de Janeiro entfernt; Concei\u00e7\u00e3o de [&hellip;]<\/p>\n","protected":false},"author":1,"featured_media":10090,"parent":0,"menu_order":0,"comment_status":"closed","ping_status":"closed","template":"","meta":{"inline_featured_image":false,"cybocfi_hide_featured_image":"yes","footnotes":""},"class_list":["post-12148","page","type-page","status-publish","has-post-thumbnail","hentry"],"yoast_head":"<!-- This site is optimized with the Yoast SEO plugin v27.2 - https:\/\/yoast.com\/product\/yoast-seo-wordpress\/ -->\n<title>Anreise | Pousada Naturalia<\/title>\n<meta name=\"robots\" content=\"index, follow, max-snippet:-1, max-image-preview:large, max-video-preview:-1\" \/>\n<link rel=\"canonical\" href=\"https:\/\/naturaliapousada.com.br\/de\/anreise\/\" \/>\n<meta property=\"og:locale\" content=\"de_DE\" \/>\n<meta property=\"og:type\" content=\"article\" \/>\n<meta property=\"og:title\" content=\"Anreise | Pousada Naturalia\" \/>\n<meta property=\"og:description\" content=\"WO SIND WIR Ilha Grande geh\u00f6rt zur Gemeinde Angra dos Reis im Bundesstaat Rio de Janeiro. Sie kann mit dem Boot von vier Hauptpunkten aus erreicht werden: Santa-Luzia-Pier in Angra dos Reis &#8211; 160 km von Rio de Janeiro entfernt; Lapa-Pier in Angra dos Reis &#8211; 160 km von Rio de Janeiro entfernt; Concei\u00e7\u00e3o de [&hellip;]\" \/>\n<meta property=\"og:url\" content=\"https:\/\/naturaliapousada.com.br\/de\/anreise\/\" \/>\n<meta property=\"og:site_name\" content=\"Pousada Naturalia\" \/>\n<meta property=\"article:publisher\" content=\"https:\/\/www.facebook.com\/pousada.naturalia\" \/>\n<meta property=\"article:modified_time\" content=\"2025-08-24T15:09:52+00:00\" \/>\n<meta property=\"og:image\" content=\"https:\/\/naturaliapousada.com.br\/wp-content\/uploads\/2024\/07\/como-chegar1.webp\" \/>\n\t<meta property=\"og:image:width\" content=\"1536\" \/>\n\t<meta property=\"og:image:height\" content=\"543\" \/>\n\t<meta property=\"og:image:type\" content=\"image\/jpeg\" \/>\n<meta name=\"twitter:card\" content=\"summary_large_image\" \/>\n<meta name=\"twitter:label1\" content=\"Gesch\u00e4tzte Lesezeit\" \/>\n\t<meta name=\"twitter:data1\" content=\"5\u00a0Minuten\" \/>\n<script type=\"application\/ld+json\" class=\"yoast-schema-graph\">{\"@context\":\"https:\/\/schema.org\",\"@graph\":[{\"@type\":\"WebPage\",\"@id\":\"https:\/\/naturaliapousada.com.br\/de\/anreise\/\",\"url\":\"https:\/\/naturaliapousada.com.br\/de\/anreise\/\",\"name\":\"Anreise | Pousada Naturalia\",\"isPartOf\":{\"@id\":\"https:\/\/naturaliapousada.com.br\/de\/#website\"},\"primaryImageOfPage\":{\"@id\":\"https:\/\/naturaliapousada.com.br\/de\/anreise\/#primaryimage\"},\"image\":{\"@id\":\"https:\/\/naturaliapousada.com.br\/de\/anreise\/#primaryimage\"},\"thumbnailUrl\":\"https:\/\/naturaliapousada.com.br\/wp-content\/uploads\/2024\/07\/como-chegar1.webp\",\"datePublished\":\"2024-07-15T06:24:06+00:00\",\"dateModified\":\"2025-08-24T15:09:52+00:00\",\"breadcrumb\":{\"@id\":\"https:\/\/naturaliapousada.com.br\/de\/anreise\/#breadcrumb\"},\"inLanguage\":\"de\",\"potentialAction\":[{\"@type\":\"ReadAction\",\"target\":[\"https:\/\/naturaliapousada.com.br\/de\/anreise\/\"]}]},{\"@type\":\"BreadcrumbList\",\"@id\":\"https:\/\/naturaliapousada.com.br\/de\/anreise\/#breadcrumb\",\"itemListElement\":[{\"@type\":\"ListItem\",\"position\":1,\"name\":\"In\u00edcio\",\"item\":\"https:\/\/naturaliapousada.com.br\/de\/\"},{\"@type\":\"ListItem\",\"position\":2,\"name\":\"Anreise\"}]},{\"@type\":\"WebSite\",\"@id\":\"https:\/\/naturaliapousada.com.br\/de\/#website\",\"url\":\"https:\/\/naturaliapousada.com.br\/de\/\",\"name\":\"Pousada Naturalia\",\"description\":\"\",\"publisher\":{\"@id\":\"https:\/\/naturaliapousada.com.br\/de\/#organization\"},\"potentialAction\":[{\"@type\":\"SearchAction\",\"target\":{\"@type\":\"EntryPoint\",\"urlTemplate\":\"https:\/\/naturaliapousada.com.br\/de\/?s={search_term_string}\"},\"query-input\":{\"@type\":\"PropertyValueSpecification\",\"valueRequired\":true,\"valueName\":\"search_term_string\"}}],\"inLanguage\":\"de\"},{\"@type\":\"Organization\",\"@id\":\"https:\/\/naturaliapousada.com.br\/de\/#organization\",\"name\":\"Pousada Naturalia\",\"url\":\"https:\/\/naturaliapousada.com.br\/de\/\",\"logo\":{\"@type\":\"ImageObject\",\"inLanguage\":\"de\",\"@id\":\"https:\/\/naturaliapousada.com.br\/de\/#\/schema\/logo\/image\/\",\"url\":\"https:\/\/naturaliapousada.com.br\/wp-content\/uploads\/2020\/07\/02-logotipo-naturalia-preferencial-cobre-pousada.png\",\"contentUrl\":\"https:\/\/naturaliapousada.com.br\/wp-content\/uploads\/2020\/07\/02-logotipo-naturalia-preferencial-cobre-pousada.png\",\"width\":3564,\"height\":2967,\"caption\":\"Pousada Naturalia\"},\"image\":{\"@id\":\"https:\/\/naturaliapousada.com.br\/de\/#\/schema\/logo\/image\/\"},\"sameAs\":[\"https:\/\/www.facebook.com\/pousada.naturalia\",\"https:\/\/www.instagram.com\/pousada_naturalia\/\",\"https:\/\/www.youtube.com\/channel\/UCXutd46fOVdjuTPSxJFWQJw\"]}]}<\/script>\n<!-- \/ Yoast SEO plugin. -->","yoast_head_json":{"title":"Anreise | Pousada Naturalia","robots":{"index":"index","follow":"follow","max-snippet":"max-snippet:-1","max-image-preview":"max-image-preview:large","max-video-preview":"max-video-preview:-1"},"canonical":"https:\/\/naturaliapousada.com.br\/de\/anreise\/","og_locale":"de_DE","og_type":"article","og_title":"Anreise | Pousada Naturalia","og_description":"WO SIND WIR Ilha Grande geh\u00f6rt zur Gemeinde Angra dos Reis im Bundesstaat Rio de Janeiro. Sie kann mit dem Boot von vier Hauptpunkten aus erreicht werden: Santa-Luzia-Pier in Angra dos Reis &#8211; 160 km von Rio de Janeiro entfernt; Lapa-Pier in Angra dos Reis &#8211; 160 km von Rio de Janeiro entfernt; Concei\u00e7\u00e3o de [&hellip;]","og_url":"https:\/\/naturaliapousada.com.br\/de\/anreise\/","og_site_name":"Pousada Naturalia","article_publisher":"https:\/\/www.facebook.com\/pousada.naturalia","article_modified_time":"2025-08-24T15:09:52+00:00","og_image":[{"width":1536,"height":543,"url":"https:\/\/naturaliapousada.com.br\/wp-content\/uploads\/2024\/07\/como-chegar1.webp","type":"image\/jpeg"}],"twitter_card":"summary_large_image","twitter_misc":{"Gesch\u00e4tzte Lesezeit":"5\u00a0Minuten"},"schema":{"@context":"https:\/\/schema.org","@graph":[{"@type":"WebPage","@id":"https:\/\/naturaliapousada.com.br\/de\/anreise\/","url":"https:\/\/naturaliapousada.com.br\/de\/anreise\/","name":"Anreise | Pousada Naturalia","isPartOf":{"@id":"https:\/\/naturaliapousada.com.br\/de\/#website"},"primaryImageOfPage":{"@id":"https:\/\/naturaliapousada.com.br\/de\/anreise\/#primaryimage"},"image":{"@id":"https:\/\/naturaliapousada.com.br\/de\/anreise\/#primaryimage"},"thumbnailUrl":"https:\/\/naturaliapousada.com.br\/wp-content\/uploads\/2024\/07\/como-chegar1.webp","datePublished":"2024-07-15T06:24:06+00:00","dateModified":"2025-08-24T15:09:52+00:00","breadcrumb":{"@id":"https:\/\/naturaliapousada.com.br\/de\/anreise\/#breadcrumb"},"inLanguage":"de","potentialAction":[{"@type":"ReadAction","target":["https:\/\/naturaliapousada.com.br\/de\/anreise\/"]}]},{"@type":"BreadcrumbList","@id":"https:\/\/naturaliapousada.com.br\/de\/anreise\/#breadcrumb","itemListElement":[{"@type":"ListItem","position":1,"name":"In\u00edcio","item":"https:\/\/naturaliapousada.com.br\/de\/"},{"@type":"ListItem","position":2,"name":"Anreise"}]},{"@type":"WebSite","@id":"https:\/\/naturaliapousada.com.br\/de\/#website","url":"https:\/\/naturaliapousada.com.br\/de\/","name":"Pousada Naturalia","description":"","publisher":{"@id":"https:\/\/naturaliapousada.com.br\/de\/#organization"},"potentialAction":[{"@type":"SearchAction","target":{"@type":"EntryPoint","urlTemplate":"https:\/\/naturaliapousada.com.br\/de\/?s={search_term_string}"},"query-input":{"@type":"PropertyValueSpecification","valueRequired":true,"valueName":"search_term_string"}}],"inLanguage":"de"},{"@type":"Organization","@id":"https:\/\/naturaliapousada.com.br\/de\/#organization","name":"Pousada Naturalia","url":"https:\/\/naturaliapousada.com.br\/de\/","logo":{"@type":"ImageObject","inLanguage":"de","@id":"https:\/\/naturaliapousada.com.br\/de\/#\/schema\/logo\/image\/","url":"https:\/\/naturaliapousada.com.br\/wp-content\/uploads\/2020\/07\/02-logotipo-naturalia-preferencial-cobre-pousada.png","contentUrl":"https:\/\/naturaliapousada.com.br\/wp-content\/uploads\/2020\/07\/02-logotipo-naturalia-preferencial-cobre-pousada.png","width":3564,"height":2967,"caption":"Pousada Naturalia"},"image":{"@id":"https:\/\/naturaliapousada.com.br\/de\/#\/schema\/logo\/image\/"},"sameAs":["https:\/\/www.facebook.com\/pousada.naturalia","https:\/\/www.instagram.com\/pousada_naturalia\/","https:\/\/www.youtube.com\/channel\/UCXutd46fOVdjuTPSxJFWQJw"]}]}},"_links":{"self":[{"href":"https:\/\/naturaliapousada.com.br\/de\/wp-json\/wp\/v2\/pages\/12148","targetHints":{"allow":["GET"]}}],"collection":[{"href":"https:\/\/naturaliapousada.com.br\/de\/wp-json\/wp\/v2\/pages"}],"about":[{"href":"https:\/\/naturaliapousada.com.br\/de\/wp-json\/wp\/v2\/types\/page"}],"author":[{"embeddable":true,"href":"https:\/\/naturaliapousada.com.br\/de\/wp-json\/wp\/v2\/users\/1"}],"replies":[{"embeddable":true,"href":"https:\/\/naturaliapousada.com.br\/de\/wp-json\/wp\/v2\/comments?post=12148"}],"version-history":[{"count":0,"href":"https:\/\/naturaliapousada.com.br\/de\/wp-json\/wp\/v2\/pages\/12148\/revisions"}],"wp:featuredmedia":[{"embeddable":true,"href":"https:\/\/naturaliapousada.com.br\/de\/wp-json\/wp\/v2\/media\/10090"}],"wp:attachment":[{"href":"https:\/\/naturaliapousada.com.br\/de\/wp-json\/wp\/v2\/media?parent=12148"}],"curies":[{"name":"wp","href":"https:\/\/api.w.org\/{rel}","templated":true}]}}