{"id":12205,"date":"2024-07-15T18:49:45","date_gmt":"2024-07-15T18:49:45","guid":{"rendered":"https:\/\/naturaliapousada.com.br\/?page_id=12205"},"modified":"2024-07-15T19:04:34","modified_gmt":"2024-07-15T19:04:34","slug":"wichtige-informationen","status":"publish","type":"page","link":"https:\/\/naturaliapousada.com.br\/de\/wichtige-informationen\/","title":{"rendered":"Wichtige Informationen"},"content":{"rendered":"\t\t<div data-elementor-type=\"wp-page\" data-elementor-id=\"12205\" class=\"elementor elementor-12205 elementor-9454\" data-elementor-post-type=\"page\">\n\t\t\t\t<div class=\"elementor-element elementor-element-f222d7d e-flex e-con-boxed e-con e-parent\" data-id=\"f222d7d\" data-element_type=\"container\">\n\t\t\t\t\t<div class=\"e-con-inner\">\n\t\t\t\t<div class=\"elementor-element elementor-element-ff7a6fd elementor-invisible elementor-widget elementor-widget-heading\" data-id=\"ff7a6fd\" data-element_type=\"widget\" data-settings=\"{&quot;_animation&quot;:&quot;fadeIn&quot;}\" data-widget_type=\"heading.default\">\n\t\t\t\t<div class=\"elementor-widget-container\">\n\t\t\t\t\t<h2 class=\"elementor-heading-title elementor-size-default\">Zahlungsmethoden<\/h2>\t\t\t\t<\/div>\n\t\t\t\t<\/div>\n\t\t\t\t<div class=\"elementor-element elementor-element-3a2d412 elementor-position-right elementor-widget__width-initial elementor-widget-mobile__width-initial elementor-vertical-align-top elementor-invisible elementor-widget elementor-widget-image-box\" data-id=\"3a2d412\" data-element_type=\"widget\" data-settings=\"{&quot;_animation&quot;:&quot;fadeInRight&quot;}\" data-widget_type=\"image-box.default\">\n\t\t\t\t<div class=\"elementor-widget-container\">\n\t\t\t\t\t<div class=\"elementor-image-box-wrapper\"><figure class=\"elementor-image-box-img\"><img fetchpriority=\"high\" decoding=\"async\" width=\"1475\" height=\"1106\" src=\"https:\/\/naturaliapousada.com.br\/wp-content\/uploads\/2024\/07\/Para-saber1.webp\" class=\"attachment-full size-full wp-image-10276\" alt=\"\" \/><\/figure><div class=\"elementor-image-box-content\"><p class=\"elementor-image-box-description\">Die lokale W\u00e4hrung ist der Real (BRL). Auf der Insel gibt es keine Banken, Geldautomaten oder Wechselstuben. Daher wird empfohlen, Bargeld vom Festland mitzubringen. Die meisten Einrichtungen, einschlie\u00dflich unserer Pousada, akzeptieren g\u00e4ngige Kredit- und Debitkarten. In Ausnahmef\u00e4llen k\u00f6nnen wir auch US-Dollar und Euro akzeptieren, wobei der Wechselkurs von der Verwaltung der Pousada gem\u00e4\u00df des touristischen Wechselkurses festgelegt wird, mit einem zus\u00e4tzlichen Aufschlag zur Abdeckung von W\u00e4hrungsschwankungen.\n<\/p><\/div><\/div>\t\t\t\t<\/div>\n\t\t\t\t<\/div>\n\t\t\t\t\t<\/div>\n\t\t\t\t<\/div>\n\t\t<div class=\"elementor-element elementor-element-b60eae3 e-flex e-con-boxed e-con e-parent\" data-id=\"b60eae3\" data-element_type=\"container\">\n\t\t\t\t\t<div class=\"e-con-inner\">\n\t\t\t\t<div class=\"elementor-element elementor-element-60d2799 elementor-position-left elementor-widget__width-initial elementor-widget-mobile__width-initial elementor-vertical-align-top elementor-invisible elementor-widget elementor-widget-image-box\" data-id=\"60d2799\" data-element_type=\"widget\" data-settings=\"{&quot;_animation&quot;:&quot;fadeInLeft&quot;}\" data-widget_type=\"image-box.default\">\n\t\t\t\t<div class=\"elementor-widget-container\">\n\t\t\t\t\t<div class=\"elementor-image-box-wrapper\"><figure class=\"elementor-image-box-img\"><img decoding=\"async\" src=\"https:\/\/naturaliapousada.com.br\/wp-content\/uploads\/elementor\/thumbs\/Para-saber2-r2foo3rl1m650zc30e8pg49xtfz97o6o97s71vk5kw.webp\" title=\"Para saber2\" alt=\"Para saber2\" loading=\"lazy\" \/><\/figure><div class=\"elementor-image-box-content\"><h2 class=\"elementor-image-box-title\">KLIMA<\/h2><p class=\"elementor-image-box-description\"><span style=\"font-weight: 400;\">Das Klima auf Ilha Grande ist \u00fcberwiegend tropisch und feucht, insbesondere w\u00e4hrend der Regenzeit von November bis M\u00e4rz. Die H\u00f6chsttemperaturen k\u00f6nnen im Sommer (Dez - M\u00e4r) bis zu <strong>40\u00b0C<\/strong> erreichen, w\u00e4hrend die Mindesttemperaturen im Winter (Jun - Sept) auf etwa <strong>12\u00b0C<\/strong> sinken k\u00f6nnen.<\/span>\n<br>\n<h2 class=\"elementor-image-box-title\">INTERNET<\/h2>\n\n<span style=\"font-weight: 400;\">Wir bieten den schnellsten verf\u00fcgbaren Internetdienst auf Ilha Grande an, mit WLAN in den Zimmern und unserem Gemeinschaftsbereich. Da das Signal jedoch vom Festland kommt, kann es je nach Wetterbedingungen schwanken und den Service auf der gesamten Insel beeintr\u00e4chtigen.<\/span><br>\n<br>\n<h2 class=\"elementor-image-box-title\">ZEITZONE<\/h2>\n<span style=\"font-weight: 400;\">UTC -3.0<\/span>\n<\/p><\/div><\/div>\t\t\t\t<\/div>\n\t\t\t\t<\/div>\n\t\t\t\t\t<\/div>\n\t\t\t\t<\/div>\n\t\t<div class=\"elementor-element elementor-element-e75dba3 e-flex e-con-boxed elementor-invisible e-con e-parent\" data-id=\"e75dba3\" data-element_type=\"container\" data-settings=\"{&quot;animation&quot;:&quot;fadeInRight&quot;}\">\n\t\t\t\t\t<div class=\"e-con-inner\">\n\t\t\t\t<div class=\"elementor-element elementor-element-0bbfa69 elementor-position-right elementor-widget__width-initial elementor-widget-mobile__width-initial elementor-vertical-align-middle elementor-widget elementor-widget-image-box\" data-id=\"0bbfa69\" data-element_type=\"widget\" data-widget_type=\"image-box.default\">\n\t\t\t\t<div class=\"elementor-widget-container\">\n\t\t\t\t\t<div class=\"elementor-image-box-wrapper\"><figure class=\"elementor-image-box-img\"><img decoding=\"async\" width=\"1434\" height=\"1075\" src=\"https:\/\/naturaliapousada.com.br\/wp-content\/uploads\/2024\/07\/Para-saber-3.webp\" class=\"attachment-full size-full wp-image-10300\" alt=\"\" \/><\/figure><div class=\"elementor-image-box-content\"><h2 class=\"elementor-image-box-title\">MITZUBRINGEN<\/h2><p class=\"elementor-image-box-description\"><br><ul>\n \t<li style=\"font-weight: 400;\" aria-level=\"1\"><span style=\"font-weight: 400;\">Bargeld in Brasilianischen REAL (BRL)<\/span><\/li>\n \t<li style=\"font-weight: 400;\" aria-level=\"1\"><span style=\"font-weight: 400;\">Insektenspray<\/span><\/li>\n \t<li style=\"font-weight: 400;\" aria-level=\"1\"><span style=\"font-weight: 400;\">Kopfbedeckung<\/span><\/li>\n \t<li style=\"font-weight: 400;\" aria-level=\"1\"><span style=\"font-weight: 400;\">Sonnenschutzmittel<\/span><\/li>\n \t<li style=\"font-weight: 400;\" aria-level=\"1\"><span style=\"font-weight: 400;\">Schwimmausr\u00fcstung<\/span><\/li>\n \t<li style=\"font-weight: 400;\" aria-level=\"1\"><span style=\"font-weight: 400;\">Strandsandalen<\/span><\/li>\n \t<li style=\"font-weight: 400;\" aria-level=\"1\"><span style=\"font-weight: 400;\">Sneakers und Socken<\/span><\/li>\n \t<li style=\"font-weight: 400;\" aria-level=\"1\"><span style=\"font-weight: 400;\">Pers\u00f6nliche Medikamente<\/span><\/li>\n \t<li style=\"font-weight: 400;\" aria-level=\"1\"><span style=\"font-weight: 400;\">Lesebrille \/ Sonnenbrille<\/span><\/li>\n \t<li style=\"font-weight: 400;\" aria-level=\"1\"><span style=\"font-weight: 400;\">Jacke f\u00fcr die etwas frischeren N\u00e4chte \/ Regenjacke<\/span><\/li>\n<\/ul>\n<\/p><\/div><\/div>\t\t\t\t<\/div>\n\t\t\t\t<\/div>\n\t\t\t\t\t<\/div>\n\t\t\t\t<\/div>\n\t\t<div class=\"elementor-element elementor-element-47f8302 e-flex e-con-boxed elementor-invisible e-con e-parent\" data-id=\"47f8302\" data-element_type=\"container\" data-settings=\"{&quot;animation&quot;:&quot;fadeInUp&quot;}\">\n\t\t\t\t\t<div class=\"e-con-inner\">\n\t\t\t\t<div class=\"elementor-element elementor-element-1db3439 elementor-widget elementor-widget-heading\" data-id=\"1db3439\" data-element_type=\"widget\" data-widget_type=\"heading.default\">\n\t\t\t\t<div class=\"elementor-widget-container\">\n\t\t\t\t\t<h2 class=\"elementor-heading-title elementor-size-default\">Planen Sie Ihre Reise besser<\/h2>\t\t\t\t<\/div>\n\t\t\t\t<\/div>\n\t\t\t\t<div class=\"elementor-element elementor-element-d866b70 elementor-widget__width-initial elementor-widget elementor-widget-text-editor\" data-id=\"d866b70\" data-element_type=\"widget\" data-widget_type=\"text-editor.default\">\n\t\t\t\t<div class=\"elementor-widget-container\">\n\t\t\t\t\t\t\t\t\t<p>Weitere Informationen zur besseren Planung Ihrer Hin- und R\u00fcckreise sowie zur Kl\u00e4rung von Fragen zu unseren Dienstleistungen und Richtlinien finden Sie auf der Seite <a href=\"https:\/\/naturaliapousada.com.br\/de\/faqs\/\">\u201e<strong><span style=\"text-decoration: underline;\">H\u00e4ufig gestellte Fragen<\/span><\/strong>\u201c<\/a> (FAQ).<\/p>\t\t\t\t\t\t\t\t<\/div>\n\t\t\t\t<\/div>\n\t\t\t\t\t<\/div>\n\t\t\t\t<\/div>\n\t\t<div class=\"elementor-element elementor-element-8d65ac7 e-flex e-con-boxed e-con e-parent\" data-id=\"8d65ac7\" data-element_type=\"container\">\n\t\t\t\t\t<div class=\"e-con-inner\">\n\t\t\t\t\t<\/div>\n\t\t\t\t<\/div>\n\t\t\t\t<\/div>\n\t\t","protected":false},"excerpt":{"rendered":"<p>Zahlungsmethoden Die lokale W\u00e4hrung ist der Real (BRL). Auf der Insel gibt es keine Banken, Geldautomaten oder Wechselstuben. Daher wird empfohlen, Bargeld vom Festland mitzubringen. Die meisten Einrichtungen, einschlie\u00dflich unserer Pousada, akzeptieren g\u00e4ngige Kredit- und Debitkarten. In Ausnahmef\u00e4llen k\u00f6nnen wir auch US-Dollar und Euro akzeptieren, wobei der Wechselkurs von der Verwaltung der Pousada gem\u00e4\u00df des [&hellip;]<\/p>\n","protected":false},"author":1,"featured_media":8982,"parent":0,"menu_order":0,"comment_status":"closed","ping_status":"closed","template":"","meta":{"inline_featured_image":false,"cybocfi_hide_featured_image":"yes","footnotes":""},"class_list":["post-12205","page","type-page","status-publish","has-post-thumbnail","hentry"],"yoast_head":"<!-- This site is optimized with the Yoast SEO plugin v27.2 - https:\/\/yoast.com\/product\/yoast-seo-wordpress\/ -->\n<title>Wichtige Informationen | Pousada Naturalia<\/title>\n<meta name=\"robots\" content=\"index, follow, max-snippet:-1, max-image-preview:large, max-video-preview:-1\" \/>\n<link rel=\"canonical\" href=\"https:\/\/naturaliapousada.com.br\/de\/wichtige-informationen\/\" \/>\n<meta property=\"og:locale\" content=\"de_DE\" \/>\n<meta property=\"og:type\" content=\"article\" \/>\n<meta property=\"og:title\" content=\"Wichtige Informationen | Pousada Naturalia\" \/>\n<meta property=\"og:description\" content=\"Zahlungsmethoden Die lokale W\u00e4hrung ist der Real (BRL). Auf der Insel gibt es keine Banken, Geldautomaten oder Wechselstuben. Daher wird empfohlen, Bargeld vom Festland mitzubringen. Die meisten Einrichtungen, einschlie\u00dflich unserer Pousada, akzeptieren g\u00e4ngige Kredit- und Debitkarten. In Ausnahmef\u00e4llen k\u00f6nnen wir auch US-Dollar und Euro akzeptieren, wobei der Wechselkurs von der Verwaltung der Pousada gem\u00e4\u00df des [&hellip;]\" \/>\n<meta property=\"og:url\" content=\"https:\/\/naturaliapousada.com.br\/de\/wichtige-informationen\/\" \/>\n<meta property=\"og:site_name\" content=\"Pousada Naturalia\" \/>\n<meta property=\"article:publisher\" content=\"https:\/\/www.facebook.com\/pousada.naturalia\" \/>\n<meta property=\"article:modified_time\" content=\"2024-07-15T19:04:34+00:00\" \/>\n<meta property=\"og:image\" content=\"https:\/\/naturaliapousada.com.br\/wp-content\/uploads\/2024\/06\/capa-naturalia-apousada.jpg\" \/>\n\t<meta property=\"og:image:width\" content=\"1460\" \/>\n\t<meta property=\"og:image:height\" content=\"571\" \/>\n\t<meta property=\"og:image:type\" content=\"image\/jpeg\" \/>\n<meta name=\"twitter:card\" content=\"summary_large_image\" \/>\n<meta name=\"twitter:label1\" content=\"Gesch\u00e4tzte Lesezeit\" \/>\n\t<meta name=\"twitter:data1\" content=\"2\u00a0Minuten\" \/>\n<script type=\"application\/ld+json\" class=\"yoast-schema-graph\">{\"@context\":\"https:\/\/schema.org\",\"@graph\":[{\"@type\":\"WebPage\",\"@id\":\"https:\/\/naturaliapousada.com.br\/de\/wichtige-informationen\/\",\"url\":\"https:\/\/naturaliapousada.com.br\/de\/wichtige-informationen\/\",\"name\":\"Wichtige Informationen | Pousada Naturalia\",\"isPartOf\":{\"@id\":\"https:\/\/naturaliapousada.com.br\/de\/#website\"},\"primaryImageOfPage\":{\"@id\":\"https:\/\/naturaliapousada.com.br\/de\/wichtige-informationen\/#primaryimage\"},\"image\":{\"@id\":\"https:\/\/naturaliapousada.com.br\/de\/wichtige-informationen\/#primaryimage\"},\"thumbnailUrl\":\"https:\/\/naturaliapousada.com.br\/wp-content\/uploads\/2024\/06\/capa-naturalia-apousada.jpg\",\"datePublished\":\"2024-07-15T18:49:45+00:00\",\"dateModified\":\"2024-07-15T19:04:34+00:00\",\"breadcrumb\":{\"@id\":\"https:\/\/naturaliapousada.com.br\/de\/wichtige-informationen\/#breadcrumb\"},\"inLanguage\":\"de\",\"potentialAction\":[{\"@type\":\"ReadAction\",\"target\":[\"https:\/\/naturaliapousada.com.br\/de\/wichtige-informationen\/\"]}]},{\"@type\":\"BreadcrumbList\",\"@id\":\"https:\/\/naturaliapousada.com.br\/de\/wichtige-informationen\/#breadcrumb\",\"itemListElement\":[{\"@type\":\"ListItem\",\"position\":1,\"name\":\"In\u00edcio\",\"item\":\"https:\/\/naturaliapousada.com.br\/de\/\"},{\"@type\":\"ListItem\",\"position\":2,\"name\":\"Wichtige Informationen\"}]},{\"@type\":\"WebSite\",\"@id\":\"https:\/\/naturaliapousada.com.br\/de\/#website\",\"url\":\"https:\/\/naturaliapousada.com.br\/de\/\",\"name\":\"Pousada Naturalia\",\"description\":\"\",\"publisher\":{\"@id\":\"https:\/\/naturaliapousada.com.br\/de\/#organization\"},\"potentialAction\":[{\"@type\":\"SearchAction\",\"target\":{\"@type\":\"EntryPoint\",\"urlTemplate\":\"https:\/\/naturaliapousada.com.br\/de\/?s={search_term_string}\"},\"query-input\":{\"@type\":\"PropertyValueSpecification\",\"valueRequired\":true,\"valueName\":\"search_term_string\"}}],\"inLanguage\":\"de\"},{\"@type\":\"Organization\",\"@id\":\"https:\/\/naturaliapousada.com.br\/de\/#organization\",\"name\":\"Pousada Naturalia\",\"url\":\"https:\/\/naturaliapousada.com.br\/de\/\",\"logo\":{\"@type\":\"ImageObject\",\"inLanguage\":\"de\",\"@id\":\"https:\/\/naturaliapousada.com.br\/de\/#\/schema\/logo\/image\/\",\"url\":\"https:\/\/naturaliapousada.com.br\/wp-content\/uploads\/2020\/07\/02-logotipo-naturalia-preferencial-cobre-pousada.png\",\"contentUrl\":\"https:\/\/naturaliapousada.com.br\/wp-content\/uploads\/2020\/07\/02-logotipo-naturalia-preferencial-cobre-pousada.png\",\"width\":3564,\"height\":2967,\"caption\":\"Pousada Naturalia\"},\"image\":{\"@id\":\"https:\/\/naturaliapousada.com.br\/de\/#\/schema\/logo\/image\/\"},\"sameAs\":[\"https:\/\/www.facebook.com\/pousada.naturalia\",\"https:\/\/www.instagram.com\/pousada_naturalia\/\",\"https:\/\/www.youtube.com\/channel\/UCXutd46fOVdjuTPSxJFWQJw\"]}]}<\/script>\n<!-- \/ Yoast SEO plugin. -->","yoast_head_json":{"title":"Wichtige Informationen | Pousada Naturalia","robots":{"index":"index","follow":"follow","max-snippet":"max-snippet:-1","max-image-preview":"max-image-preview:large","max-video-preview":"max-video-preview:-1"},"canonical":"https:\/\/naturaliapousada.com.br\/de\/wichtige-informationen\/","og_locale":"de_DE","og_type":"article","og_title":"Wichtige Informationen | Pousada Naturalia","og_description":"Zahlungsmethoden Die lokale W\u00e4hrung ist der Real (BRL). Auf der Insel gibt es keine Banken, Geldautomaten oder Wechselstuben. Daher wird empfohlen, Bargeld vom Festland mitzubringen. Die meisten Einrichtungen, einschlie\u00dflich unserer Pousada, akzeptieren g\u00e4ngige Kredit- und Debitkarten. In Ausnahmef\u00e4llen k\u00f6nnen wir auch US-Dollar und Euro akzeptieren, wobei der Wechselkurs von der Verwaltung der Pousada gem\u00e4\u00df des [&hellip;]","og_url":"https:\/\/naturaliapousada.com.br\/de\/wichtige-informationen\/","og_site_name":"Pousada Naturalia","article_publisher":"https:\/\/www.facebook.com\/pousada.naturalia","article_modified_time":"2024-07-15T19:04:34+00:00","og_image":[{"width":1460,"height":571,"url":"https:\/\/naturaliapousada.com.br\/wp-content\/uploads\/2024\/06\/capa-naturalia-apousada.jpg","type":"image\/jpeg"}],"twitter_card":"summary_large_image","twitter_misc":{"Gesch\u00e4tzte Lesezeit":"2\u00a0Minuten"},"schema":{"@context":"https:\/\/schema.org","@graph":[{"@type":"WebPage","@id":"https:\/\/naturaliapousada.com.br\/de\/wichtige-informationen\/","url":"https:\/\/naturaliapousada.com.br\/de\/wichtige-informationen\/","name":"Wichtige Informationen | Pousada Naturalia","isPartOf":{"@id":"https:\/\/naturaliapousada.com.br\/de\/#website"},"primaryImageOfPage":{"@id":"https:\/\/naturaliapousada.com.br\/de\/wichtige-informationen\/#primaryimage"},"image":{"@id":"https:\/\/naturaliapousada.com.br\/de\/wichtige-informationen\/#primaryimage"},"thumbnailUrl":"https:\/\/naturaliapousada.com.br\/wp-content\/uploads\/2024\/06\/capa-naturalia-apousada.jpg","datePublished":"2024-07-15T18:49:45+00:00","dateModified":"2024-07-15T19:04:34+00:00","breadcrumb":{"@id":"https:\/\/naturaliapousada.com.br\/de\/wichtige-informationen\/#breadcrumb"},"inLanguage":"de","potentialAction":[{"@type":"ReadAction","target":["https:\/\/naturaliapousada.com.br\/de\/wichtige-informationen\/"]}]},{"@type":"BreadcrumbList","@id":"https:\/\/naturaliapousada.com.br\/de\/wichtige-informationen\/#breadcrumb","itemListElement":[{"@type":"ListItem","position":1,"name":"In\u00edcio","item":"https:\/\/naturaliapousada.com.br\/de\/"},{"@type":"ListItem","position":2,"name":"Wichtige Informationen"}]},{"@type":"WebSite","@id":"https:\/\/naturaliapousada.com.br\/de\/#website","url":"https:\/\/naturaliapousada.com.br\/de\/","name":"Pousada Naturalia","description":"","publisher":{"@id":"https:\/\/naturaliapousada.com.br\/de\/#organization"},"potentialAction":[{"@type":"SearchAction","target":{"@type":"EntryPoint","urlTemplate":"https:\/\/naturaliapousada.com.br\/de\/?s={search_term_string}"},"query-input":{"@type":"PropertyValueSpecification","valueRequired":true,"valueName":"search_term_string"}}],"inLanguage":"de"},{"@type":"Organization","@id":"https:\/\/naturaliapousada.com.br\/de\/#organization","name":"Pousada Naturalia","url":"https:\/\/naturaliapousada.com.br\/de\/","logo":{"@type":"ImageObject","inLanguage":"de","@id":"https:\/\/naturaliapousada.com.br\/de\/#\/schema\/logo\/image\/","url":"https:\/\/naturaliapousada.com.br\/wp-content\/uploads\/2020\/07\/02-logotipo-naturalia-preferencial-cobre-pousada.png","contentUrl":"https:\/\/naturaliapousada.com.br\/wp-content\/uploads\/2020\/07\/02-logotipo-naturalia-preferencial-cobre-pousada.png","width":3564,"height":2967,"caption":"Pousada Naturalia"},"image":{"@id":"https:\/\/naturaliapousada.com.br\/de\/#\/schema\/logo\/image\/"},"sameAs":["https:\/\/www.facebook.com\/pousada.naturalia","https:\/\/www.instagram.com\/pousada_naturalia\/","https:\/\/www.youtube.com\/channel\/UCXutd46fOVdjuTPSxJFWQJw"]}]}},"_links":{"self":[{"href":"https:\/\/naturaliapousada.com.br\/de\/wp-json\/wp\/v2\/pages\/12205","targetHints":{"allow":["GET"]}}],"collection":[{"href":"https:\/\/naturaliapousada.com.br\/de\/wp-json\/wp\/v2\/pages"}],"about":[{"href":"https:\/\/naturaliapousada.com.br\/de\/wp-json\/wp\/v2\/types\/page"}],"author":[{"embeddable":true,"href":"https:\/\/naturaliapousada.com.br\/de\/wp-json\/wp\/v2\/users\/1"}],"replies":[{"embeddable":true,"href":"https:\/\/naturaliapousada.com.br\/de\/wp-json\/wp\/v2\/comments?post=12205"}],"version-history":[{"count":0,"href":"https:\/\/naturaliapousada.com.br\/de\/wp-json\/wp\/v2\/pages\/12205\/revisions"}],"wp:featuredmedia":[{"embeddable":true,"href":"https:\/\/naturaliapousada.com.br\/de\/wp-json\/wp\/v2\/media\/8982"}],"wp:attachment":[{"href":"https:\/\/naturaliapousada.com.br\/de\/wp-json\/wp\/v2\/media?parent=12205"}],"curies":[{"name":"wp","href":"https:\/\/api.w.org\/{rel}","templated":true}]}}