{"id":12269,"date":"2024-07-16T05:23:00","date_gmt":"2024-07-16T05:23:00","guid":{"rendered":"https:\/\/naturaliapousada.com.br\/?page_id=12269"},"modified":"2024-07-16T05:26:46","modified_gmt":"2024-07-16T05:26:46","slug":"zimmer","status":"publish","type":"page","link":"https:\/\/naturaliapousada.com.br\/de\/zimmer\/","title":{"rendered":"Zimmer"},"content":{"rendered":"\t\t<div data-elementor-type=\"wp-page\" data-elementor-id=\"12269\" class=\"elementor elementor-12269 elementor-4719\" data-elementor-post-type=\"page\">\n\t\t\t\t\t\t<section class=\"elementor-section elementor-top-section elementor-element elementor-element-c265200 elementor-section-boxed elementor-section-height-default elementor-section-height-default elementor-invisible\" data-id=\"c265200\" data-element_type=\"section\" data-settings=\"{&quot;animation&quot;:&quot;zoomIn&quot;}\">\n\t\t\t\t\t\t<div class=\"elementor-container elementor-column-gap-default\">\n\t\t\t\t\t<div class=\"elementor-column elementor-col-100 elementor-top-column elementor-element elementor-element-881f182\" data-id=\"881f182\" data-element_type=\"column\">\n\t\t\t<div class=\"elementor-widget-wrap elementor-element-populated\">\n\t\t\t\t\t\t<div class=\"elementor-element elementor-element-78b1926 elementor-widget elementor-widget-babe-all-items\" data-id=\"78b1926\" data-element_type=\"widget\" data-widget_type=\"babe-all-items.default\">\n\t\t\t\t<div class=\"elementor-widget-container\">\n\t\t\t\t\t<div data-elementor-columns=\"1\" data-elementor-columns-tablet=\"2\" data-elementor-columns-mobile=\"1\">\n\t\t\t\t<div class=\"babe_shortcode_block sc_all_items \">\n\t\t\t\t\t<div class=\"babe_shortcode_block_bg_inner\">\n\t\t\t\t\t\t<div class=\"babe_shortcode_block_inner\">\n\t\t\t\t\t\t\t\n<div class=\"babe_items babe_items_4 column-item\">\n    <div class=\"babe_all_items_item_inner\">\n        <div class=\"item_img\">\n            <a class=\"item-thumb\" href=\"https:\/\/naturaliapousada.com.br\/de\/to_book\/doppelzimmer-meerblick\/\"><img decoding=\"async\" src=\"https:\/\/naturaliapousada.com.br\/wp-content\/uploads\/2024\/06\/acomodacoes-home-1-820x520.webp\" alt=\"Doppelzimmer - Meerblick\"><\/a>        <\/div>\n        <div class=\"item_text\">\n            <div class=\"item_head\">\n                <div class=\"item_title\">\n                    <a href=\"https:\/\/naturaliapousada.com.br\/de\/to_book\/doppelzimmer-meerblick\/\">Doppelzimmer - Meerblick<\/a>\n                <\/div>\n                <div class=\"item-meta\">\n                    <span class=\"item-acreage\">21,5 m2<\/span><span class=\"guests\">Max. 2 g\u00e4ste<\/span>                <\/div>\n            <\/div>\n            <div class=\"item_bottom\">\n                <div class=\"item_description\">\n                    Unsere Doppelzimmer verf\u00fcgen \u00fcber ein Queensize-Bett oder zwei gro\u00dfe Einzelbetten, ausgestattet mit hochwertigen Federkernmatratzen. Alle Unterk\u00fcnfte haben einen Balkon mit Meerblick, einer H\u00e4ngematte und einem rustikalen Tisch mit St\u00fchlen.\r\n\r\nDie Zimmer...                <\/div>\n                <div class=\"item_info_price\">\n                    <label>From<\/label>\n                    <span class=\"item_info_price_new\"><span class=\"currency_amount\" data-amount=\"950\"><span class=\"currency_symbol\">&#36;<\/span>950.00<\/span><\/span>\n                                        <span class=\"room_info_after_price\">\/night<\/span>\n                <\/div>\n                <a class=\"read-more-item\" href=\"https:\/\/naturaliapousada.com.br\/de\/to_book\/doppelzimmer-meerblick\/\"><span>Details anzeigen<\/span><\/a>\n            <\/div>\n        <\/div>\n    <\/div>\n<\/div>\n<div class=\"babe_items babe_items_4 column-item\">\n    <div class=\"babe_all_items_item_inner\">\n        <div class=\"item_img\">\n            <a class=\"item-thumb\" href=\"https:\/\/naturaliapousada.com.br\/de\/to_book\/dreibettzimmer-meerblick\/\"><img decoding=\"async\" src=\"https:\/\/naturaliapousada.com.br\/wp-content\/uploads\/2024\/06\/Acomodacoes_Suites_Triplas2-1-820x520.webp\" alt=\"Dreibettzimmer - Meerblick\"><\/a>        <\/div>\n        <div class=\"item_text\">\n            <div class=\"item_head\">\n                <div class=\"item_title\">\n                    <a href=\"https:\/\/naturaliapousada.com.br\/de\/to_book\/dreibettzimmer-meerblick\/\">Dreibettzimmer - Meerblick<\/a>\n                <\/div>\n                <div class=\"item-meta\">\n                    <span class=\"item-acreage\">23 m2<\/span><span class=\"guests\">Max. 3 g\u00e4ste<\/span>                <\/div>\n            <\/div>\n            <div class=\"item_bottom\">\n                <div class=\"item_description\">\n                    Unsere Dreibettzimmer haben ein Queensize-Bett plus ein Einzelbett oder drei Einzelbetten, ausgestattet mit hochwertigen Federkernmatratzen. Genau wie die Doppelzimmer haben auch sie alle einen Balkon mit Meerblick, einer H\u00e4ngematte und...                <\/div>\n                <div class=\"item_info_price\">\n                    <label>From<\/label>\n                    <span class=\"item_info_price_new\"><span class=\"currency_amount\" data-amount=\"980\"><span class=\"currency_symbol\">&#36;<\/span>980.00<\/span><\/span>\n                                        <span class=\"room_info_after_price\">\/night<\/span>\n                <\/div>\n                <a class=\"read-more-item\" href=\"https:\/\/naturaliapousada.com.br\/de\/to_book\/dreibettzimmer-meerblick\/\"><span>Details anzeigen<\/span><\/a>\n            <\/div>\n        <\/div>\n    <\/div>\n<\/div>\n<div class=\"babe_items babe_items_4 column-item\">\n    <div class=\"babe_all_items_item_inner\">\n        <div class=\"item_img\">\n            <a class=\"item-thumb\" href=\"https:\/\/naturaliapousada.com.br\/de\/to_book\/superior-dreibettzimmer-meerblick\/\"><img decoding=\"async\" src=\"https:\/\/naturaliapousada.com.br\/wp-content\/uploads\/2024\/06\/Acomodacoes_Suites_Triplas_Sup_Mar2-1-820x520.webp\" alt=\"Superior Dreibettzimmer - Meerblick\"><\/a>        <\/div>\n        <div class=\"item_text\">\n            <div class=\"item_head\">\n                <div class=\"item_title\">\n                    <a href=\"https:\/\/naturaliapousada.com.br\/de\/to_book\/superior-dreibettzimmer-meerblick\/\">Superior Dreibettzimmer - Meerblick<\/a>\n                <\/div>\n                <div class=\"item-meta\">\n                    <span class=\"item-acreage\">26 m2<\/span><span class=\"guests\">Max. 3 g\u00e4ste<\/span>                <\/div>\n            <\/div>\n            <div class=\"item_bottom\">\n                <div class=\"item_description\">\n                    Neuere und gr\u00f6\u00dfere Zimmer als die anderen in der Pousada, befinden sie sich im obersten Stockwerk und bieten einen privilegierten Blick auf das Meer vom Balkon. Zus\u00e4tzlich haben sie ein...                <\/div>\n                <div class=\"item_info_price\">\n                    <label>From<\/label>\n                    <span class=\"item_info_price_new\"><span class=\"currency_amount\" data-amount=\"985\"><span class=\"currency_symbol\">&#36;<\/span>985.00<\/span><\/span>\n                                        <span class=\"room_info_after_price\">\/night<\/span>\n                <\/div>\n                <a class=\"read-more-item\" href=\"https:\/\/naturaliapousada.com.br\/de\/to_book\/superior-dreibettzimmer-meerblick\/\"><span>Details anzeigen<\/span><\/a>\n            <\/div>\n        <\/div>\n    <\/div>\n<\/div>\n<div class=\"babe_items babe_items_4 column-item\">\n    <div class=\"babe_all_items_item_inner\">\n        <div class=\"item_img\">\n            <a class=\"item-thumb\" href=\"https:\/\/naturaliapousada.com.br\/de\/to_book\/superior-dreibettzimmer-regenwaldblick\/\"><img decoding=\"async\" src=\"https:\/\/naturaliapousada.com.br\/wp-content\/uploads\/2024\/06\/Acomodacoes_Suites_Triplas_Sup_Floresta1-1-1-820x520.webp\" alt=\"Superior Dreibettzimmer - Regenwaldblick\"><\/a>        <\/div>\n        <div class=\"item_text\">\n            <div class=\"item_head\">\n                <div class=\"item_title\">\n                    <a href=\"https:\/\/naturaliapousada.com.br\/de\/to_book\/superior-dreibettzimmer-regenwaldblick\/\">Superior Dreibettzimmer - Regenwaldblick<\/a>\n                <\/div>\n                <div class=\"item-meta\">\n                    <span class=\"item-acreage\">30 m2<\/span><span class=\"guests\">Max. 3 g\u00e4ste<\/span>                <\/div>\n            <\/div>\n            <div class=\"item_bottom\">\n                <div class=\"item_description\">\n                    Mit gr\u00f6\u00dferer Fl\u00e4che und Amplitude als die anderen Zimmer in der Pousada bieten sie einen exklusiven Blick auf den Regenwald, mit einem gro\u00dfen Balkon und direktem Kontakt zur Natur sowie...                <\/div>\n                <div class=\"item_info_price\">\n                    <label>From<\/label>\n                    <span class=\"item_info_price_new\"><span class=\"currency_amount\" data-amount=\"1000\"><span class=\"currency_symbol\">&#36;<\/span>1000.00<\/span><\/span>\n                                        <span class=\"room_info_after_price\">\/night<\/span>\n                <\/div>\n                <a class=\"read-more-item\" href=\"https:\/\/naturaliapousada.com.br\/de\/to_book\/superior-dreibettzimmer-regenwaldblick\/\"><span>Details anzeigen<\/span><\/a>\n            <\/div>\n        <\/div>\n    <\/div>\n<\/div>\n\t\t\t\t\t\t<\/div>\n\t\t\t\t\t<\/div>\n\t\t\t\t<\/div>\n\t\t\t<\/div>\t\t\t\t<\/div>\n\t\t\t\t<\/div>\n\t\t\t\t\t<\/div>\n\t\t<\/div>\n\t\t\t\t\t<\/div>\n\t\t<\/section>\n\t\t\t\t<\/div>\n\t\t","protected":false},"excerpt":{"rendered":"<p>Doppelzimmer &#8211; Meerblick 21,5 m2Max. 2 guests Unsere Doppelzimmer verf\u00fcgen \u00fcber ein Queensize-Bett oder zwei gro\u00dfe Einzelbetten, ausgestattet mit hochwertigen Federkernmatratzen. Alle Unterk\u00fcnfte haben einen Balkon mit Meerblick, einer H\u00e4ngematte und einem rustikalen Tisch mit St\u00fchlen. Die Zimmer&#8230; From &#36;950.00 \/night View detail Dreibettzimmer &#8211; Meerblick 23 m2Max. 3 guests Unsere Dreibettzimmer haben ein Queensize-Bett [&hellip;]<\/p>\n","protected":false},"author":1,"featured_media":8883,"parent":0,"menu_order":0,"comment_status":"closed","ping_status":"closed","template":"","meta":{"inline_featured_image":false,"cybocfi_hide_featured_image":"yes","footnotes":""},"class_list":["post-12269","page","type-page","status-publish","has-post-thumbnail","hentry"],"yoast_head":"<!-- This site is optimized with the Yoast SEO plugin v27.2 - https:\/\/yoast.com\/product\/yoast-seo-wordpress\/ -->\n<title>Zimmer | Pousada Naturalia<\/title>\n<meta name=\"robots\" content=\"index, follow, max-snippet:-1, max-image-preview:large, max-video-preview:-1\" \/>\n<link rel=\"canonical\" href=\"https:\/\/naturaliapousada.com.br\/de\/zimmer\/\" \/>\n<meta property=\"og:locale\" content=\"de_DE\" \/>\n<meta property=\"og:type\" content=\"article\" \/>\n<meta property=\"og:title\" content=\"Zimmer | Pousada Naturalia\" \/>\n<meta property=\"og:description\" content=\"Doppelzimmer &#8211; Meerblick 21,5 m2Max. 2 guests Unsere Doppelzimmer verf\u00fcgen \u00fcber ein Queensize-Bett oder zwei gro\u00dfe Einzelbetten, ausgestattet mit hochwertigen Federkernmatratzen. Alle Unterk\u00fcnfte haben einen Balkon mit Meerblick, einer H\u00e4ngematte und einem rustikalen Tisch mit St\u00fchlen. Die Zimmer&#8230; From &#036;950.00 \/night View detail Dreibettzimmer &#8211; Meerblick 23 m2Max. 3 guests Unsere Dreibettzimmer haben ein Queensize-Bett [&hellip;]\" \/>\n<meta property=\"og:url\" content=\"https:\/\/naturaliapousada.com.br\/de\/zimmer\/\" \/>\n<meta property=\"og:site_name\" content=\"Pousada Naturalia\" \/>\n<meta property=\"article:publisher\" content=\"https:\/\/www.facebook.com\/pousada.naturalia\" \/>\n<meta property=\"article:modified_time\" content=\"2024-07-16T05:26:46+00:00\" \/>\n<meta property=\"og:image\" content=\"https:\/\/naturaliapousada.com.br\/wp-content\/uploads\/2024\/06\/acomodacoes2.jpg\" \/>\n\t<meta property=\"og:image:width\" content=\"1450\" \/>\n\t<meta property=\"og:image:height\" content=\"551\" \/>\n\t<meta property=\"og:image:type\" content=\"image\/jpeg\" \/>\n<meta name=\"twitter:card\" content=\"summary_large_image\" \/>\n<meta name=\"twitter:label1\" content=\"Gesch\u00e4tzte Lesezeit\" \/>\n\t<meta name=\"twitter:data1\" content=\"2\u00a0Minuten\" \/>\n<script type=\"application\/ld+json\" class=\"yoast-schema-graph\">{\"@context\":\"https:\/\/schema.org\",\"@graph\":[{\"@type\":\"WebPage\",\"@id\":\"https:\/\/naturaliapousada.com.br\/de\/zimmer\/\",\"url\":\"https:\/\/naturaliapousada.com.br\/de\/zimmer\/\",\"name\":\"Zimmer | Pousada Naturalia\",\"isPartOf\":{\"@id\":\"https:\/\/naturaliapousada.com.br\/de\/#website\"},\"primaryImageOfPage\":{\"@id\":\"https:\/\/naturaliapousada.com.br\/de\/zimmer\/#primaryimage\"},\"image\":{\"@id\":\"https:\/\/naturaliapousada.com.br\/de\/zimmer\/#primaryimage\"},\"thumbnailUrl\":\"https:\/\/naturaliapousada.com.br\/wp-content\/uploads\/2024\/06\/acomodacoes2.jpg\",\"datePublished\":\"2024-07-16T05:23:00+00:00\",\"dateModified\":\"2024-07-16T05:26:46+00:00\",\"breadcrumb\":{\"@id\":\"https:\/\/naturaliapousada.com.br\/de\/zimmer\/#breadcrumb\"},\"inLanguage\":\"de\",\"potentialAction\":[{\"@type\":\"ReadAction\",\"target\":[\"https:\/\/naturaliapousada.com.br\/de\/zimmer\/\"]}]},{\"@type\":\"BreadcrumbList\",\"@id\":\"https:\/\/naturaliapousada.com.br\/de\/zimmer\/#breadcrumb\",\"itemListElement\":[{\"@type\":\"ListItem\",\"position\":1,\"name\":\"In\u00edcio\",\"item\":\"https:\/\/naturaliapousada.com.br\/de\/\"},{\"@type\":\"ListItem\",\"position\":2,\"name\":\"Zimmer\"}]},{\"@type\":\"WebSite\",\"@id\":\"https:\/\/naturaliapousada.com.br\/de\/#website\",\"url\":\"https:\/\/naturaliapousada.com.br\/de\/\",\"name\":\"Pousada Naturalia\",\"description\":\"\",\"publisher\":{\"@id\":\"https:\/\/naturaliapousada.com.br\/de\/#organization\"},\"potentialAction\":[{\"@type\":\"SearchAction\",\"target\":{\"@type\":\"EntryPoint\",\"urlTemplate\":\"https:\/\/naturaliapousada.com.br\/de\/?s={search_term_string}\"},\"query-input\":{\"@type\":\"PropertyValueSpecification\",\"valueRequired\":true,\"valueName\":\"search_term_string\"}}],\"inLanguage\":\"de\"},{\"@type\":\"Organization\",\"@id\":\"https:\/\/naturaliapousada.com.br\/de\/#organization\",\"name\":\"Pousada Naturalia\",\"url\":\"https:\/\/naturaliapousada.com.br\/de\/\",\"logo\":{\"@type\":\"ImageObject\",\"inLanguage\":\"de\",\"@id\":\"https:\/\/naturaliapousada.com.br\/de\/#\/schema\/logo\/image\/\",\"url\":\"https:\/\/naturaliapousada.com.br\/wp-content\/uploads\/2020\/07\/02-logotipo-naturalia-preferencial-cobre-pousada.png\",\"contentUrl\":\"https:\/\/naturaliapousada.com.br\/wp-content\/uploads\/2020\/07\/02-logotipo-naturalia-preferencial-cobre-pousada.png\",\"width\":3564,\"height\":2967,\"caption\":\"Pousada Naturalia\"},\"image\":{\"@id\":\"https:\/\/naturaliapousada.com.br\/de\/#\/schema\/logo\/image\/\"},\"sameAs\":[\"https:\/\/www.facebook.com\/pousada.naturalia\",\"https:\/\/www.instagram.com\/pousada_naturalia\/\",\"https:\/\/www.youtube.com\/channel\/UCXutd46fOVdjuTPSxJFWQJw\"]}]}<\/script>\n<!-- \/ Yoast SEO plugin. -->","yoast_head_json":{"title":"Zimmer | Pousada Naturalia","robots":{"index":"index","follow":"follow","max-snippet":"max-snippet:-1","max-image-preview":"max-image-preview:large","max-video-preview":"max-video-preview:-1"},"canonical":"https:\/\/naturaliapousada.com.br\/de\/zimmer\/","og_locale":"de_DE","og_type":"article","og_title":"Zimmer | Pousada Naturalia","og_description":"Doppelzimmer &#8211; Meerblick 21,5 m2Max. 2 guests Unsere Doppelzimmer verf\u00fcgen \u00fcber ein Queensize-Bett oder zwei gro\u00dfe Einzelbetten, ausgestattet mit hochwertigen Federkernmatratzen. Alle Unterk\u00fcnfte haben einen Balkon mit Meerblick, einer H\u00e4ngematte und einem rustikalen Tisch mit St\u00fchlen. Die Zimmer&#8230; From &#36;950.00 \/night View detail Dreibettzimmer &#8211; Meerblick 23 m2Max. 3 guests Unsere Dreibettzimmer haben ein Queensize-Bett [&hellip;]","og_url":"https:\/\/naturaliapousada.com.br\/de\/zimmer\/","og_site_name":"Pousada Naturalia","article_publisher":"https:\/\/www.facebook.com\/pousada.naturalia","article_modified_time":"2024-07-16T05:26:46+00:00","og_image":[{"width":1450,"height":551,"url":"https:\/\/naturaliapousada.com.br\/wp-content\/uploads\/2024\/06\/acomodacoes2.jpg","type":"image\/jpeg"}],"twitter_card":"summary_large_image","twitter_misc":{"Gesch\u00e4tzte Lesezeit":"2\u00a0Minuten"},"schema":{"@context":"https:\/\/schema.org","@graph":[{"@type":"WebPage","@id":"https:\/\/naturaliapousada.com.br\/de\/zimmer\/","url":"https:\/\/naturaliapousada.com.br\/de\/zimmer\/","name":"Zimmer | Pousada Naturalia","isPartOf":{"@id":"https:\/\/naturaliapousada.com.br\/de\/#website"},"primaryImageOfPage":{"@id":"https:\/\/naturaliapousada.com.br\/de\/zimmer\/#primaryimage"},"image":{"@id":"https:\/\/naturaliapousada.com.br\/de\/zimmer\/#primaryimage"},"thumbnailUrl":"https:\/\/naturaliapousada.com.br\/wp-content\/uploads\/2024\/06\/acomodacoes2.jpg","datePublished":"2024-07-16T05:23:00+00:00","dateModified":"2024-07-16T05:26:46+00:00","breadcrumb":{"@id":"https:\/\/naturaliapousada.com.br\/de\/zimmer\/#breadcrumb"},"inLanguage":"de","potentialAction":[{"@type":"ReadAction","target":["https:\/\/naturaliapousada.com.br\/de\/zimmer\/"]}]},{"@type":"BreadcrumbList","@id":"https:\/\/naturaliapousada.com.br\/de\/zimmer\/#breadcrumb","itemListElement":[{"@type":"ListItem","position":1,"name":"In\u00edcio","item":"https:\/\/naturaliapousada.com.br\/de\/"},{"@type":"ListItem","position":2,"name":"Zimmer"}]},{"@type":"WebSite","@id":"https:\/\/naturaliapousada.com.br\/de\/#website","url":"https:\/\/naturaliapousada.com.br\/de\/","name":"Pousada Naturalia","description":"","publisher":{"@id":"https:\/\/naturaliapousada.com.br\/de\/#organization"},"potentialAction":[{"@type":"SearchAction","target":{"@type":"EntryPoint","urlTemplate":"https:\/\/naturaliapousada.com.br\/de\/?s={search_term_string}"},"query-input":{"@type":"PropertyValueSpecification","valueRequired":true,"valueName":"search_term_string"}}],"inLanguage":"de"},{"@type":"Organization","@id":"https:\/\/naturaliapousada.com.br\/de\/#organization","name":"Pousada Naturalia","url":"https:\/\/naturaliapousada.com.br\/de\/","logo":{"@type":"ImageObject","inLanguage":"de","@id":"https:\/\/naturaliapousada.com.br\/de\/#\/schema\/logo\/image\/","url":"https:\/\/naturaliapousada.com.br\/wp-content\/uploads\/2020\/07\/02-logotipo-naturalia-preferencial-cobre-pousada.png","contentUrl":"https:\/\/naturaliapousada.com.br\/wp-content\/uploads\/2020\/07\/02-logotipo-naturalia-preferencial-cobre-pousada.png","width":3564,"height":2967,"caption":"Pousada Naturalia"},"image":{"@id":"https:\/\/naturaliapousada.com.br\/de\/#\/schema\/logo\/image\/"},"sameAs":["https:\/\/www.facebook.com\/pousada.naturalia","https:\/\/www.instagram.com\/pousada_naturalia\/","https:\/\/www.youtube.com\/channel\/UCXutd46fOVdjuTPSxJFWQJw"]}]}},"_links":{"self":[{"href":"https:\/\/naturaliapousada.com.br\/de\/wp-json\/wp\/v2\/pages\/12269","targetHints":{"allow":["GET"]}}],"collection":[{"href":"https:\/\/naturaliapousada.com.br\/de\/wp-json\/wp\/v2\/pages"}],"about":[{"href":"https:\/\/naturaliapousada.com.br\/de\/wp-json\/wp\/v2\/types\/page"}],"author":[{"embeddable":true,"href":"https:\/\/naturaliapousada.com.br\/de\/wp-json\/wp\/v2\/users\/1"}],"replies":[{"embeddable":true,"href":"https:\/\/naturaliapousada.com.br\/de\/wp-json\/wp\/v2\/comments?post=12269"}],"version-history":[{"count":0,"href":"https:\/\/naturaliapousada.com.br\/de\/wp-json\/wp\/v2\/pages\/12269\/revisions"}],"wp:featuredmedia":[{"embeddable":true,"href":"https:\/\/naturaliapousada.com.br\/de\/wp-json\/wp\/v2\/media\/8883"}],"wp:attachment":[{"href":"https:\/\/naturaliapousada.com.br\/de\/wp-json\/wp\/v2\/media?parent=12269"}],"curies":[{"name":"wp","href":"https:\/\/api.w.org\/{rel}","templated":true}]}}