{"id":11642,"date":"2024-07-08T16:37:27","date_gmt":"2024-07-08T16:37:27","guid":{"rendered":"https:\/\/naturaliapousada.com.br\/?page_id=11642"},"modified":"2025-08-24T15:08:34","modified_gmt":"2025-08-24T15:08:34","slug":"how-to-get-there","status":"publish","type":"page","link":"https:\/\/naturaliapousada.com.br\/en\/how-to-get-there\/","title":{"rendered":"How To Get There"},"content":{"rendered":"\t\t<div data-elementor-type=\"wp-page\" data-elementor-id=\"11642\" class=\"elementor elementor-11642 elementor-3115\" data-elementor-post-type=\"page\">\n\t\t\t\t<div class=\"elementor-element elementor-element-f222d7d e-flex e-con-boxed e-con e-parent\" data-id=\"f222d7d\" data-element_type=\"container\">\n\t\t\t\t\t<div class=\"e-con-inner\">\n\t\t\t\t<div class=\"elementor-element elementor-element-ff7a6fd elementor-invisible elementor-widget elementor-widget-heading\" data-id=\"ff7a6fd\" data-element_type=\"widget\" data-settings=\"{&quot;_animation&quot;:&quot;fadeIn&quot;}\" data-widget_type=\"heading.default\">\n\t\t\t\t<div class=\"elementor-widget-container\">\n\t\t\t<style>\/*! elementor - v3.21.0 - 26-05-2024 *\/\n.elementor-heading-title{padding:0;margin:0;line-height:1}.elementor-widget-heading .elementor-heading-title[class*=elementor-size-]>a{color:inherit;font-size:inherit;line-height:inherit}.elementor-widget-heading .elementor-heading-title.elementor-size-small{font-size:15px}.elementor-widget-heading .elementor-heading-title.elementor-size-medium{font-size:19px}.elementor-widget-heading .elementor-heading-title.elementor-size-large{font-size:29px}.elementor-widget-heading .elementor-heading-title.elementor-size-xl{font-size:39px}.elementor-widget-heading .elementor-heading-title.elementor-size-xxl{font-size:59px}<\/style><h2 class=\"elementor-heading-title elementor-size-default\">WHERE WE ARE<\/h2>\t\t<\/div>\n\t\t\t\t<\/div>\n\t\t<div class=\"elementor-element elementor-element-c0dbec8 e-grid e-con-full elementor-invisible e-con e-child\" data-id=\"c0dbec8\" data-element_type=\"container\" data-settings=\"{&quot;animation&quot;:&quot;fadeInRight&quot;}\">\n\t\t\t\t<div class=\"elementor-element elementor-element-c75a37f elementor-widget__width-initial elementor-widget elementor-widget-text-editor\" data-id=\"c75a37f\" data-element_type=\"widget\" data-widget_type=\"text-editor.default\">\n\t\t\t\t<div class=\"elementor-widget-container\">\n\t\t\t<style>\/*! elementor - v3.21.0 - 26-05-2024 *\/\n.elementor-widget-text-editor.elementor-drop-cap-view-stacked .elementor-drop-cap{background-color:#69727d;color:#fff}.elementor-widget-text-editor.elementor-drop-cap-view-framed .elementor-drop-cap{color:#69727d;border:3px solid;background-color:transparent}.elementor-widget-text-editor:not(.elementor-drop-cap-view-default) .elementor-drop-cap{margin-top:8px}.elementor-widget-text-editor:not(.elementor-drop-cap-view-default) .elementor-drop-cap-letter{width:1em;height:1em}.elementor-widget-text-editor .elementor-drop-cap{float:left;text-align:center;line-height:1;font-size:50px}.elementor-widget-text-editor .elementor-drop-cap-letter{display:inline-block}<\/style>\t\t\t\t<p><span style=\"font-weight: 400;\">Ilha Grande is part of the municipality of Angra dos Reis, in the state of Rio de Janeiro. It can be accessed by boat from four main points:<\/span><\/p><ol><li style=\"font-weight: 400;\" aria-level=\"1\"><span style=\"font-weight: 400;\">Santa Luzia Pier, in Angra dos Reis &#8211; 160 km from Rio de Janeiro;<\/span><\/li><li style=\"font-weight: 400;\" aria-level=\"1\"><span style=\"font-weight: 400;\">Lapa Pier, in Angra dos Reis &#8211; 160 km from Rio de Janeiro;<\/span><\/li><li style=\"font-weight: 400;\" aria-level=\"1\"><span style=\"font-weight: 400;\">Concei\u00e7\u00e3o de Jacare\u00ed Pier (in Mangaratiba) &#8211; 105 km from Rio de Janeiro;<\/span><\/li><li style=\"font-weight: 400;\" aria-level=\"1\"><span style=\"font-weight: 400;\">Mangaratiba Pier &#8211; 130 km from Rio de Janeiro.<\/span><\/li><\/ol>\t\t\t\t\t\t<\/div>\n\t\t\t\t<\/div>\n\t\t\t\t<div class=\"elementor-element elementor-element-59a9dbd elementor-widget__width-initial elementor-widget elementor-widget-image\" data-id=\"59a9dbd\" data-element_type=\"widget\" data-settings=\"{&quot;_animation&quot;:&quot;none&quot;}\" data-widget_type=\"image.default\">\n\t\t\t\t<div class=\"elementor-widget-container\">\n\t\t\t<style>\/*! elementor - v3.21.0 - 26-05-2024 *\/\n.elementor-widget-image{text-align:center}.elementor-widget-image a{display:inline-block}.elementor-widget-image a img[src$=\".svg\"]{width:48px}.elementor-widget-image img{vertical-align:middle;display:inline-block}<\/style>\t\t\t\t\t\t\t\t\t\t<img fetchpriority=\"high\" decoding=\"async\" width=\"1480\" height=\"1110\" src=\"https:\/\/naturaliapousada.com.br\/wp-content\/uploads\/2024\/07\/Como-chegar2.webp\" class=\"attachment-full size-full wp-image-10093\" alt=\"\" \/>\t\t\t\t\t\t\t\t\t\t\t\t\t<\/div>\n\t\t\t\t<\/div>\n\t\t\t\t<\/div>\n\t\t\t\t\t<\/div>\n\t\t\t\t<\/div>\n\t\t<div class=\"elementor-element elementor-element-b60eae3 e-flex e-con-boxed e-con e-parent\" data-id=\"b60eae3\" data-element_type=\"container\">\n\t\t\t\t\t<div class=\"e-con-inner\">\n\t\t\t\t<div class=\"elementor-element elementor-element-97b22f4 elementor-invisible elementor-widget elementor-widget-heading\" data-id=\"97b22f4\" data-element_type=\"widget\" data-settings=\"{&quot;_animation&quot;:&quot;fadeIn&quot;}\" data-widget_type=\"heading.default\">\n\t\t\t\t<div class=\"elementor-widget-container\">\n\t\t\t<h2 class=\"elementor-heading-title elementor-size-default\">HOW TO GET HERE\n<\/h2>\t\t<\/div>\n\t\t\t\t<\/div>\n\t\t\t\t<div class=\"elementor-element elementor-element-de5dcff elementor-widget__width-initial elementor-invisible elementor-widget elementor-widget-text-editor\" data-id=\"de5dcff\" data-element_type=\"widget\" data-settings=\"{&quot;_animation&quot;:&quot;fadeInLeft&quot;}\" data-widget_type=\"text-editor.default\">\n\t\t\t\t<div class=\"elementor-widget-container\">\n\t\t\t\t\t\t\t<p><span style=\"font-weight: 400;\">If you need help organizing your transfer to Ilha Grande, especially if arriving by air at one of Rio de Janeiro&#8217;s airports, please contact us at <span style=\"text-decoration: underline;\"><a href=\"mailto:reservas@naturaliapousada.com.br\">reservas@naturaliapousada.com.br<\/a><\/span>.<\/span><\/p>\t\t\t\t\t\t<\/div>\n\t\t\t\t<\/div>\n\t\t\t\t<div class=\"elementor-element elementor-element-f9f779f elementor-position-left elementor-widget__width-initial elementor-widget-mobile__width-initial elementor-vertical-align-top elementor-invisible elementor-widget elementor-widget-image-box\" data-id=\"f9f779f\" data-element_type=\"widget\" data-settings=\"{&quot;_animation&quot;:&quot;fadeInLeft&quot;}\" data-widget_type=\"image-box.default\">\n\t\t\t\t<div class=\"elementor-widget-container\">\n\t\t\t<style>.elementor-widget-image-box .elementor-image-box-content{width:100%}@media (min-width:768px){.elementor-widget-image-box.elementor-position-left .elementor-image-box-wrapper,.elementor-widget-image-box.elementor-position-right .elementor-image-box-wrapper{display:flex}.elementor-widget-image-box.elementor-position-right .elementor-image-box-wrapper{text-align:end;flex-direction:row-reverse}.elementor-widget-image-box.elementor-position-left .elementor-image-box-wrapper{text-align:start;flex-direction:row}.elementor-widget-image-box.elementor-position-top .elementor-image-box-img{margin:auto}.elementor-widget-image-box.elementor-vertical-align-top .elementor-image-box-wrapper{align-items:flex-start}.elementor-widget-image-box.elementor-vertical-align-middle .elementor-image-box-wrapper{align-items:center}.elementor-widget-image-box.elementor-vertical-align-bottom .elementor-image-box-wrapper{align-items:flex-end}}@media (max-width:767px){.elementor-widget-image-box .elementor-image-box-img{margin-left:auto!important;margin-right:auto!important;margin-bottom:15px}}.elementor-widget-image-box .elementor-image-box-img{display:inline-block}.elementor-widget-image-box .elementor-image-box-title a{color:inherit}.elementor-widget-image-box .elementor-image-box-wrapper{text-align:center}.elementor-widget-image-box .elementor-image-box-description{margin:0}<\/style><div class=\"elementor-image-box-wrapper\"><figure class=\"elementor-image-box-img\"><img decoding=\"async\" src=\"https:\/\/naturaliapousada.com.br\/wp-content\/uploads\/elementor\/thumbs\/Como-chegar3-rn3dh0j73wc3tforuabhg9p0e9e4u4e0nsxsjoosw0.webp\" title=\"Como chegar3\" alt=\"Como chegar3\" loading=\"lazy\" \/><\/figure><div class=\"elementor-image-box-content\"><h3 class=\"elementor-image-box-title\">CAR<\/h3><p class=\"elementor-image-box-description\">Those arriving by car will find parking options to leave their vehicle during their stay on the island at all three locations.\n<br>\n<h3 class=\"elementor-image-box-title\">BUS<\/h3>\n\nFrom Rio de Janeiro\nBy bus, the main company connecting Rio de Janeiro to Angra dos Reis (stopping by Concei\u00e7\u00e3o de Jacare\u00ed, Mangaratiba, and also Paraty) is Costa Verde (www.costaverdetransportes.com.br). In Rio de Janeiro, the bus station is called Novo Rio (www.rodoviariadorio.com.br).\n<br><br>\nFrom S\u00e3o Paulo\nDeparting from S\u00e3o Paulo, the main bus company that connects to Angra dos Reis is Reunidas Paulista (www.reunidaspaulista.com.br).\n<\/p><\/div><\/div>\t\t<\/div>\n\t\t\t\t<\/div>\n\t\t\t\t\t<\/div>\n\t\t\t\t<\/div>\n\t\t<div class=\"elementor-element elementor-element-47acdfd e-flex e-con-boxed e-con e-parent\" data-id=\"47acdfd\" data-element_type=\"container\">\n\t\t\t\t\t<div class=\"e-con-inner\">\n\t\t\t\t<div class=\"elementor-element elementor-element-1dd46ff elementor-invisible elementor-widget elementor-widget-heading\" data-id=\"1dd46ff\" data-element_type=\"widget\" data-settings=\"{&quot;_animation&quot;:&quot;fadeIn&quot;}\" data-widget_type=\"heading.default\">\n\t\t\t\t<div class=\"elementor-widget-container\">\n\t\t\t<h2 class=\"elementor-heading-title elementor-size-default\">CROSSING<\/h2>\t\t<\/div>\n\t\t\t\t<\/div>\n\t\t\t\t<div class=\"elementor-element elementor-element-84ce91a elementor-position-right elementor-widget__width-initial elementor-widget-mobile__width-initial elementor-widget-laptop__width-initial elementor-vertical-align-top elementor-invisible elementor-widget elementor-widget-image-box\" data-id=\"84ce91a\" data-element_type=\"widget\" data-settings=\"{&quot;_animation&quot;:&quot;fadeInRight&quot;}\" data-widget_type=\"image-box.default\">\n\t\t\t\t<div class=\"elementor-widget-container\">\n\t\t\t<div class=\"elementor-image-box-wrapper\"><figure class=\"elementor-image-box-img\"><img decoding=\"async\" src=\"https:\/\/naturaliapousada.com.br\/wp-content\/uploads\/elementor\/thumbs\/Como-chegar4-rn3dh0j7vyugid420mmd5pi7ww7m6oszw60qi6ndss.webp\" title=\"Como chegar4\" alt=\"Como chegar4\" loading=\"lazy\" \/><\/figure><div class=\"elementor-image-box-content\"><p class=\"elementor-image-box-description\">Check out the ways to cross to Vila do Abra\u00e3o, on Ilha Grande, from each of the access points: <br><br>\n\n1. Santa Luzia Pier, in Angra dos Reis\u00a0<br><br>\n\nCrossing is done by fast boats of the \u201cflex\u201d type operated by the companies Objetiva Tour, Doce Angra Turismo, and Angra Flex Turismo. There are regular departures at intervals of up to two hours, usually from 08:00 to 18:00. Always check the schedules for the day of your crossing, as there might be changes. The journey takes about 45 minutes.<br><br>\n\n2. Lapa Pier, in Angra dos Reis<br><br>\n\nCrossing is done by the ferry operated by CCR Barcas, usually departing at 15:30 on weekdays and at 13:30 on weekends and holidays. The usual return time, departing from Abra\u00e3o Pier, is at 10:00. The journey takes about an hour and a half.<br><br>\n\n3. Concei\u00e7\u00e3o de Jacare\u00ed Pier<br><br>\n\nCrossing is done by fast boats of the \u201cflex\u201d type operated by the companies Objetiva Tour and Vila Nova Tour. There are regular departures at intervals of up to two hours, usually from 08:00 to 18:00. Always check the schedules for the day of your crossing, as there might be changes. The journey takes about 20 minutes.\u00a0<br><br>\n\n4. Mangaratiba Pier\n\nCrossing is done by the ferry operated by CCR Barcas, usually departing at 08:00 every day. The usual return time, departing from Abra\u00e3o Pier, is at 17:30. The journey takes about an hour and a half.\n<\/p><\/div><\/div>\t\t<\/div>\n\t\t\t\t<\/div>\n\t\t\t\t\t<\/div>\n\t\t\t\t<\/div>\n\t\t<div class=\"elementor-element elementor-element-8d65ac7 e-flex e-con-boxed e-con e-parent\" data-id=\"8d65ac7\" data-element_type=\"container\" data-settings=\"{&quot;animation&quot;:&quot;none&quot;}\">\n\t\t\t\t\t<div class=\"e-con-inner\">\n\t\t\t\t<div class=\"elementor-element elementor-element-0f1a0c6 elementor-widget elementor-widget-heading\" data-id=\"0f1a0c6\" data-element_type=\"widget\" data-settings=\"{&quot;_animation&quot;:&quot;none&quot;}\" data-widget_type=\"heading.default\">\n\t\t\t\t<div class=\"elementor-widget-container\">\n\t\t\t<h2 class=\"elementor-heading-title elementor-size-default\">ARRIVING ON THE ISLAND<\/h2>\t\t<\/div>\n\t\t\t\t<\/div>\n\t\t\t\t<div class=\"elementor-element elementor-element-6f05b50 elementor-position-left elementor-widget__width-initial elementor-widget-mobile__width-initial elementor-widget-laptop__width-initial elementor-vertical-align-top elementor-invisible elementor-widget elementor-widget-image-box\" data-id=\"6f05b50\" data-element_type=\"widget\" data-settings=\"{&quot;_animation&quot;:&quot;fadeInLeft&quot;}\" data-widget_type=\"image-box.default\">\n\t\t\t\t<div class=\"elementor-widget-container\">\n\t\t\t<div class=\"elementor-image-box-wrapper\"><figure class=\"elementor-image-box-img\"><img decoding=\"async\" src=\"https:\/\/naturaliapousada.com.br\/wp-content\/uploads\/elementor\/thumbs\/Como-chegar5-rn3dh0j73wcg3e3cfxiykj70mkgnlnkq7w8hrglsbc.webp\" title=\"Como chegar5\" alt=\"Como chegar5\" loading=\"lazy\" \/><\/figure><div class=\"elementor-image-box-content\"><p class=\"elementor-image-box-description\">Our inn is located at Praia do Canto, about a fifteen-minute walk from the Tourist Pier of Vila do Abra\u00e3o - the main arrival port in Vila do Abra\u00e3o. It is approximately 1 km, passing through flat dirt streets, a stretch of beach (about 100 meters of soft sand), and, at the end, about 100 meters on a rustic cobblestone alley, with a relatively steep uphill section.\n<br><br>We strongly recommend hiring the service of a licensed porter for transporting your luggage. The porters have carts for carrying luggage and are usually available at the pier. Besides the convenience, the porter will guide you correctly to our inn through the best route. The average cost for transporting two medium\/large suitcases is between 40 BRL and 50 BRL.\n<\/p><\/div><\/div>\t\t<\/div>\n\t\t\t\t<\/div>\n\t\t\t\t\t<\/div>\n\t\t\t\t<\/div>\n\t\t<div class=\"elementor-element elementor-element-9a4bf35 e-flex e-con-boxed e-con e-parent\" data-id=\"9a4bf35\" data-element_type=\"container\">\n\t\t\t\t\t<div class=\"e-con-inner\">\n\t\t\t\t<div class=\"elementor-element elementor-element-57bf587 image-style-seasona-yes elementor-widget elementor-widget-image\" data-id=\"57bf587\" data-element_type=\"widget\" data-widget_type=\"image.default\">\n\t\t\t\t<div class=\"elementor-widget-container\">\n\t\t\t\t\t\t\t\t\t\t\t\t\t\t<a href=\"https:\/\/naturaliapousada.com.br\/wp-content\/uploads\/2025\/08\/Mapa_caminho.jpg\" data-elementor-open-lightbox=\"yes\" data-elementor-lightbox-title=\"Mapa_caminho\" data-e-action-hash=\"#elementor-action%3Aaction%3Dlightbox%26settings%3DeyJpZCI6NDAxNjQsInVybCI6Imh0dHBzOlwvXC9uYXR1cmFsaWFwb3VzYWRhLmNvbS5iclwvd3AtY29udGVudFwvdXBsb2Fkc1wvMjAyNVwvMDhcL01hcGFfY2FtaW5oby5qcGcifQ%3D%3D\">\n\t\t\t\t\t\t\t<img decoding=\"async\" width=\"1221\" height=\"900\" src=\"https:\/\/naturaliapousada.com.br\/wp-content\/uploads\/2025\/08\/Mapa_caminho.jpg\" class=\"attachment-full size-full wp-image-40164\" alt=\"\" srcset=\"https:\/\/naturaliapousada.com.br\/wp-content\/uploads\/2025\/08\/Mapa_caminho.jpg 1221w, https:\/\/naturaliapousada.com.br\/wp-content\/uploads\/2025\/08\/Mapa_caminho-300x221.jpg 300w, https:\/\/naturaliapousada.com.br\/wp-content\/uploads\/2025\/08\/Mapa_caminho-1024x755.jpg 1024w, https:\/\/naturaliapousada.com.br\/wp-content\/uploads\/2025\/08\/Mapa_caminho-768x566.jpg 768w\" sizes=\"(max-width: 1221px) 100vw, 1221px\" \/>\t\t\t\t\t\t\t\t<\/a>\n\t\t\t\t\t\t\t\t\t\t\t\t\t<\/div>\n\t\t\t\t<\/div>\n\t\t\t\t\t<\/div>\n\t\t\t\t<\/div>\n\t\t\t\t<\/div>\n\t\t","protected":false},"excerpt":{"rendered":"<p>WHERE WE ARE Ilha Grande is part of the municipality of Angra dos Reis, in the state of Rio de Janeiro. It can be accessed by boat from four main points: Santa Luzia Pier, in Angra dos Reis &#8211; 160 km from Rio de Janeiro; Lapa Pier, in Angra dos Reis &#8211; 160 km from [&hellip;]<\/p>\n","protected":false},"author":1,"featured_media":10088,"parent":0,"menu_order":0,"comment_status":"closed","ping_status":"closed","template":"","meta":{"inline_featured_image":false,"cybocfi_hide_featured_image":"yes","footnotes":""},"class_list":["post-11642","page","type-page","status-publish","has-post-thumbnail","hentry"],"yoast_head":"<!-- This site is optimized with the Yoast SEO plugin v22.8 - https:\/\/yoast.com\/wordpress\/plugins\/seo\/ -->\n<title>How To Get There | Pousada Naturalia<\/title>\n<meta name=\"robots\" content=\"index, follow, max-snippet:-1, max-image-preview:large, max-video-preview:-1\" \/>\n<link rel=\"canonical\" href=\"https:\/\/naturaliapousada.com.br\/en\/how-to-get-there\/\" \/>\n<meta property=\"og:locale\" content=\"en_US\" \/>\n<meta property=\"og:type\" content=\"article\" \/>\n<meta property=\"og:title\" content=\"How To Get There | Pousada Naturalia\" \/>\n<meta property=\"og:description\" content=\"WHERE WE ARE Ilha Grande is part of the municipality of Angra dos Reis, in the state of Rio de Janeiro. It can be accessed by boat from four main points: Santa Luzia Pier, in Angra dos Reis &#8211; 160 km from Rio de Janeiro; Lapa Pier, in Angra dos Reis &#8211; 160 km from [&hellip;]\" \/>\n<meta property=\"og:url\" content=\"https:\/\/naturaliapousada.com.br\/en\/how-to-get-there\/\" \/>\n<meta property=\"og:site_name\" content=\"Pousada Naturalia\" \/>\n<meta property=\"article:publisher\" content=\"https:\/\/www.facebook.com\/pousada.naturalia\" \/>\n<meta property=\"article:modified_time\" content=\"2025-08-24T15:08:34+00:00\" \/>\n<meta property=\"og:image\" content=\"https:\/\/naturaliapousada.com.br\/wp-content\/uploads\/2024\/07\/como-chegar1.webp\" \/>\n\t<meta property=\"og:image:width\" content=\"1536\" \/>\n\t<meta property=\"og:image:height\" content=\"543\" \/>\n\t<meta property=\"og:image:type\" content=\"image\/jpeg\" \/>\n<meta name=\"twitter:card\" content=\"summary_large_image\" \/>\n<meta name=\"twitter:label1\" content=\"Est. reading time\" \/>\n\t<meta name=\"twitter:data1\" content=\"4 minutes\" \/>\n<script type=\"application\/ld+json\" class=\"yoast-schema-graph\">{\"@context\":\"https:\/\/schema.org\",\"@graph\":[{\"@type\":\"WebPage\",\"@id\":\"https:\/\/naturaliapousada.com.br\/en\/how-to-get-there\/\",\"url\":\"https:\/\/naturaliapousada.com.br\/en\/how-to-get-there\/\",\"name\":\"How To Get There | Pousada Naturalia\",\"isPartOf\":{\"@id\":\"https:\/\/naturaliapousada.com.br\/en\/#website\"},\"primaryImageOfPage\":{\"@id\":\"https:\/\/naturaliapousada.com.br\/en\/how-to-get-there\/#primaryimage\"},\"image\":{\"@id\":\"https:\/\/naturaliapousada.com.br\/en\/how-to-get-there\/#primaryimage\"},\"thumbnailUrl\":\"https:\/\/naturaliapousada.com.br\/wp-content\/uploads\/2024\/07\/como-chegar1.webp\",\"datePublished\":\"2024-07-08T16:37:27+00:00\",\"dateModified\":\"2025-08-24T15:08:34+00:00\",\"breadcrumb\":{\"@id\":\"https:\/\/naturaliapousada.com.br\/en\/how-to-get-there\/#breadcrumb\"},\"inLanguage\":\"en-US\",\"potentialAction\":[{\"@type\":\"ReadAction\",\"target\":[\"https:\/\/naturaliapousada.com.br\/en\/how-to-get-there\/\"]}]},{\"@type\":\"BreadcrumbList\",\"@id\":\"https:\/\/naturaliapousada.com.br\/en\/how-to-get-there\/#breadcrumb\",\"itemListElement\":[{\"@type\":\"ListItem\",\"position\":1,\"name\":\"In\u00edcio\",\"item\":\"https:\/\/naturaliapousada.com.br\/en\/\"},{\"@type\":\"ListItem\",\"position\":2,\"name\":\"How To Get There\"}]},{\"@type\":\"WebSite\",\"@id\":\"https:\/\/naturaliapousada.com.br\/en\/#website\",\"url\":\"https:\/\/naturaliapousada.com.br\/en\/\",\"name\":\"Pousada Naturalia\",\"description\":\"\",\"publisher\":{\"@id\":\"https:\/\/naturaliapousada.com.br\/en\/#organization\"},\"potentialAction\":[{\"@type\":\"SearchAction\",\"target\":{\"@type\":\"EntryPoint\",\"urlTemplate\":\"https:\/\/naturaliapousada.com.br\/en\/?s={search_term_string}\"},\"query-input\":\"required name=search_term_string\"}],\"inLanguage\":\"en-US\"},{\"@type\":\"Organization\",\"@id\":\"https:\/\/naturaliapousada.com.br\/en\/#organization\",\"name\":\"Pousada Naturalia\",\"url\":\"https:\/\/naturaliapousada.com.br\/en\/\",\"logo\":{\"@type\":\"ImageObject\",\"inLanguage\":\"en-US\",\"@id\":\"https:\/\/naturaliapousada.com.br\/en\/#\/schema\/logo\/image\/\",\"url\":\"https:\/\/naturaliapousada.com.br\/wp-content\/uploads\/2020\/07\/02-logotipo-naturalia-preferencial-cobre-pousada.png\",\"contentUrl\":\"https:\/\/naturaliapousada.com.br\/wp-content\/uploads\/2020\/07\/02-logotipo-naturalia-preferencial-cobre-pousada.png\",\"width\":3564,\"height\":2967,\"caption\":\"Pousada Naturalia\"},\"image\":{\"@id\":\"https:\/\/naturaliapousada.com.br\/en\/#\/schema\/logo\/image\/\"},\"sameAs\":[\"https:\/\/www.facebook.com\/pousada.naturalia\",\"https:\/\/www.instagram.com\/pousada_naturalia\/\",\"https:\/\/www.youtube.com\/channel\/UCXutd46fOVdjuTPSxJFWQJw\"]}]}<\/script>\n<!-- \/ Yoast SEO plugin. -->","yoast_head_json":{"title":"How To Get There | Pousada Naturalia","robots":{"index":"index","follow":"follow","max-snippet":"max-snippet:-1","max-image-preview":"max-image-preview:large","max-video-preview":"max-video-preview:-1"},"canonical":"https:\/\/naturaliapousada.com.br\/en\/how-to-get-there\/","og_locale":"en_US","og_type":"article","og_title":"How To Get There | Pousada Naturalia","og_description":"WHERE WE ARE Ilha Grande is part of the municipality of Angra dos Reis, in the state of Rio de Janeiro. It can be accessed by boat from four main points: Santa Luzia Pier, in Angra dos Reis &#8211; 160 km from Rio de Janeiro; Lapa Pier, in Angra dos Reis &#8211; 160 km from [&hellip;]","og_url":"https:\/\/naturaliapousada.com.br\/en\/how-to-get-there\/","og_site_name":"Pousada Naturalia","article_publisher":"https:\/\/www.facebook.com\/pousada.naturalia","article_modified_time":"2025-08-24T15:08:34+00:00","og_image":[{"width":1536,"height":543,"url":"https:\/\/naturaliapousada.com.br\/wp-content\/uploads\/2024\/07\/como-chegar1.webp","type":"image\/jpeg"}],"twitter_card":"summary_large_image","twitter_misc":{"Est. reading time":"4 minutes"},"schema":{"@context":"https:\/\/schema.org","@graph":[{"@type":"WebPage","@id":"https:\/\/naturaliapousada.com.br\/en\/how-to-get-there\/","url":"https:\/\/naturaliapousada.com.br\/en\/how-to-get-there\/","name":"How To Get There | Pousada Naturalia","isPartOf":{"@id":"https:\/\/naturaliapousada.com.br\/en\/#website"},"primaryImageOfPage":{"@id":"https:\/\/naturaliapousada.com.br\/en\/how-to-get-there\/#primaryimage"},"image":{"@id":"https:\/\/naturaliapousada.com.br\/en\/how-to-get-there\/#primaryimage"},"thumbnailUrl":"https:\/\/naturaliapousada.com.br\/wp-content\/uploads\/2024\/07\/como-chegar1.webp","datePublished":"2024-07-08T16:37:27+00:00","dateModified":"2025-08-24T15:08:34+00:00","breadcrumb":{"@id":"https:\/\/naturaliapousada.com.br\/en\/how-to-get-there\/#breadcrumb"},"inLanguage":"en-US","potentialAction":[{"@type":"ReadAction","target":["https:\/\/naturaliapousada.com.br\/en\/how-to-get-there\/"]}]},{"@type":"BreadcrumbList","@id":"https:\/\/naturaliapousada.com.br\/en\/how-to-get-there\/#breadcrumb","itemListElement":[{"@type":"ListItem","position":1,"name":"In\u00edcio","item":"https:\/\/naturaliapousada.com.br\/en\/"},{"@type":"ListItem","position":2,"name":"How To Get There"}]},{"@type":"WebSite","@id":"https:\/\/naturaliapousada.com.br\/en\/#website","url":"https:\/\/naturaliapousada.com.br\/en\/","name":"Pousada Naturalia","description":"","publisher":{"@id":"https:\/\/naturaliapousada.com.br\/en\/#organization"},"potentialAction":[{"@type":"SearchAction","target":{"@type":"EntryPoint","urlTemplate":"https:\/\/naturaliapousada.com.br\/en\/?s={search_term_string}"},"query-input":"required name=search_term_string"}],"inLanguage":"en-US"},{"@type":"Organization","@id":"https:\/\/naturaliapousada.com.br\/en\/#organization","name":"Pousada Naturalia","url":"https:\/\/naturaliapousada.com.br\/en\/","logo":{"@type":"ImageObject","inLanguage":"en-US","@id":"https:\/\/naturaliapousada.com.br\/en\/#\/schema\/logo\/image\/","url":"https:\/\/naturaliapousada.com.br\/wp-content\/uploads\/2020\/07\/02-logotipo-naturalia-preferencial-cobre-pousada.png","contentUrl":"https:\/\/naturaliapousada.com.br\/wp-content\/uploads\/2020\/07\/02-logotipo-naturalia-preferencial-cobre-pousada.png","width":3564,"height":2967,"caption":"Pousada Naturalia"},"image":{"@id":"https:\/\/naturaliapousada.com.br\/en\/#\/schema\/logo\/image\/"},"sameAs":["https:\/\/www.facebook.com\/pousada.naturalia","https:\/\/www.instagram.com\/pousada_naturalia\/","https:\/\/www.youtube.com\/channel\/UCXutd46fOVdjuTPSxJFWQJw"]}]}},"_links":{"self":[{"href":"https:\/\/naturaliapousada.com.br\/en\/wp-json\/wp\/v2\/pages\/11642","targetHints":{"allow":["GET"]}}],"collection":[{"href":"https:\/\/naturaliapousada.com.br\/en\/wp-json\/wp\/v2\/pages"}],"about":[{"href":"https:\/\/naturaliapousada.com.br\/en\/wp-json\/wp\/v2\/types\/page"}],"author":[{"embeddable":true,"href":"https:\/\/naturaliapousada.com.br\/en\/wp-json\/wp\/v2\/users\/1"}],"replies":[{"embeddable":true,"href":"https:\/\/naturaliapousada.com.br\/en\/wp-json\/wp\/v2\/comments?post=11642"}],"version-history":[{"count":0,"href":"https:\/\/naturaliapousada.com.br\/en\/wp-json\/wp\/v2\/pages\/11642\/revisions"}],"wp:featuredmedia":[{"embeddable":true,"href":"https:\/\/naturaliapousada.com.br\/en\/wp-json\/wp\/v2\/media\/10088"}],"wp:attachment":[{"href":"https:\/\/naturaliapousada.com.br\/en\/wp-json\/wp\/v2\/media?parent=11642"}],"curies":[{"name":"wp","href":"https:\/\/api.w.org\/{rel}","templated":true}]}}