{"id":11724,"date":"2024-07-08T20:41:57","date_gmt":"2024-07-08T20:41:57","guid":{"rendered":"https:\/\/naturaliapousada.com.br\/?page_id=11724"},"modified":"2024-07-09T21:35:31","modified_gmt":"2024-07-09T21:35:31","slug":"accommodations","status":"publish","type":"page","link":"https:\/\/naturaliapousada.com.br\/en\/accommodations\/","title":{"rendered":"Accommodations"},"content":{"rendered":"\t\t<div data-elementor-type=\"wp-page\" data-elementor-id=\"11724\" class=\"elementor elementor-11724 elementor-4719\" data-elementor-post-type=\"page\">\n\t\t\t\t\t\t<section class=\"elementor-section elementor-top-section elementor-element elementor-element-c265200 elementor-section-boxed elementor-section-height-default elementor-section-height-default elementor-invisible\" data-id=\"c265200\" data-element_type=\"section\" data-settings=\"{&quot;animation&quot;:&quot;zoomIn&quot;}\">\n\t\t\t\t\t\t<div class=\"elementor-container elementor-column-gap-default\">\n\t\t\t\t\t<div class=\"elementor-column elementor-col-100 elementor-top-column elementor-element elementor-element-881f182\" data-id=\"881f182\" data-element_type=\"column\">\n\t\t\t<div class=\"elementor-widget-wrap elementor-element-populated\">\n\t\t\t\t\t\t<div class=\"elementor-element elementor-element-f564424 elementor-widget elementor-widget-babe-all-items\" data-id=\"f564424\" data-element_type=\"widget\" data-widget_type=\"babe-all-items.default\">\n\t\t\t\t<div class=\"elementor-widget-container\">\n\t\t\t\t\t<div data-elementor-columns=\"1\" data-elementor-columns-tablet=\"2\" data-elementor-columns-mobile=\"1\">\n\t\t\t\t<div class=\"babe_shortcode_block sc_all_items \">\n\t\t\t\t\t<div class=\"babe_shortcode_block_bg_inner\">\n\t\t\t\t\t\t<div class=\"babe_shortcode_block_inner\">\n\t\t\t\t\t\t\t\n<div class=\"babe_items babe_items_4 column-item\">\n    <div class=\"babe_all_items_item_inner\">\n        <div class=\"item_img\">\n            <a class=\"item-thumb\" href=\"https:\/\/naturaliapousada.com.br\/en\/to_book\/double-suites-with-sea-view\/\"><img decoding=\"async\" src=\"https:\/\/naturaliapousada.com.br\/wp-content\/uploads\/2024\/06\/acomodacoes-home-1-820x520.webp\" alt=\"Double Suites - Sea View\"><\/a>        <\/div>\n        <div class=\"item_text\">\n            <div class=\"item_head\">\n                <div class=\"item_title\">\n                    <a href=\"https:\/\/naturaliapousada.com.br\/en\/to_book\/double-suites-with-sea-view\/\">Double Suites - Sea View<\/a>\n                <\/div>\n                <div class=\"item-meta\">\n                    <span class=\"item-acreage\">21,5 m2<\/span><span class=\"guests\">Max. 2 guests<\/span>                <\/div>\n            <\/div>\n            <div class=\"item_bottom\">\n                <div class=\"item_description\">\n                    Our double suites have a queen size bed or two large single beds, equipped with high quality spring mattresses. All accommodations have a balcony with sea view and a hammock,...                <\/div>\n                <div class=\"item_info_price\">\n                    <label>From<\/label>\n                    <span class=\"item_info_price_new\"><span class=\"currency_amount\" data-amount=\"950\"><span class=\"currency_symbol\">&#36;<\/span>950.00<\/span><\/span>\n                                        <span class=\"room_info_after_price\">\/night<\/span>\n                <\/div>\n                <a class=\"read-more-item\" href=\"https:\/\/naturaliapousada.com.br\/en\/to_book\/double-suites-with-sea-view\/\"><span>View detail<\/span><\/a>\n            <\/div>\n        <\/div>\n    <\/div>\n<\/div>\n<div class=\"babe_items babe_items_4 column-item\">\n    <div class=\"babe_all_items_item_inner\">\n        <div class=\"item_img\">\n            <a class=\"item-thumb\" href=\"https:\/\/naturaliapousada.com.br\/en\/to_book\/triples-suites-sea-view\/\"><img decoding=\"async\" src=\"https:\/\/naturaliapousada.com.br\/wp-content\/uploads\/2024\/06\/Acomodacoes_Suites_Triplas2-1-820x520.webp\" alt=\"Triple Suites - Sea View\"><\/a>        <\/div>\n        <div class=\"item_text\">\n            <div class=\"item_head\">\n                <div class=\"item_title\">\n                    <a href=\"https:\/\/naturaliapousada.com.br\/en\/to_book\/triples-suites-sea-view\/\">Triple Suites - Sea View<\/a>\n                <\/div>\n                <div class=\"item-meta\">\n                    <span class=\"item-acreage\">23 m2<\/span><span class=\"guests\">Max. 3 guests<\/span>                <\/div>\n            <\/div>\n            <div class=\"item_bottom\">\n                <div class=\"item_description\">\n                    Our triple suites have a queen size bed plus a single bed, or three single beds, equipped with high quality spring mattresses. Just like the double suites, they all have...                <\/div>\n                <div class=\"item_info_price\">\n                    <label>From<\/label>\n                    <span class=\"item_info_price_new\"><span class=\"currency_amount\" data-amount=\"990\"><span class=\"currency_symbol\">&#36;<\/span>990.00<\/span><\/span>\n                                        <span class=\"room_info_after_price\">\/night<\/span>\n                <\/div>\n                <a class=\"read-more-item\" href=\"https:\/\/naturaliapousada.com.br\/en\/to_book\/triples-suites-sea-view\/\"><span>View detail<\/span><\/a>\n            <\/div>\n        <\/div>\n    <\/div>\n<\/div>\n<div class=\"babe_items babe_items_4 column-item\">\n    <div class=\"babe_all_items_item_inner\">\n        <div class=\"item_img\">\n            <a class=\"item-thumb\" href=\"https:\/\/naturaliapousada.com.br\/en\/to_book\/superior-triple-suites-sea-view\/\"><img decoding=\"async\" src=\"https:\/\/naturaliapousada.com.br\/wp-content\/uploads\/2024\/06\/Acomodacoes_Suites_Triplas_Sup_Mar2-1-820x520.webp\" alt=\"Superior Triple Suites - Sea View\"><\/a>        <\/div>\n        <div class=\"item_text\">\n            <div class=\"item_head\">\n                <div class=\"item_title\">\n                    <a href=\"https:\/\/naturaliapousada.com.br\/en\/to_book\/superior-triple-suites-sea-view\/\">Superior Triple Suites - Sea View<\/a>\n                <\/div>\n                <div class=\"item-meta\">\n                    <span class=\"item-acreage\">26 m2<\/span><span class=\"guests\">Max. 3 guests<\/span>                <\/div>\n            <\/div>\n            <div class=\"item_bottom\">\n                <div class=\"item_description\">\n                    More recently built and larger in area than the other suites in the pousada, they are located on the top floor, offering a privileged view of the sea from the...                <\/div>\n                <div class=\"item_info_price\">\n                    <label>From<\/label>\n                    <span class=\"item_info_price_new\"><span class=\"currency_amount\" data-amount=\"995\"><span class=\"currency_symbol\">&#36;<\/span>995.00<\/span><\/span>\n                                        <span class=\"room_info_after_price\">\/night<\/span>\n                <\/div>\n                <a class=\"read-more-item\" href=\"https:\/\/naturaliapousada.com.br\/en\/to_book\/superior-triple-suites-sea-view\/\"><span>View detail<\/span><\/a>\n            <\/div>\n        <\/div>\n    <\/div>\n<\/div>\n<div class=\"babe_items babe_items_4 column-item\">\n    <div class=\"babe_all_items_item_inner\">\n        <div class=\"item_img\">\n            <a class=\"item-thumb\" href=\"https:\/\/naturaliapousada.com.br\/en\/to_book\/superior-triple-suites-forest-view\/\"><img decoding=\"async\" src=\"https:\/\/naturaliapousada.com.br\/wp-content\/uploads\/2024\/06\/Acomodacoes_Suites_Triplas_Sup_Floresta1-1-1-820x520.webp\" alt=\"Superior Triple Suites - Forest View\"><\/a>        <\/div>\n        <div class=\"item_text\">\n            <div class=\"item_head\">\n                <div class=\"item_title\">\n                    <a href=\"https:\/\/naturaliapousada.com.br\/en\/to_book\/superior-triple-suites-forest-view\/\">Superior Triple Suites - Forest View<\/a>\n                <\/div>\n                <div class=\"item-meta\">\n                    <span class=\"item-acreage\">30 m2<\/span><span class=\"guests\">Max. 3 guests<\/span>                <\/div>\n            <\/div>\n            <div class=\"item_bottom\">\n                <div class=\"item_description\">\n                    With a larger area and amplitude than the other suites at the pousada, they have an exclusive view of the forest, with a large balcony and great contact with nature,...                <\/div>\n                <div class=\"item_info_price\">\n                    <label>From<\/label>\n                    <span class=\"item_info_price_new\"><span class=\"currency_amount\" data-amount=\"1300\"><span class=\"currency_symbol\">&#36;<\/span>1300.00<\/span><\/span>\n                                        <span class=\"room_info_after_price\">\/night<\/span>\n                <\/div>\n                <a class=\"read-more-item\" href=\"https:\/\/naturaliapousada.com.br\/en\/to_book\/superior-triple-suites-forest-view\/\"><span>View detail<\/span><\/a>\n            <\/div>\n        <\/div>\n    <\/div>\n<\/div>\n\t\t\t\t\t\t<\/div>\n\t\t\t\t\t<\/div>\n\t\t\t\t<\/div>\n\t\t\t<\/div>\t\t\t\t<\/div>\n\t\t\t\t<\/div>\n\t\t\t\t\t<\/div>\n\t\t<\/div>\n\t\t\t\t\t<\/div>\n\t\t<\/section>\n\t\t\t\t<\/div>\n\t\t","protected":false},"excerpt":{"rendered":"<p>Su\u00edtes Duplas Com Vista Para O Mar 21,5 m2Max. 2 h\u00f3spedes Nossas su\u00edtes duplas possuem uma cama Queen Size ou duas camas grandes de solteiro, equipadas com colch\u00f5es de mola de \u00f3tima qualidade. Todas t\u00eam vista para o mar, contando com&#8230; From &#82;&#36;900.00 \/night Ver detalhes Suites Triplas Com Vista Para O Mar 23 m2Max. [&hellip;]<\/p>\n","protected":false},"author":1,"featured_media":8881,"parent":0,"menu_order":0,"comment_status":"closed","ping_status":"closed","template":"","meta":{"inline_featured_image":false,"cybocfi_hide_featured_image":"yes","footnotes":""},"class_list":["post-11724","page","type-page","status-publish","has-post-thumbnail","hentry"],"yoast_head":"<!-- This site is optimized with the Yoast SEO plugin v27.2 - https:\/\/yoast.com\/product\/yoast-seo-wordpress\/ -->\n<title>Accommodations | Pousada Naturalia<\/title>\n<meta name=\"robots\" content=\"index, follow, max-snippet:-1, max-image-preview:large, max-video-preview:-1\" \/>\n<link rel=\"canonical\" href=\"https:\/\/naturaliapousada.com.br\/en\/accommodations\/\" \/>\n<meta property=\"og:locale\" content=\"en_US\" \/>\n<meta property=\"og:type\" content=\"article\" \/>\n<meta property=\"og:title\" content=\"Accommodations | Pousada Naturalia\" \/>\n<meta property=\"og:description\" content=\"Su\u00edtes Duplas Com Vista Para O Mar 21,5 m2Max. 2 h\u00f3spedes Nossas su\u00edtes duplas possuem uma cama Queen Size ou duas camas grandes de solteiro, equipadas com colch\u00f5es de mola de \u00f3tima qualidade. Todas t\u00eam vista para o mar, contando com&#8230; From &#082;&#036;900.00 \/night Ver detalhes Suites Triplas Com Vista Para O Mar 23 m2Max. [&hellip;]\" \/>\n<meta property=\"og:url\" content=\"https:\/\/naturaliapousada.com.br\/en\/accommodations\/\" \/>\n<meta property=\"og:site_name\" content=\"Pousada Naturalia\" \/>\n<meta property=\"article:publisher\" content=\"https:\/\/www.facebook.com\/pousada.naturalia\" \/>\n<meta property=\"article:modified_time\" content=\"2024-07-09T21:35:31+00:00\" \/>\n<meta property=\"og:image\" content=\"https:\/\/naturaliapousada.com.br\/wp-content\/uploads\/2024\/06\/acomodacoes2.jpg\" \/>\n\t<meta property=\"og:image:width\" content=\"1450\" \/>\n\t<meta property=\"og:image:height\" content=\"551\" \/>\n\t<meta property=\"og:image:type\" content=\"image\/jpeg\" \/>\n<meta name=\"twitter:card\" content=\"summary_large_image\" \/>\n<meta name=\"twitter:label1\" content=\"Est. reading time\" \/>\n\t<meta name=\"twitter:data1\" content=\"2 minutes\" \/>\n<script type=\"application\/ld+json\" class=\"yoast-schema-graph\">{\"@context\":\"https:\/\/schema.org\",\"@graph\":[{\"@type\":\"WebPage\",\"@id\":\"https:\/\/naturaliapousada.com.br\/en\/accommodations\/\",\"url\":\"https:\/\/naturaliapousada.com.br\/en\/accommodations\/\",\"name\":\"Accommodations | Pousada Naturalia\",\"isPartOf\":{\"@id\":\"https:\/\/naturaliapousada.com.br\/en\/#website\"},\"primaryImageOfPage\":{\"@id\":\"https:\/\/naturaliapousada.com.br\/en\/accommodations\/#primaryimage\"},\"image\":{\"@id\":\"https:\/\/naturaliapousada.com.br\/en\/accommodations\/#primaryimage\"},\"thumbnailUrl\":\"https:\/\/naturaliapousada.com.br\/wp-content\/uploads\/2024\/06\/acomodacoes2.jpg\",\"datePublished\":\"2024-07-08T20:41:57+00:00\",\"dateModified\":\"2024-07-09T21:35:31+00:00\",\"breadcrumb\":{\"@id\":\"https:\/\/naturaliapousada.com.br\/en\/accommodations\/#breadcrumb\"},\"inLanguage\":\"en-US\",\"potentialAction\":[{\"@type\":\"ReadAction\",\"target\":[\"https:\/\/naturaliapousada.com.br\/en\/accommodations\/\"]}]},{\"@type\":\"BreadcrumbList\",\"@id\":\"https:\/\/naturaliapousada.com.br\/en\/accommodations\/#breadcrumb\",\"itemListElement\":[{\"@type\":\"ListItem\",\"position\":1,\"name\":\"In\u00edcio\",\"item\":\"https:\/\/naturaliapousada.com.br\/en\/\"},{\"@type\":\"ListItem\",\"position\":2,\"name\":\"Accommodations\"}]},{\"@type\":\"WebSite\",\"@id\":\"https:\/\/naturaliapousada.com.br\/en\/#website\",\"url\":\"https:\/\/naturaliapousada.com.br\/en\/\",\"name\":\"Pousada Naturalia\",\"description\":\"\",\"publisher\":{\"@id\":\"https:\/\/naturaliapousada.com.br\/en\/#organization\"},\"potentialAction\":[{\"@type\":\"SearchAction\",\"target\":{\"@type\":\"EntryPoint\",\"urlTemplate\":\"https:\/\/naturaliapousada.com.br\/en\/?s={search_term_string}\"},\"query-input\":{\"@type\":\"PropertyValueSpecification\",\"valueRequired\":true,\"valueName\":\"search_term_string\"}}],\"inLanguage\":\"en-US\"},{\"@type\":\"Organization\",\"@id\":\"https:\/\/naturaliapousada.com.br\/en\/#organization\",\"name\":\"Pousada Naturalia\",\"url\":\"https:\/\/naturaliapousada.com.br\/en\/\",\"logo\":{\"@type\":\"ImageObject\",\"inLanguage\":\"en-US\",\"@id\":\"https:\/\/naturaliapousada.com.br\/en\/#\/schema\/logo\/image\/\",\"url\":\"https:\/\/naturaliapousada.com.br\/wp-content\/uploads\/2020\/07\/02-logotipo-naturalia-preferencial-cobre-pousada.png\",\"contentUrl\":\"https:\/\/naturaliapousada.com.br\/wp-content\/uploads\/2020\/07\/02-logotipo-naturalia-preferencial-cobre-pousada.png\",\"width\":3564,\"height\":2967,\"caption\":\"Pousada Naturalia\"},\"image\":{\"@id\":\"https:\/\/naturaliapousada.com.br\/en\/#\/schema\/logo\/image\/\"},\"sameAs\":[\"https:\/\/www.facebook.com\/pousada.naturalia\",\"https:\/\/www.instagram.com\/pousada_naturalia\/\",\"https:\/\/www.youtube.com\/channel\/UCXutd46fOVdjuTPSxJFWQJw\"]}]}<\/script>\n<!-- \/ Yoast SEO plugin. -->","yoast_head_json":{"title":"Accommodations | Pousada Naturalia","robots":{"index":"index","follow":"follow","max-snippet":"max-snippet:-1","max-image-preview":"max-image-preview:large","max-video-preview":"max-video-preview:-1"},"canonical":"https:\/\/naturaliapousada.com.br\/en\/accommodations\/","og_locale":"en_US","og_type":"article","og_title":"Accommodations | Pousada Naturalia","og_description":"Su\u00edtes Duplas Com Vista Para O Mar 21,5 m2Max. 2 h\u00f3spedes Nossas su\u00edtes duplas possuem uma cama Queen Size ou duas camas grandes de solteiro, equipadas com colch\u00f5es de mola de \u00f3tima qualidade. Todas t\u00eam vista para o mar, contando com&#8230; From &#82;&#36;900.00 \/night Ver detalhes Suites Triplas Com Vista Para O Mar 23 m2Max. [&hellip;]","og_url":"https:\/\/naturaliapousada.com.br\/en\/accommodations\/","og_site_name":"Pousada Naturalia","article_publisher":"https:\/\/www.facebook.com\/pousada.naturalia","article_modified_time":"2024-07-09T21:35:31+00:00","og_image":[{"width":1450,"height":551,"url":"https:\/\/naturaliapousada.com.br\/wp-content\/uploads\/2024\/06\/acomodacoes2.jpg","type":"image\/jpeg"}],"twitter_card":"summary_large_image","twitter_misc":{"Est. reading time":"2 minutes"},"schema":{"@context":"https:\/\/schema.org","@graph":[{"@type":"WebPage","@id":"https:\/\/naturaliapousada.com.br\/en\/accommodations\/","url":"https:\/\/naturaliapousada.com.br\/en\/accommodations\/","name":"Accommodations | Pousada Naturalia","isPartOf":{"@id":"https:\/\/naturaliapousada.com.br\/en\/#website"},"primaryImageOfPage":{"@id":"https:\/\/naturaliapousada.com.br\/en\/accommodations\/#primaryimage"},"image":{"@id":"https:\/\/naturaliapousada.com.br\/en\/accommodations\/#primaryimage"},"thumbnailUrl":"https:\/\/naturaliapousada.com.br\/wp-content\/uploads\/2024\/06\/acomodacoes2.jpg","datePublished":"2024-07-08T20:41:57+00:00","dateModified":"2024-07-09T21:35:31+00:00","breadcrumb":{"@id":"https:\/\/naturaliapousada.com.br\/en\/accommodations\/#breadcrumb"},"inLanguage":"en-US","potentialAction":[{"@type":"ReadAction","target":["https:\/\/naturaliapousada.com.br\/en\/accommodations\/"]}]},{"@type":"BreadcrumbList","@id":"https:\/\/naturaliapousada.com.br\/en\/accommodations\/#breadcrumb","itemListElement":[{"@type":"ListItem","position":1,"name":"In\u00edcio","item":"https:\/\/naturaliapousada.com.br\/en\/"},{"@type":"ListItem","position":2,"name":"Accommodations"}]},{"@type":"WebSite","@id":"https:\/\/naturaliapousada.com.br\/en\/#website","url":"https:\/\/naturaliapousada.com.br\/en\/","name":"Pousada Naturalia","description":"","publisher":{"@id":"https:\/\/naturaliapousada.com.br\/en\/#organization"},"potentialAction":[{"@type":"SearchAction","target":{"@type":"EntryPoint","urlTemplate":"https:\/\/naturaliapousada.com.br\/en\/?s={search_term_string}"},"query-input":{"@type":"PropertyValueSpecification","valueRequired":true,"valueName":"search_term_string"}}],"inLanguage":"en-US"},{"@type":"Organization","@id":"https:\/\/naturaliapousada.com.br\/en\/#organization","name":"Pousada Naturalia","url":"https:\/\/naturaliapousada.com.br\/en\/","logo":{"@type":"ImageObject","inLanguage":"en-US","@id":"https:\/\/naturaliapousada.com.br\/en\/#\/schema\/logo\/image\/","url":"https:\/\/naturaliapousada.com.br\/wp-content\/uploads\/2020\/07\/02-logotipo-naturalia-preferencial-cobre-pousada.png","contentUrl":"https:\/\/naturaliapousada.com.br\/wp-content\/uploads\/2020\/07\/02-logotipo-naturalia-preferencial-cobre-pousada.png","width":3564,"height":2967,"caption":"Pousada Naturalia"},"image":{"@id":"https:\/\/naturaliapousada.com.br\/en\/#\/schema\/logo\/image\/"},"sameAs":["https:\/\/www.facebook.com\/pousada.naturalia","https:\/\/www.instagram.com\/pousada_naturalia\/","https:\/\/www.youtube.com\/channel\/UCXutd46fOVdjuTPSxJFWQJw"]}]}},"_links":{"self":[{"href":"https:\/\/naturaliapousada.com.br\/en\/wp-json\/wp\/v2\/pages\/11724","targetHints":{"allow":["GET"]}}],"collection":[{"href":"https:\/\/naturaliapousada.com.br\/en\/wp-json\/wp\/v2\/pages"}],"about":[{"href":"https:\/\/naturaliapousada.com.br\/en\/wp-json\/wp\/v2\/types\/page"}],"author":[{"embeddable":true,"href":"https:\/\/naturaliapousada.com.br\/en\/wp-json\/wp\/v2\/users\/1"}],"replies":[{"embeddable":true,"href":"https:\/\/naturaliapousada.com.br\/en\/wp-json\/wp\/v2\/comments?post=11724"}],"version-history":[{"count":0,"href":"https:\/\/naturaliapousada.com.br\/en\/wp-json\/wp\/v2\/pages\/11724\/revisions"}],"wp:featuredmedia":[{"embeddable":true,"href":"https:\/\/naturaliapousada.com.br\/en\/wp-json\/wp\/v2\/media\/8881"}],"wp:attachment":[{"href":"https:\/\/naturaliapousada.com.br\/en\/wp-json\/wp\/v2\/media?parent=11724"}],"curies":[{"name":"wp","href":"https:\/\/api.w.org\/{rel}","templated":true}]}}