{"id":12391,"date":"2024-07-17T06:01:12","date_gmt":"2024-07-17T06:01:12","guid":{"rendered":"https:\/\/naturaliapousada.com.br\/?page_id=12391"},"modified":"2025-08-24T15:12:52","modified_gmt":"2025-08-24T15:12:52","slug":"como-llegar","status":"publish","type":"page","link":"https:\/\/naturaliapousada.com.br\/es\/como-llegar\/","title":{"rendered":"C\u00f3mo llegar"},"content":{"rendered":"\t\t<div data-elementor-type=\"wp-page\" data-elementor-id=\"12391\" class=\"elementor elementor-12391 elementor-3115\" data-elementor-post-type=\"page\">\n\t\t\t\t<div class=\"elementor-element elementor-element-f222d7d e-flex e-con-boxed e-con e-parent\" data-id=\"f222d7d\" data-element_type=\"container\">\n\t\t\t\t\t<div class=\"e-con-inner\">\n\t\t\t\t<div class=\"elementor-element elementor-element-ff7a6fd elementor-invisible elementor-widget elementor-widget-heading\" data-id=\"ff7a6fd\" data-element_type=\"widget\" data-settings=\"{&quot;_animation&quot;:&quot;fadeIn&quot;}\" data-widget_type=\"heading.default\">\n\t\t\t\t<div class=\"elementor-widget-container\">\n\t\t\t\t\t<h2 class=\"elementor-heading-title elementor-size-default\">D\u00d3NDE ESTAMOS<\/h2>\t\t\t\t<\/div>\n\t\t\t\t<\/div>\n\t\t<div class=\"elementor-element elementor-element-c0dbec8 e-grid e-con-full elementor-invisible e-con e-child\" data-id=\"c0dbec8\" data-element_type=\"container\" data-settings=\"{&quot;animation&quot;:&quot;fadeInRight&quot;}\">\n\t\t\t\t<div class=\"elementor-element elementor-element-c75a37f elementor-widget__width-initial elementor-widget elementor-widget-text-editor\" data-id=\"c75a37f\" data-element_type=\"widget\" data-widget_type=\"text-editor.default\">\n\t\t\t\t<div class=\"elementor-widget-container\">\n\t\t\t\t\t\t\t\t\t<p><span style=\"font-weight: 400;\">Ilha Grande forma parte del municipio de Angra dos Reis, en el estado de R\u00edo de Janeiro, y se puede acceder en barco desde cuatro opciones principales:<\/span><\/p><p><span style=\"font-weight: 400;\"><span style=\"font-weight: 400;\">1. Muelle Santa Luzia, en Angra dos Reis &#8211; 160 km de R\u00edo de Janeiro;<\/span><\/span><\/p><p><span style=\"font-weight: 400;\"><span style=\"font-weight: 400;\">2. Muelle de Lapa, en Angra dos Reis &#8211; 160 km de R\u00edo de Janeiro;<\/span><\/span><\/p><p><span style=\"font-weight: 400;\"><span style=\"font-weight: 400;\">3. Muelle de Concei\u00e7\u00e3o de Jacare\u00ed (en Mangaratiba) &#8211; 105 km de R\u00edo de Janeiro;<\/span><\/span><\/p><p><span style=\"font-weight: 400;\">4. Muelle de Mangaratiba &#8211; 130 km de R\u00edo de Janeiro.<\/span><\/p>\t\t\t\t\t\t\t\t<\/div>\n\t\t\t\t<\/div>\n\t\t\t\t<div class=\"elementor-element elementor-element-59a9dbd elementor-widget__width-initial elementor-widget elementor-widget-image\" data-id=\"59a9dbd\" data-element_type=\"widget\" data-settings=\"{&quot;_animation&quot;:&quot;none&quot;}\" data-widget_type=\"image.default\">\n\t\t\t\t<div class=\"elementor-widget-container\">\n\t\t\t\t\t\t\t\t\t\t\t\t\t\t\t<img fetchpriority=\"high\" decoding=\"async\" width=\"1480\" height=\"1110\" src=\"https:\/\/naturaliapousada.com.br\/wp-content\/uploads\/2024\/07\/Como-chegar2.webp\" class=\"attachment-full size-full wp-image-11517\" alt=\"\" \/>\t\t\t\t\t\t\t\t\t\t\t\t\t\t\t<\/div>\n\t\t\t\t<\/div>\n\t\t\t\t<\/div>\n\t\t\t\t\t<\/div>\n\t\t\t\t<\/div>\n\t\t<div class=\"elementor-element elementor-element-b60eae3 e-flex e-con-boxed e-con e-parent\" data-id=\"b60eae3\" data-element_type=\"container\">\n\t\t\t\t\t<div class=\"e-con-inner\">\n\t\t\t\t<div class=\"elementor-element elementor-element-97b22f4 elementor-invisible elementor-widget elementor-widget-heading\" data-id=\"97b22f4\" data-element_type=\"widget\" data-settings=\"{&quot;_animation&quot;:&quot;fadeIn&quot;}\" data-widget_type=\"heading.default\">\n\t\t\t\t<div class=\"elementor-widget-container\">\n\t\t\t\t\t<h2 class=\"elementor-heading-title elementor-size-default\">C\u00d3MO LLEGAR\n<\/h2>\t\t\t\t<\/div>\n\t\t\t\t<\/div>\n\t\t\t\t<div class=\"elementor-element elementor-element-de5dcff elementor-widget__width-initial elementor-invisible elementor-widget elementor-widget-text-editor\" data-id=\"de5dcff\" data-element_type=\"widget\" data-settings=\"{&quot;_animation&quot;:&quot;fadeInLeft&quot;}\" data-widget_type=\"text-editor.default\">\n\t\t\t\t<div class=\"elementor-widget-container\">\n\t\t\t\t\t\t\t\t\t<p><span style=\"font-weight: 400;\">Si necesitas ayuda para organizar tu traslado a Ilha Grande, especialmente si llegas por v\u00eda a\u00e9rea a uno de los aeropuertos de R\u00edo de Janeiro, ponte en contacto con nosotros a trav\u00e9s del correo electr\u00f3nico: <span style=\"text-decoration: underline;\"><a href=\"mailto:reservas@naturaliapousada.com.br\">reservas@naturaliapousada.com.br<\/a><\/span>.\u00a0<\/span><\/p>\t\t\t\t\t\t\t\t<\/div>\n\t\t\t\t<\/div>\n\t\t\t\t<div class=\"elementor-element elementor-element-f9f779f elementor-position-left elementor-widget__width-initial elementor-widget-mobile__width-initial elementor-vertical-align-top elementor-invisible elementor-widget elementor-widget-image-box\" data-id=\"f9f779f\" data-element_type=\"widget\" data-settings=\"{&quot;_animation&quot;:&quot;fadeInLeft&quot;}\" data-widget_type=\"image-box.default\">\n\t\t\t\t<div class=\"elementor-widget-container\">\n\t\t\t\t\t<div class=\"elementor-image-box-wrapper\"><figure class=\"elementor-image-box-img\"><img decoding=\"async\" src=\"https:\/\/naturaliapousada.com.br\/wp-content\/uploads\/elementor\/thumbs\/Como-chegar3-r2foo4pf8g7fclapuwnc0m1eetumfdaelcfoj5ireo.webp\" title=\"Como chegar3\" alt=\"Como chegar3\" loading=\"lazy\" \/><\/figure><div class=\"elementor-image-box-content\"><h3 class=\"elementor-image-box-title\">AUTOM\u00d3VIL<\/h3><p class=\"elementor-image-box-description\">Quienes lleguen en autom\u00f3vil encontrar\u00e1n opciones de estacionamiento para dejar su veh\u00edculo durante su estancia en la isla en los tres lugares.\n<br>\n<h3 class=\"elementor-image-box-title\">AUTOB\u00daS<\/h3>\n\nDesde R\u00edo de Janeiro\nEn autob\u00fas, la principal empresa que realiza el trayecto entre R\u00edo de Janeiro y Angra dos Reis (por Concei\u00e7\u00e3o de Jacare\u00ed, Mangaratiba y tambi\u00e9n Paraty) es Costa Verde (www.costaverdetransportes.com.br). En R\u00edo de Janeiro, la estaci\u00f3n de autobuses se llama Novo Rio (www.rodoviariadorio.com.br).\n<br><br>\nDesde S\u00e3o Paulo\nPartiendo de S\u00e3o Paulo, la empresa que realiza el trayecto hasta Angra dos Reis es Reunidas Paulista (www.reunidaspaulista.com.br).\n<\/p><\/div><\/div>\t\t\t\t<\/div>\n\t\t\t\t<\/div>\n\t\t\t\t\t<\/div>\n\t\t\t\t<\/div>\n\t\t<div class=\"elementor-element elementor-element-47acdfd e-flex e-con-boxed e-con e-parent\" data-id=\"47acdfd\" data-element_type=\"container\">\n\t\t\t\t\t<div class=\"e-con-inner\">\n\t\t\t\t<div class=\"elementor-element elementor-element-1dd46ff elementor-invisible elementor-widget elementor-widget-heading\" data-id=\"1dd46ff\" data-element_type=\"widget\" data-settings=\"{&quot;_animation&quot;:&quot;fadeIn&quot;}\" data-widget_type=\"heading.default\">\n\t\t\t\t<div class=\"elementor-widget-container\">\n\t\t\t\t\t<h2 class=\"elementor-heading-title elementor-size-default\">TRAVES\u00cdA\n<\/h2>\t\t\t\t<\/div>\n\t\t\t\t<\/div>\n\t\t\t\t<div class=\"elementor-element elementor-element-84ce91a elementor-position-right elementor-widget__width-initial elementor-widget-mobile__width-initial elementor-widget-laptop__width-initial elementor-vertical-align-top elementor-invisible elementor-widget elementor-widget-image-box\" data-id=\"84ce91a\" data-element_type=\"widget\" data-settings=\"{&quot;_animation&quot;:&quot;fadeInRight&quot;}\" data-widget_type=\"image-box.default\">\n\t\t\t\t<div class=\"elementor-widget-container\">\n\t\t\t\t\t<div class=\"elementor-image-box-wrapper\"><figure class=\"elementor-image-box-img\"><img decoding=\"async\" src=\"https:\/\/naturaliapousada.com.br\/wp-content\/uploads\/elementor\/thumbs\/Como-chegar4-r2foo4pg0ips1iq018y7q1ulxgo3rxpdtpimhnhcbg.webp\" title=\"Como chegar4\" alt=\"Como chegar4\" loading=\"lazy\" \/><\/figure><div class=\"elementor-image-box-content\"><p class=\"elementor-image-box-description\">Consulta las maneras de cruzar hacia Vila do Abra\u00e3o, en Ilha Grande, desde cada uno de los puntos de acceso:\n<br><br>\n1. Muelle Santa Luzia, en Angra dos Reis\n<br><br>\nLa traves\u00eda se realiza en lanchas r\u00e1pidas del tipo \"flex\" operadas por las empresas Objetiva Tour, Doce Angra Turismo y Angra Flex Turismo. Hay salidas regulares, en intervalos de hasta dos horas, normalmente desde las 08:00 hasta las 18:00. Siempre consulta los horarios del d\u00eda de tu traves\u00eda, puede haber cambios. La duraci\u00f3n del trayecto es de unos 45 minutos.\n<br><br>\n2. Muelle de Lapa, en Angra dos Reis\n<br><br>\nLa traves\u00eda se realiza en el ferry operado por CCR Barcas, normalmente con salidas a las 15:30 en d\u00edas h\u00e1biles y a las 13:30 los fines de semana y festivos. El horario usual de regreso, saliendo del Muelle de Abra\u00e3o, es a las 10:00. La duraci\u00f3n del trayecto es de aproximadamente una hora y media.\n<br><br>\n3. Muelle de Concei\u00e7\u00e3o de Jacare\u00ed\n<br><br>\nLa traves\u00eda se realiza en lanchas r\u00e1pidas del tipo \"flex\" operadas por las empresas Objetiva Tour y Vila Nova Tour. Hay salidas regulares, en intervalos de hasta dos horas, normalmente desde las 08:00 hasta las 18:00. Siempre consulta los horarios del d\u00eda de tu traves\u00eda, puede haber cambios. La duraci\u00f3n del trayecto es de unos 20 minutos.\n<br><br>\n4. Muelle de Mangaratiba\n<br><br>\nLa traves\u00eda se realiza en el ferry operado por CCR Barcas, normalmente con salidas a las 08:00 todos los d\u00edas. El horario usual de regreso, saliendo del Muelle de Abra\u00e3o, es a las 17:30. La duraci\u00f3n del trayecto es de aproximadamente una hora y media.\n<\/p><\/div><\/div>\t\t\t\t<\/div>\n\t\t\t\t<\/div>\n\t\t\t\t\t<\/div>\n\t\t\t\t<\/div>\n\t\t<div class=\"elementor-element elementor-element-8d65ac7 e-flex e-con-boxed e-con e-parent\" data-id=\"8d65ac7\" data-element_type=\"container\" data-settings=\"{&quot;animation&quot;:&quot;none&quot;}\">\n\t\t\t\t\t<div class=\"e-con-inner\">\n\t\t\t\t<div class=\"elementor-element elementor-element-0f1a0c6 elementor-widget elementor-widget-heading\" data-id=\"0f1a0c6\" data-element_type=\"widget\" data-settings=\"{&quot;_animation&quot;:&quot;none&quot;}\" data-widget_type=\"heading.default\">\n\t\t\t\t<div class=\"elementor-widget-container\">\n\t\t\t\t\t<h2 class=\"elementor-heading-title elementor-size-default\">LLEGANDO A LA ISLA\n<\/h2>\t\t\t\t<\/div>\n\t\t\t\t<\/div>\n\t\t\t\t<div class=\"elementor-element elementor-element-6f05b50 elementor-position-left elementor-widget__width-initial elementor-widget-mobile__width-initial elementor-widget-laptop__width-initial elementor-vertical-align-top elementor-invisible elementor-widget elementor-widget-image-box\" data-id=\"6f05b50\" data-element_type=\"widget\" data-settings=\"{&quot;_animation&quot;:&quot;fadeInLeft&quot;}\" data-widget_type=\"image-box.default\">\n\t\t\t\t<div class=\"elementor-widget-container\">\n\t\t\t\t\t<div class=\"elementor-image-box-wrapper\"><figure class=\"elementor-image-box-img\"><img decoding=\"async\" src=\"https:\/\/naturaliapousada.com.br\/wp-content\/uploads\/elementor\/thumbs\/Como-chegar5-r2foo3rl1m6haxqnm1g6kdry1r1rz7ddtb2w9nh508.webp\" title=\"Como chegar5\" alt=\"Como chegar5\" loading=\"lazy\" \/><\/figure><div class=\"elementor-image-box-content\"><p class=\"elementor-image-box-description\">Nuestra posada est\u00e1 en la llamada Praia do Canto, a unos quince minutos a pie desde el Muelle Tur\u00edstico de Vila do Abra\u00e3o - principal puerto de llegada a Vila do Abra\u00e3o. Son aproximadamente 1 km pasando por calles llanas de tierra, un tramo de playa (unos 100 metros de arena suave) y, al final, unos 100 metros en un callej\u00f3n con pavimento r\u00fastico, siendo el tramo final una subida relativamente empinada. <br><br>\nRecomendamos contratar el servicio de un carretero legalizado para el transporte de tu equipaje. Los carreteros tienen carritos para el transporte de equipajes y suelen estar en el muelle esperando la llegada de los turistas. Adem\u00e1s de la comodidad, el carretero te guiar\u00e1 correctamente hasta nuestra posada por el mejor trayecto. El costo promedio para el transporte de dos maletas medianas\/grandes es entre R$ 40 y R$ 50.\n<\/p><\/div><\/div>\t\t\t\t<\/div>\n\t\t\t\t<\/div>\n\t\t\t\t\t<\/div>\n\t\t\t\t<\/div>\n\t\t<div class=\"elementor-element elementor-element-9a4bf35 e-flex e-con-boxed e-con e-parent\" data-id=\"9a4bf35\" data-element_type=\"container\">\n\t\t\t\t\t<div class=\"e-con-inner\">\n\t\t\t\t<div class=\"elementor-element elementor-element-57bf587 elementor-widget elementor-widget-image\" data-id=\"57bf587\" data-element_type=\"widget\" data-widget_type=\"image.default\">\n\t\t\t\t<div class=\"elementor-widget-container\">\n\t\t\t\t\t\t\t\t\t\t\t\t\t\t\t\t<a href=\"https:\/\/naturaliapousada.com.br\/wp-content\/uploads\/2025\/08\/Mapa_caminho.jpg\" data-elementor-open-lightbox=\"yes\" data-elementor-lightbox-title=\"Mapa_caminho\" data-e-action-hash=\"#elementor-action%3Aaction%3Dlightbox%26settings%3DeyJpZCI6NDAxNjcsInVybCI6Imh0dHBzOlwvXC9uYXR1cmFsaWFwb3VzYWRhLmNvbS5iclwvd3AtY29udGVudFwvdXBsb2Fkc1wvMjAyNVwvMDhcL01hcGFfY2FtaW5oby5qcGcifQ%3D%3D\">\n\t\t\t\t\t\t\t<img decoding=\"async\" width=\"1221\" height=\"900\" src=\"https:\/\/naturaliapousada.com.br\/wp-content\/uploads\/2025\/08\/Mapa_caminho.jpg\" class=\"attachment-full size-full wp-image-40167\" alt=\"\" srcset=\"https:\/\/naturaliapousada.com.br\/wp-content\/uploads\/2025\/08\/Mapa_caminho.jpg 1221w, https:\/\/naturaliapousada.com.br\/wp-content\/uploads\/2025\/08\/Mapa_caminho-300x221.jpg 300w, https:\/\/naturaliapousada.com.br\/wp-content\/uploads\/2025\/08\/Mapa_caminho-1024x755.jpg 1024w, https:\/\/naturaliapousada.com.br\/wp-content\/uploads\/2025\/08\/Mapa_caminho-768x566.jpg 768w\" sizes=\"(max-width: 1221px) 100vw, 1221px\" \/>\t\t\t\t\t\t\t\t<\/a>\n\t\t\t\t\t\t\t\t\t\t\t\t\t\t\t<\/div>\n\t\t\t\t<\/div>\n\t\t\t\t\t<\/div>\n\t\t\t\t<\/div>\n\t\t\t\t<\/div>\n\t\t","protected":false},"excerpt":{"rendered":"<p>D\u00d3NDE ESTAMOS Ilha Grande forma parte del municipio de Angra dos Reis, en el estado de R\u00edo de Janeiro, y se puede acceder en barco desde cuatro opciones principales: 1. Muelle Santa Luzia, en Angra dos Reis &#8211; 160 km de R\u00edo de Janeiro; 2. Muelle de Lapa, en Angra dos Reis &#8211; 160 km [&hellip;]<\/p>\n","protected":false},"author":1,"featured_media":11516,"parent":0,"menu_order":0,"comment_status":"closed","ping_status":"closed","template":"","meta":{"inline_featured_image":false,"cybocfi_hide_featured_image":"yes","footnotes":""},"class_list":["post-12391","page","type-page","status-publish","has-post-thumbnail","hentry"],"yoast_head":"<!-- This site is optimized with the Yoast SEO plugin v27.2 - https:\/\/yoast.com\/product\/yoast-seo-wordpress\/ -->\n<title>C\u00f3mo llegar | Pousada Naturalia<\/title>\n<meta name=\"robots\" content=\"index, follow, max-snippet:-1, max-image-preview:large, max-video-preview:-1\" \/>\n<link rel=\"canonical\" href=\"https:\/\/naturaliapousada.com.br\/es\/como-llegar\/\" \/>\n<meta property=\"og:locale\" content=\"es_ES\" \/>\n<meta property=\"og:type\" content=\"article\" \/>\n<meta property=\"og:title\" content=\"C\u00f3mo llegar | Pousada Naturalia\" \/>\n<meta property=\"og:description\" content=\"D\u00d3NDE ESTAMOS Ilha Grande forma parte del municipio de Angra dos Reis, en el estado de R\u00edo de Janeiro, y se puede acceder en barco desde cuatro opciones principales: 1. Muelle Santa Luzia, en Angra dos Reis &#8211; 160 km de R\u00edo de Janeiro; 2. Muelle de Lapa, en Angra dos Reis &#8211; 160 km [&hellip;]\" \/>\n<meta property=\"og:url\" content=\"https:\/\/naturaliapousada.com.br\/es\/como-llegar\/\" \/>\n<meta property=\"og:site_name\" content=\"Pousada Naturalia\" \/>\n<meta property=\"article:publisher\" content=\"https:\/\/www.facebook.com\/pousada.naturalia\" \/>\n<meta property=\"article:modified_time\" content=\"2025-08-24T15:12:52+00:00\" \/>\n<meta property=\"og:image\" content=\"https:\/\/naturaliapousada.com.br\/wp-content\/uploads\/2024\/07\/como-chegar1.webp\" \/>\n\t<meta property=\"og:image:width\" content=\"1536\" \/>\n\t<meta property=\"og:image:height\" content=\"543\" \/>\n\t<meta property=\"og:image:type\" content=\"image\/jpeg\" \/>\n<meta name=\"twitter:card\" content=\"summary_large_image\" \/>\n<meta name=\"twitter:label1\" content=\"Tiempo de lectura\" \/>\n\t<meta name=\"twitter:data1\" content=\"4 minutos\" \/>\n<script type=\"application\/ld+json\" class=\"yoast-schema-graph\">{\"@context\":\"https:\/\/schema.org\",\"@graph\":[{\"@type\":\"WebPage\",\"@id\":\"https:\/\/naturaliapousada.com.br\/es\/como-llegar\/\",\"url\":\"https:\/\/naturaliapousada.com.br\/es\/como-llegar\/\",\"name\":\"C\u00f3mo llegar | Pousada Naturalia\",\"isPartOf\":{\"@id\":\"https:\/\/naturaliapousada.com.br\/es\/#website\"},\"primaryImageOfPage\":{\"@id\":\"https:\/\/naturaliapousada.com.br\/es\/como-llegar\/#primaryimage\"},\"image\":{\"@id\":\"https:\/\/naturaliapousada.com.br\/es\/como-llegar\/#primaryimage\"},\"thumbnailUrl\":\"https:\/\/naturaliapousada.com.br\/wp-content\/uploads\/2024\/07\/como-chegar1.webp\",\"datePublished\":\"2024-07-17T06:01:12+00:00\",\"dateModified\":\"2025-08-24T15:12:52+00:00\",\"breadcrumb\":{\"@id\":\"https:\/\/naturaliapousada.com.br\/es\/como-llegar\/#breadcrumb\"},\"inLanguage\":\"es\",\"potentialAction\":[{\"@type\":\"ReadAction\",\"target\":[\"https:\/\/naturaliapousada.com.br\/es\/como-llegar\/\"]}]},{\"@type\":\"BreadcrumbList\",\"@id\":\"https:\/\/naturaliapousada.com.br\/es\/como-llegar\/#breadcrumb\",\"itemListElement\":[{\"@type\":\"ListItem\",\"position\":1,\"name\":\"In\u00edcio\",\"item\":\"https:\/\/naturaliapousada.com.br\/es\/\"},{\"@type\":\"ListItem\",\"position\":2,\"name\":\"C\u00f3mo llegar\"}]},{\"@type\":\"WebSite\",\"@id\":\"https:\/\/naturaliapousada.com.br\/es\/#website\",\"url\":\"https:\/\/naturaliapousada.com.br\/es\/\",\"name\":\"Pousada Naturalia\",\"description\":\"\",\"publisher\":{\"@id\":\"https:\/\/naturaliapousada.com.br\/es\/#organization\"},\"potentialAction\":[{\"@type\":\"SearchAction\",\"target\":{\"@type\":\"EntryPoint\",\"urlTemplate\":\"https:\/\/naturaliapousada.com.br\/es\/?s={search_term_string}\"},\"query-input\":{\"@type\":\"PropertyValueSpecification\",\"valueRequired\":true,\"valueName\":\"search_term_string\"}}],\"inLanguage\":\"es\"},{\"@type\":\"Organization\",\"@id\":\"https:\/\/naturaliapousada.com.br\/es\/#organization\",\"name\":\"Pousada Naturalia\",\"url\":\"https:\/\/naturaliapousada.com.br\/es\/\",\"logo\":{\"@type\":\"ImageObject\",\"inLanguage\":\"es\",\"@id\":\"https:\/\/naturaliapousada.com.br\/es\/#\/schema\/logo\/image\/\",\"url\":\"https:\/\/naturaliapousada.com.br\/wp-content\/uploads\/2020\/07\/02-logotipo-naturalia-preferencial-cobre-pousada.png\",\"contentUrl\":\"https:\/\/naturaliapousada.com.br\/wp-content\/uploads\/2020\/07\/02-logotipo-naturalia-preferencial-cobre-pousada.png\",\"width\":3564,\"height\":2967,\"caption\":\"Pousada Naturalia\"},\"image\":{\"@id\":\"https:\/\/naturaliapousada.com.br\/es\/#\/schema\/logo\/image\/\"},\"sameAs\":[\"https:\/\/www.facebook.com\/pousada.naturalia\",\"https:\/\/www.instagram.com\/pousada_naturalia\/\",\"https:\/\/www.youtube.com\/channel\/UCXutd46fOVdjuTPSxJFWQJw\"]}]}<\/script>\n<!-- \/ Yoast SEO plugin. -->","yoast_head_json":{"title":"C\u00f3mo llegar | Pousada Naturalia","robots":{"index":"index","follow":"follow","max-snippet":"max-snippet:-1","max-image-preview":"max-image-preview:large","max-video-preview":"max-video-preview:-1"},"canonical":"https:\/\/naturaliapousada.com.br\/es\/como-llegar\/","og_locale":"es_ES","og_type":"article","og_title":"C\u00f3mo llegar | Pousada Naturalia","og_description":"D\u00d3NDE ESTAMOS Ilha Grande forma parte del municipio de Angra dos Reis, en el estado de R\u00edo de Janeiro, y se puede acceder en barco desde cuatro opciones principales: 1. Muelle Santa Luzia, en Angra dos Reis &#8211; 160 km de R\u00edo de Janeiro; 2. Muelle de Lapa, en Angra dos Reis &#8211; 160 km [&hellip;]","og_url":"https:\/\/naturaliapousada.com.br\/es\/como-llegar\/","og_site_name":"Pousada Naturalia","article_publisher":"https:\/\/www.facebook.com\/pousada.naturalia","article_modified_time":"2025-08-24T15:12:52+00:00","og_image":[{"width":1536,"height":543,"url":"https:\/\/naturaliapousada.com.br\/wp-content\/uploads\/2024\/07\/como-chegar1.webp","type":"image\/jpeg"}],"twitter_card":"summary_large_image","twitter_misc":{"Tiempo de lectura":"4 minutos"},"schema":{"@context":"https:\/\/schema.org","@graph":[{"@type":"WebPage","@id":"https:\/\/naturaliapousada.com.br\/es\/como-llegar\/","url":"https:\/\/naturaliapousada.com.br\/es\/como-llegar\/","name":"C\u00f3mo llegar | Pousada Naturalia","isPartOf":{"@id":"https:\/\/naturaliapousada.com.br\/es\/#website"},"primaryImageOfPage":{"@id":"https:\/\/naturaliapousada.com.br\/es\/como-llegar\/#primaryimage"},"image":{"@id":"https:\/\/naturaliapousada.com.br\/es\/como-llegar\/#primaryimage"},"thumbnailUrl":"https:\/\/naturaliapousada.com.br\/wp-content\/uploads\/2024\/07\/como-chegar1.webp","datePublished":"2024-07-17T06:01:12+00:00","dateModified":"2025-08-24T15:12:52+00:00","breadcrumb":{"@id":"https:\/\/naturaliapousada.com.br\/es\/como-llegar\/#breadcrumb"},"inLanguage":"es","potentialAction":[{"@type":"ReadAction","target":["https:\/\/naturaliapousada.com.br\/es\/como-llegar\/"]}]},{"@type":"BreadcrumbList","@id":"https:\/\/naturaliapousada.com.br\/es\/como-llegar\/#breadcrumb","itemListElement":[{"@type":"ListItem","position":1,"name":"In\u00edcio","item":"https:\/\/naturaliapousada.com.br\/es\/"},{"@type":"ListItem","position":2,"name":"C\u00f3mo llegar"}]},{"@type":"WebSite","@id":"https:\/\/naturaliapousada.com.br\/es\/#website","url":"https:\/\/naturaliapousada.com.br\/es\/","name":"Pousada Naturalia","description":"","publisher":{"@id":"https:\/\/naturaliapousada.com.br\/es\/#organization"},"potentialAction":[{"@type":"SearchAction","target":{"@type":"EntryPoint","urlTemplate":"https:\/\/naturaliapousada.com.br\/es\/?s={search_term_string}"},"query-input":{"@type":"PropertyValueSpecification","valueRequired":true,"valueName":"search_term_string"}}],"inLanguage":"es"},{"@type":"Organization","@id":"https:\/\/naturaliapousada.com.br\/es\/#organization","name":"Pousada Naturalia","url":"https:\/\/naturaliapousada.com.br\/es\/","logo":{"@type":"ImageObject","inLanguage":"es","@id":"https:\/\/naturaliapousada.com.br\/es\/#\/schema\/logo\/image\/","url":"https:\/\/naturaliapousada.com.br\/wp-content\/uploads\/2020\/07\/02-logotipo-naturalia-preferencial-cobre-pousada.png","contentUrl":"https:\/\/naturaliapousada.com.br\/wp-content\/uploads\/2020\/07\/02-logotipo-naturalia-preferencial-cobre-pousada.png","width":3564,"height":2967,"caption":"Pousada Naturalia"},"image":{"@id":"https:\/\/naturaliapousada.com.br\/es\/#\/schema\/logo\/image\/"},"sameAs":["https:\/\/www.facebook.com\/pousada.naturalia","https:\/\/www.instagram.com\/pousada_naturalia\/","https:\/\/www.youtube.com\/channel\/UCXutd46fOVdjuTPSxJFWQJw"]}]}},"_links":{"self":[{"href":"https:\/\/naturaliapousada.com.br\/es\/wp-json\/wp\/v2\/pages\/12391","targetHints":{"allow":["GET"]}}],"collection":[{"href":"https:\/\/naturaliapousada.com.br\/es\/wp-json\/wp\/v2\/pages"}],"about":[{"href":"https:\/\/naturaliapousada.com.br\/es\/wp-json\/wp\/v2\/types\/page"}],"author":[{"embeddable":true,"href":"https:\/\/naturaliapousada.com.br\/es\/wp-json\/wp\/v2\/users\/1"}],"replies":[{"embeddable":true,"href":"https:\/\/naturaliapousada.com.br\/es\/wp-json\/wp\/v2\/comments?post=12391"}],"version-history":[{"count":0,"href":"https:\/\/naturaliapousada.com.br\/es\/wp-json\/wp\/v2\/pages\/12391\/revisions"}],"wp:featuredmedia":[{"embeddable":true,"href":"https:\/\/naturaliapousada.com.br\/es\/wp-json\/wp\/v2\/media\/11516"}],"wp:attachment":[{"href":"https:\/\/naturaliapousada.com.br\/es\/wp-json\/wp\/v2\/media?parent=12391"}],"curies":[{"name":"wp","href":"https:\/\/api.w.org\/{rel}","templated":true}]}}