{"id":12429,"date":"2024-07-17T21:19:42","date_gmt":"2024-07-17T21:19:42","guid":{"rendered":"https:\/\/naturaliapousada.com.br\/?page_id=12429"},"modified":"2024-07-17T21:38:57","modified_gmt":"2024-07-17T21:38:57","slug":"cosas-para-saber-antes-de-ir","status":"publish","type":"page","link":"https:\/\/naturaliapousada.com.br\/es\/cosas-para-saber-antes-de-ir\/","title":{"rendered":"Cosas Para Saber Antes De Ir"},"content":{"rendered":"\t\t<div data-elementor-type=\"wp-page\" data-elementor-id=\"12429\" class=\"elementor elementor-12429 elementor-9454\" data-elementor-post-type=\"page\">\n\t\t\t\t<div class=\"elementor-element elementor-element-f222d7d e-flex e-con-boxed e-con e-parent\" data-id=\"f222d7d\" data-element_type=\"container\">\n\t\t\t\t\t<div class=\"e-con-inner\">\n\t\t\t\t<div class=\"elementor-element elementor-element-ff7a6fd elementor-invisible elementor-widget elementor-widget-heading\" data-id=\"ff7a6fd\" data-element_type=\"widget\" data-settings=\"{&quot;_animation&quot;:&quot;fadeIn&quot;}\" data-widget_type=\"heading.default\">\n\t\t\t\t<div class=\"elementor-widget-container\">\n\t\t\t\t\t<h2 class=\"elementor-heading-title elementor-size-default\">Medios de Pago<\/h2>\t\t\t\t<\/div>\n\t\t\t\t<\/div>\n\t\t\t\t<div class=\"elementor-element elementor-element-3a2d412 elementor-position-right elementor-widget__width-initial elementor-widget-mobile__width-initial elementor-vertical-align-top elementor-invisible elementor-widget elementor-widget-image-box\" data-id=\"3a2d412\" data-element_type=\"widget\" data-settings=\"{&quot;_animation&quot;:&quot;fadeInRight&quot;}\" data-widget_type=\"image-box.default\">\n\t\t\t\t<div class=\"elementor-widget-container\">\n\t\t\t\t\t<div class=\"elementor-image-box-wrapper\"><figure class=\"elementor-image-box-img\"><img fetchpriority=\"high\" decoding=\"async\" width=\"1475\" height=\"1106\" src=\"https:\/\/naturaliapousada.com.br\/wp-content\/uploads\/2024\/07\/Para-saber1.webp\" class=\"attachment-full size-full wp-image-11525\" alt=\"\" \/><\/figure><div class=\"elementor-image-box-content\"><p class=\"elementor-image-box-description\">La moneda local es el Real (BRL). No hay bancos, cajeros autom\u00e1ticos ni casas de cambio en la isla. Por lo tanto, se recomienda traer dinero en efectivo del continente. \n<br><br>\nEn la posada y en la mayor\u00eda de los establecimientos comerciales de la regi\u00f3n se aceptan las principales tarjetas de cr\u00e9dito, d\u00e9bito y PIX. Bajo consulta y en car\u00e1cter excepcional, podemos aceptar d\u00f3lares y euros, siendo la tasa de cambio definida por la gerencia de la posada de acuerdo con la tasa de turismo, con un recargo para cubrir las fluctuaciones cambiarias.\n\n<\/p><\/div><\/div>\t\t\t\t<\/div>\n\t\t\t\t<\/div>\n\t\t\t\t\t<\/div>\n\t\t\t\t<\/div>\n\t\t<div class=\"elementor-element elementor-element-b60eae3 e-flex e-con-boxed e-con e-parent\" data-id=\"b60eae3\" data-element_type=\"container\">\n\t\t\t\t\t<div class=\"e-con-inner\">\n\t\t\t\t<div class=\"elementor-element elementor-element-60d2799 elementor-position-left elementor-widget__width-initial elementor-widget-mobile__width-initial elementor-vertical-align-top elementor-invisible elementor-widget elementor-widget-image-box\" data-id=\"60d2799\" data-element_type=\"widget\" data-settings=\"{&quot;_animation&quot;:&quot;fadeInLeft&quot;}\" data-widget_type=\"image-box.default\">\n\t\t\t\t<div class=\"elementor-widget-container\">\n\t\t\t\t\t<div class=\"elementor-image-box-wrapper\"><figure class=\"elementor-image-box-img\"><img decoding=\"async\" src=\"https:\/\/naturaliapousada.com.br\/wp-content\/uploads\/elementor\/thumbs\/Para-saber2-r2foo3rl1m650zc30e8pg49xtfz97o6o97s71vk5kw.webp\" title=\"Para saber2\" alt=\"Para saber2\" loading=\"lazy\" \/><\/figure><div class=\"elementor-image-box-content\"><h2 class=\"elementor-image-box-title\">CLIMA<\/h2><p class=\"elementor-image-box-description\"><span style=\"font-weight: 400;\">El clima tropical h\u00famedo predomina en Ilha Grande, especialmente durante la estaci\u00f3n lluviosa, entre noviembre y marzo. Las temperaturas m\u00e1ximas pueden alcanzar los <strong>40\u00b0 C<\/strong> en verano y las m\u00ednimas, alrededor de <strong>12\u00b0 C<\/strong> en invierno.<\/span>\n<br>\n<h2 class=\"elementor-image-box-title\">INTERNET<\/h2>\n\n<span style=\"font-weight: 400;\">Contamos con el servicio de mayor velocidad de internet disponible en Ilha Grande, con wifi disponible en las habitaciones y tambi\u00e9n en nuestra \u00e1rea com\u00fan. Sin embargo, la se\u00f1al viene del continente, pudiendo oscilar dependiendo de las condiciones clim\u00e1ticas, afectando as\u00ed la se\u00f1al en toda la isla.<\/span><BR>\n<br>\n<h2 class=\"elementor-image-box-title\">ZONA HORARIA<\/h2>\n<span style=\"font-weight: 400;\">UTC -3.0<\/span>\n<\/p><\/div><\/div>\t\t\t\t<\/div>\n\t\t\t\t<\/div>\n\t\t\t\t\t<\/div>\n\t\t\t\t<\/div>\n\t\t<div class=\"elementor-element elementor-element-e75dba3 e-flex e-con-boxed elementor-invisible e-con e-parent\" data-id=\"e75dba3\" data-element_type=\"container\" data-settings=\"{&quot;animation&quot;:&quot;fadeInRight&quot;}\">\n\t\t\t\t\t<div class=\"e-con-inner\">\n\t\t\t\t<div class=\"elementor-element elementor-element-0bbfa69 elementor-position-right elementor-widget__width-initial elementor-widget-mobile__width-initial elementor-vertical-align-middle elementor-widget elementor-widget-image-box\" data-id=\"0bbfa69\" data-element_type=\"widget\" data-widget_type=\"image-box.default\">\n\t\t\t\t<div class=\"elementor-widget-container\">\n\t\t\t\t\t<div class=\"elementor-image-box-wrapper\"><figure class=\"elementor-image-box-img\"><img decoding=\"async\" width=\"1434\" height=\"1075\" src=\"https:\/\/naturaliapousada.com.br\/wp-content\/uploads\/2024\/07\/Para-saber-3.webp\" class=\"attachment-full size-full wp-image-11527\" alt=\"\" \/><\/figure><div class=\"elementor-image-box-content\"><h2 class=\"elementor-image-box-title\">RECOMENDAMOS TRAER<\/h2><p class=\"elementor-image-box-description\"><br><ul>\n \t<li style=\"font-weight: 400;\" aria-level=\"1\"><span style=\"font-weight: 400;\">Reales en efectivo<\/span><\/li>\n \t<li style=\"font-weight: 400;\" aria-level=\"1\"><span style=\"font-weight: 400;\">Repelente de insectos<\/span><\/li>\n \t<li style=\"font-weight: 400;\" aria-level=\"1\"><span style=\"font-weight: 400;\">Sombrero o gorra<\/span><\/li>\n \t<li style=\"font-weight: 400;\" aria-level=\"1\"><span style=\"font-weight: 400;\">Protector solar<\/span><\/li>\n \t<li style=\"font-weight: 400;\" aria-level=\"1\"><span style=\"font-weight: 400;\">Ropa de ba\u00f1o<\/span><\/li>\n \t<li style=\"font-weight: 400;\" aria-level=\"1\"><span style=\"font-weight: 400;\">Sandalias de playa<\/span><\/li>\n \t<li style=\"font-weight: 400;\" aria-level=\"1\"><span style=\"font-weight: 400;\">Tenis y calcetines<\/span><\/li>\n \t<li style=\"font-weight: 400;\" aria-level=\"1\"><span style=\"font-weight: 400;\">Medicamentos de uso personal<\/span><\/li>\n \t<li style=\"font-weight: 400;\" aria-level=\"1\"><span style=\"font-weight: 400;\">Gafas de leer\/gafas de sol<\/span><\/li>\n \t<li style=\"font-weight: 400;\" aria-level=\"1\"><span style=\"font-weight: 400;\">Abrigo para las noches frescas y fr\u00edas<\/span><\/li>\n<\/ul>\n<\/p><\/div><\/div>\t\t\t\t<\/div>\n\t\t\t\t<\/div>\n\t\t\t\t\t<\/div>\n\t\t\t\t<\/div>\n\t\t<div class=\"elementor-element elementor-element-47f8302 e-flex e-con-boxed elementor-invisible e-con e-parent\" data-id=\"47f8302\" data-element_type=\"container\" data-settings=\"{&quot;animation&quot;:&quot;fadeInUp&quot;}\">\n\t\t\t\t\t<div class=\"e-con-inner\">\n\t\t\t\t<div class=\"elementor-element elementor-element-1db3439 elementor-widget elementor-widget-heading\" data-id=\"1db3439\" data-element_type=\"widget\" data-widget_type=\"heading.default\">\n\t\t\t\t<div class=\"elementor-widget-container\">\n\t\t\t\t\t<h2 class=\"elementor-heading-title elementor-size-default\">PLANIFICA MEJOR TU VIAJE<\/h2>\t\t\t\t<\/div>\n\t\t\t\t<\/div>\n\t\t\t\t<div class=\"elementor-element elementor-element-d866b70 elementor-widget__width-initial elementor-widget elementor-widget-text-editor\" data-id=\"d866b70\" data-element_type=\"widget\" data-widget_type=\"text-editor.default\">\n\t\t\t\t<div class=\"elementor-widget-container\">\n\t\t\t\t\t\t\t\t\t<p>Para obtener m\u00e1s informaci\u00f3n sobre c\u00f3mo planificar mejor la ida y vuelta de tu viaje, adem\u00e1s de resolver dudas sobre nuestros servicios y pol\u00edticas, visita la p\u00e1gina de <a href=\"https:\/\/naturaliapousada.com.br\/es\/faqs\">Preguntas Frecuentes<\/a> (FAQ).<\/p>\t\t\t\t\t\t\t\t<\/div>\n\t\t\t\t<\/div>\n\t\t\t\t\t<\/div>\n\t\t\t\t<\/div>\n\t\t<div class=\"elementor-element elementor-element-8d65ac7 e-flex e-con-boxed e-con e-parent\" data-id=\"8d65ac7\" data-element_type=\"container\">\n\t\t\t\t\t<div class=\"e-con-inner\">\n\t\t\t\t\t<\/div>\n\t\t\t\t<\/div>\n\t\t\t\t<\/div>\n\t\t","protected":false},"excerpt":{"rendered":"<p>Medios de Pago La moneda local es el Real (BRL). No hay bancos, cajeros autom\u00e1ticos ni casas de cambio en la isla. Por lo tanto, se recomienda traer dinero en efectivo del continente. En la posada y en la mayor\u00eda de los establecimientos comerciales de la regi\u00f3n se aceptan las principales tarjetas de cr\u00e9dito, d\u00e9bito [&hellip;]<\/p>\n","protected":false},"author":1,"featured_media":11436,"parent":0,"menu_order":0,"comment_status":"closed","ping_status":"closed","template":"","meta":{"inline_featured_image":false,"cybocfi_hide_featured_image":"yes","footnotes":""},"class_list":["post-12429","page","type-page","status-publish","has-post-thumbnail","hentry"],"yoast_head":"<!-- This site is optimized with the Yoast SEO plugin v27.2 - https:\/\/yoast.com\/product\/yoast-seo-wordpress\/ -->\n<title>Cosas Para Saber Antes De Ir | Pousada Naturalia<\/title>\n<meta name=\"robots\" content=\"index, follow, max-snippet:-1, max-image-preview:large, max-video-preview:-1\" \/>\n<link rel=\"canonical\" href=\"https:\/\/naturaliapousada.com.br\/es\/cosas-para-saber-antes-de-ir\/\" \/>\n<meta property=\"og:locale\" content=\"es_ES\" \/>\n<meta property=\"og:type\" content=\"article\" \/>\n<meta property=\"og:title\" content=\"Cosas Para Saber Antes De Ir | Pousada Naturalia\" \/>\n<meta property=\"og:description\" content=\"Medios de Pago La moneda local es el Real (BRL). No hay bancos, cajeros autom\u00e1ticos ni casas de cambio en la isla. Por lo tanto, se recomienda traer dinero en efectivo del continente. En la posada y en la mayor\u00eda de los establecimientos comerciales de la regi\u00f3n se aceptan las principales tarjetas de cr\u00e9dito, d\u00e9bito [&hellip;]\" \/>\n<meta property=\"og:url\" content=\"https:\/\/naturaliapousada.com.br\/es\/cosas-para-saber-antes-de-ir\/\" \/>\n<meta property=\"og:site_name\" content=\"Pousada Naturalia\" \/>\n<meta property=\"article:publisher\" content=\"https:\/\/www.facebook.com\/pousada.naturalia\" \/>\n<meta property=\"article:modified_time\" content=\"2024-07-17T21:38:57+00:00\" \/>\n<meta property=\"og:image\" content=\"https:\/\/naturaliapousada.com.br\/wp-content\/uploads\/2024\/06\/capa-naturalia-apousada.jpg\" \/>\n\t<meta property=\"og:image:width\" content=\"1460\" \/>\n\t<meta property=\"og:image:height\" content=\"571\" \/>\n\t<meta property=\"og:image:type\" content=\"image\/jpeg\" \/>\n<meta name=\"twitter:card\" content=\"summary_large_image\" \/>\n<meta name=\"twitter:label1\" content=\"Tiempo de lectura\" \/>\n\t<meta name=\"twitter:data1\" content=\"2 minutos\" \/>\n<script type=\"application\/ld+json\" class=\"yoast-schema-graph\">{\"@context\":\"https:\/\/schema.org\",\"@graph\":[{\"@type\":\"WebPage\",\"@id\":\"https:\/\/naturaliapousada.com.br\/es\/cosas-para-saber-antes-de-ir\/\",\"url\":\"https:\/\/naturaliapousada.com.br\/es\/cosas-para-saber-antes-de-ir\/\",\"name\":\"Cosas Para Saber Antes De Ir | Pousada Naturalia\",\"isPartOf\":{\"@id\":\"https:\/\/naturaliapousada.com.br\/es\/#website\"},\"primaryImageOfPage\":{\"@id\":\"https:\/\/naturaliapousada.com.br\/es\/cosas-para-saber-antes-de-ir\/#primaryimage\"},\"image\":{\"@id\":\"https:\/\/naturaliapousada.com.br\/es\/cosas-para-saber-antes-de-ir\/#primaryimage\"},\"thumbnailUrl\":\"https:\/\/naturaliapousada.com.br\/wp-content\/uploads\/2024\/06\/capa-naturalia-apousada.jpg\",\"datePublished\":\"2024-07-17T21:19:42+00:00\",\"dateModified\":\"2024-07-17T21:38:57+00:00\",\"breadcrumb\":{\"@id\":\"https:\/\/naturaliapousada.com.br\/es\/cosas-para-saber-antes-de-ir\/#breadcrumb\"},\"inLanguage\":\"es\",\"potentialAction\":[{\"@type\":\"ReadAction\",\"target\":[\"https:\/\/naturaliapousada.com.br\/es\/cosas-para-saber-antes-de-ir\/\"]}]},{\"@type\":\"BreadcrumbList\",\"@id\":\"https:\/\/naturaliapousada.com.br\/es\/cosas-para-saber-antes-de-ir\/#breadcrumb\",\"itemListElement\":[{\"@type\":\"ListItem\",\"position\":1,\"name\":\"In\u00edcio\",\"item\":\"https:\/\/naturaliapousada.com.br\/es\/\"},{\"@type\":\"ListItem\",\"position\":2,\"name\":\"Cosas Para Saber Antes De Ir\"}]},{\"@type\":\"WebSite\",\"@id\":\"https:\/\/naturaliapousada.com.br\/es\/#website\",\"url\":\"https:\/\/naturaliapousada.com.br\/es\/\",\"name\":\"Pousada Naturalia\",\"description\":\"\",\"publisher\":{\"@id\":\"https:\/\/naturaliapousada.com.br\/es\/#organization\"},\"potentialAction\":[{\"@type\":\"SearchAction\",\"target\":{\"@type\":\"EntryPoint\",\"urlTemplate\":\"https:\/\/naturaliapousada.com.br\/es\/?s={search_term_string}\"},\"query-input\":{\"@type\":\"PropertyValueSpecification\",\"valueRequired\":true,\"valueName\":\"search_term_string\"}}],\"inLanguage\":\"es\"},{\"@type\":\"Organization\",\"@id\":\"https:\/\/naturaliapousada.com.br\/es\/#organization\",\"name\":\"Pousada Naturalia\",\"url\":\"https:\/\/naturaliapousada.com.br\/es\/\",\"logo\":{\"@type\":\"ImageObject\",\"inLanguage\":\"es\",\"@id\":\"https:\/\/naturaliapousada.com.br\/es\/#\/schema\/logo\/image\/\",\"url\":\"https:\/\/naturaliapousada.com.br\/wp-content\/uploads\/2020\/07\/02-logotipo-naturalia-preferencial-cobre-pousada.png\",\"contentUrl\":\"https:\/\/naturaliapousada.com.br\/wp-content\/uploads\/2020\/07\/02-logotipo-naturalia-preferencial-cobre-pousada.png\",\"width\":3564,\"height\":2967,\"caption\":\"Pousada Naturalia\"},\"image\":{\"@id\":\"https:\/\/naturaliapousada.com.br\/es\/#\/schema\/logo\/image\/\"},\"sameAs\":[\"https:\/\/www.facebook.com\/pousada.naturalia\",\"https:\/\/www.instagram.com\/pousada_naturalia\/\",\"https:\/\/www.youtube.com\/channel\/UCXutd46fOVdjuTPSxJFWQJw\"]}]}<\/script>\n<!-- \/ Yoast SEO plugin. -->","yoast_head_json":{"title":"Cosas Para Saber Antes De Ir | Pousada Naturalia","robots":{"index":"index","follow":"follow","max-snippet":"max-snippet:-1","max-image-preview":"max-image-preview:large","max-video-preview":"max-video-preview:-1"},"canonical":"https:\/\/naturaliapousada.com.br\/es\/cosas-para-saber-antes-de-ir\/","og_locale":"es_ES","og_type":"article","og_title":"Cosas Para Saber Antes De Ir | Pousada Naturalia","og_description":"Medios de Pago La moneda local es el Real (BRL). No hay bancos, cajeros autom\u00e1ticos ni casas de cambio en la isla. Por lo tanto, se recomienda traer dinero en efectivo del continente. En la posada y en la mayor\u00eda de los establecimientos comerciales de la regi\u00f3n se aceptan las principales tarjetas de cr\u00e9dito, d\u00e9bito [&hellip;]","og_url":"https:\/\/naturaliapousada.com.br\/es\/cosas-para-saber-antes-de-ir\/","og_site_name":"Pousada Naturalia","article_publisher":"https:\/\/www.facebook.com\/pousada.naturalia","article_modified_time":"2024-07-17T21:38:57+00:00","og_image":[{"width":1460,"height":571,"url":"https:\/\/naturaliapousada.com.br\/wp-content\/uploads\/2024\/06\/capa-naturalia-apousada.jpg","type":"image\/jpeg"}],"twitter_card":"summary_large_image","twitter_misc":{"Tiempo de lectura":"2 minutos"},"schema":{"@context":"https:\/\/schema.org","@graph":[{"@type":"WebPage","@id":"https:\/\/naturaliapousada.com.br\/es\/cosas-para-saber-antes-de-ir\/","url":"https:\/\/naturaliapousada.com.br\/es\/cosas-para-saber-antes-de-ir\/","name":"Cosas Para Saber Antes De Ir | Pousada Naturalia","isPartOf":{"@id":"https:\/\/naturaliapousada.com.br\/es\/#website"},"primaryImageOfPage":{"@id":"https:\/\/naturaliapousada.com.br\/es\/cosas-para-saber-antes-de-ir\/#primaryimage"},"image":{"@id":"https:\/\/naturaliapousada.com.br\/es\/cosas-para-saber-antes-de-ir\/#primaryimage"},"thumbnailUrl":"https:\/\/naturaliapousada.com.br\/wp-content\/uploads\/2024\/06\/capa-naturalia-apousada.jpg","datePublished":"2024-07-17T21:19:42+00:00","dateModified":"2024-07-17T21:38:57+00:00","breadcrumb":{"@id":"https:\/\/naturaliapousada.com.br\/es\/cosas-para-saber-antes-de-ir\/#breadcrumb"},"inLanguage":"es","potentialAction":[{"@type":"ReadAction","target":["https:\/\/naturaliapousada.com.br\/es\/cosas-para-saber-antes-de-ir\/"]}]},{"@type":"BreadcrumbList","@id":"https:\/\/naturaliapousada.com.br\/es\/cosas-para-saber-antes-de-ir\/#breadcrumb","itemListElement":[{"@type":"ListItem","position":1,"name":"In\u00edcio","item":"https:\/\/naturaliapousada.com.br\/es\/"},{"@type":"ListItem","position":2,"name":"Cosas Para Saber Antes De Ir"}]},{"@type":"WebSite","@id":"https:\/\/naturaliapousada.com.br\/es\/#website","url":"https:\/\/naturaliapousada.com.br\/es\/","name":"Pousada Naturalia","description":"","publisher":{"@id":"https:\/\/naturaliapousada.com.br\/es\/#organization"},"potentialAction":[{"@type":"SearchAction","target":{"@type":"EntryPoint","urlTemplate":"https:\/\/naturaliapousada.com.br\/es\/?s={search_term_string}"},"query-input":{"@type":"PropertyValueSpecification","valueRequired":true,"valueName":"search_term_string"}}],"inLanguage":"es"},{"@type":"Organization","@id":"https:\/\/naturaliapousada.com.br\/es\/#organization","name":"Pousada Naturalia","url":"https:\/\/naturaliapousada.com.br\/es\/","logo":{"@type":"ImageObject","inLanguage":"es","@id":"https:\/\/naturaliapousada.com.br\/es\/#\/schema\/logo\/image\/","url":"https:\/\/naturaliapousada.com.br\/wp-content\/uploads\/2020\/07\/02-logotipo-naturalia-preferencial-cobre-pousada.png","contentUrl":"https:\/\/naturaliapousada.com.br\/wp-content\/uploads\/2020\/07\/02-logotipo-naturalia-preferencial-cobre-pousada.png","width":3564,"height":2967,"caption":"Pousada Naturalia"},"image":{"@id":"https:\/\/naturaliapousada.com.br\/es\/#\/schema\/logo\/image\/"},"sameAs":["https:\/\/www.facebook.com\/pousada.naturalia","https:\/\/www.instagram.com\/pousada_naturalia\/","https:\/\/www.youtube.com\/channel\/UCXutd46fOVdjuTPSxJFWQJw"]}]}},"_links":{"self":[{"href":"https:\/\/naturaliapousada.com.br\/es\/wp-json\/wp\/v2\/pages\/12429","targetHints":{"allow":["GET"]}}],"collection":[{"href":"https:\/\/naturaliapousada.com.br\/es\/wp-json\/wp\/v2\/pages"}],"about":[{"href":"https:\/\/naturaliapousada.com.br\/es\/wp-json\/wp\/v2\/types\/page"}],"author":[{"embeddable":true,"href":"https:\/\/naturaliapousada.com.br\/es\/wp-json\/wp\/v2\/users\/1"}],"replies":[{"embeddable":true,"href":"https:\/\/naturaliapousada.com.br\/es\/wp-json\/wp\/v2\/comments?post=12429"}],"version-history":[{"count":0,"href":"https:\/\/naturaliapousada.com.br\/es\/wp-json\/wp\/v2\/pages\/12429\/revisions"}],"wp:featuredmedia":[{"embeddable":true,"href":"https:\/\/naturaliapousada.com.br\/es\/wp-json\/wp\/v2\/media\/11436"}],"wp:attachment":[{"href":"https:\/\/naturaliapousada.com.br\/es\/wp-json\/wp\/v2\/media?parent=12429"}],"curies":[{"name":"wp","href":"https:\/\/api.w.org\/{rel}","templated":true}]}}