{"id":11916,"date":"2024-07-11T18:44:02","date_gmt":"2024-07-11T18:44:02","guid":{"rendered":"https:\/\/naturaliapousada.com.br\/?page_id=11916"},"modified":"2025-08-24T15:11:21","modified_gmt":"2025-08-24T15:11:21","slug":"comment-arriver","status":"publish","type":"page","link":"https:\/\/naturaliapousada.com.br\/fr\/comment-arriver\/","title":{"rendered":"Comment Arriver"},"content":{"rendered":"\t\t<div data-elementor-type=\"wp-page\" data-elementor-id=\"11916\" class=\"elementor elementor-11916 elementor-3115\" data-elementor-post-type=\"page\">\n\t\t\t\t<div class=\"elementor-element elementor-element-f222d7d e-flex e-con-boxed e-con e-parent\" data-id=\"f222d7d\" data-element_type=\"container\">\n\t\t\t\t\t<div class=\"e-con-inner\">\n\t\t\t\t<div class=\"elementor-element elementor-element-ff7a6fd elementor-invisible elementor-widget elementor-widget-heading\" data-id=\"ff7a6fd\" data-element_type=\"widget\" data-settings=\"{&quot;_animation&quot;:&quot;fadeIn&quot;}\" data-widget_type=\"heading.default\">\n\t\t\t\t<div class=\"elementor-widget-container\">\n\t\t\t\t\t<h2 class=\"elementor-heading-title elementor-size-default\">O\u00d9 SOMMES NOUS SITUES ?<\/h2>\t\t\t\t<\/div>\n\t\t\t\t<\/div>\n\t\t<div class=\"elementor-element elementor-element-c0dbec8 e-grid e-con-full elementor-invisible e-con e-child\" data-id=\"c0dbec8\" data-element_type=\"container\" data-settings=\"{&quot;animation&quot;:&quot;fadeInRight&quot;}\">\n\t\t\t\t<div class=\"elementor-element elementor-element-c75a37f elementor-widget__width-initial elementor-widget elementor-widget-text-editor\" data-id=\"c75a37f\" data-element_type=\"widget\" data-widget_type=\"text-editor.default\">\n\t\t\t\t<div class=\"elementor-widget-container\">\n\t\t\t\t\t\t\t\t\t<p><span style=\"font-weight: 400;\">Ilha Grande d\u00e9pend de la municipalit\u00e9 d&rsquo;Angra dos Reis, dans l&rsquo;\u00c9tat de Rio de Janeiro. Elle est accessible en bateau depuis quatre points principaux :<\/span><\/p><p><span style=\"font-weight: 400;\"><span style=\"font-weight: 400;\">1. Santa Luzia Pier, \u00e0 Angra dos Reis &#8211; \u00e0 160 km de Rio de Janeiro ;<\/span><\/span><\/p><p><span style=\"font-weight: 400;\"><span style=\"font-weight: 400;\">2. Lapa Pier, \u00e0 Angra dos Reis &#8211; \u00e0 160 km de Rio de Janeiro ;<\/span><\/span><\/p><p><span style=\"font-weight: 400;\"><span style=\"font-weight: 400;\">3. Concei\u00e7\u00e3o de Jacare\u00ed Pier (\u00e0 Mangaratiba) &#8211; \u00e0 105 km de Rio de Janeiro ;<\/span><\/span><\/p><p><span style=\"font-weight: 400;\">4. Mangaratiba Pier &#8211; \u00e0 130 km de Rio de Janeiro.<\/span><\/p>\t\t\t\t\t\t\t\t<\/div>\n\t\t\t\t<\/div>\n\t\t\t\t<div class=\"elementor-element elementor-element-59a9dbd elementor-widget__width-initial elementor-widget elementor-widget-image\" data-id=\"59a9dbd\" data-element_type=\"widget\" data-settings=\"{&quot;_animation&quot;:&quot;none&quot;}\" data-widget_type=\"image.default\">\n\t\t\t\t<div class=\"elementor-widget-container\">\n\t\t\t\t\t\t\t\t\t\t\t\t\t\t\t<img fetchpriority=\"high\" decoding=\"async\" width=\"1480\" height=\"1110\" src=\"https:\/\/naturaliapousada.com.br\/wp-content\/uploads\/2024\/07\/Como-chegar2.webp\" class=\"attachment-full size-full wp-image-10094\" alt=\"\" \/>\t\t\t\t\t\t\t\t\t\t\t\t\t\t\t<\/div>\n\t\t\t\t<\/div>\n\t\t\t\t<\/div>\n\t\t\t\t\t<\/div>\n\t\t\t\t<\/div>\n\t\t<div class=\"elementor-element elementor-element-b60eae3 e-flex e-con-boxed e-con e-parent\" data-id=\"b60eae3\" data-element_type=\"container\">\n\t\t\t\t\t<div class=\"e-con-inner\">\n\t\t\t\t<div class=\"elementor-element elementor-element-97b22f4 elementor-invisible elementor-widget elementor-widget-heading\" data-id=\"97b22f4\" data-element_type=\"widget\" data-settings=\"{&quot;_animation&quot;:&quot;fadeIn&quot;}\" data-widget_type=\"heading.default\">\n\t\t\t\t<div class=\"elementor-widget-container\">\n\t\t\t\t\t<h2 class=\"elementor-heading-title elementor-size-default\">COMMENT ARRIVER A LA POUSADA ?\n<\/h2>\t\t\t\t<\/div>\n\t\t\t\t<\/div>\n\t\t\t\t<div class=\"elementor-element elementor-element-de5dcff elementor-widget__width-initial elementor-invisible elementor-widget elementor-widget-text-editor\" data-id=\"de5dcff\" data-element_type=\"widget\" data-settings=\"{&quot;_animation&quot;:&quot;fadeInLeft&quot;}\" data-widget_type=\"text-editor.default\">\n\t\t\t\t<div class=\"elementor-widget-container\">\n\t\t\t\t\t\t\t\t\t<p><span style=\"font-weight: 400;\">Si vous avez besoin de notre pour organiser votre transfert vers Ilha Grande, notamment depuis l&rsquo;un des a\u00e9roports de Rio de Janeiro, veuillez nous contacter \u00e0 l&rsquo;adresse <span style=\"text-decoration: underline;\"><a href=\"mailto:reservations@naturaliapousada.com.br\">reservations@naturaliapousada.com.br<\/a><\/span><\/span><span style=\"font-weight: 400;\">, pour de plus amples informations.<\/span><\/p>\t\t\t\t\t\t\t\t<\/div>\n\t\t\t\t<\/div>\n\t\t\t\t<div class=\"elementor-element elementor-element-f9f779f elementor-position-left elementor-widget__width-initial elementor-widget-mobile__width-initial elementor-vertical-align-top elementor-invisible elementor-widget elementor-widget-image-box\" data-id=\"f9f779f\" data-element_type=\"widget\" data-settings=\"{&quot;_animation&quot;:&quot;fadeInLeft&quot;}\" data-widget_type=\"image-box.default\">\n\t\t\t\t<div class=\"elementor-widget-container\">\n\t\t\t\t\t<div class=\"elementor-image-box-wrapper\"><figure class=\"elementor-image-box-img\"><img decoding=\"async\" src=\"https:\/\/naturaliapousada.com.br\/wp-content\/uploads\/elementor\/thumbs\/Como-chegar3-r2foo4pf8g7fclapuwnc0m1eetumfdaelcfoj5ireo.webp\" title=\"Como chegar3\" alt=\"Como chegar3\" loading=\"lazy\" \/><\/figure><div class=\"elementor-image-box-content\"><h3 class=\"elementor-image-box-title\">VOITURE<\/h3><p class=\"elementor-image-box-description\">Si vous arrivez en voiture, vous trouverez des options de stationnement pour laisser votre v\u00e9hicule pendant votre s\u00e9jour sur l\u2019\u00eele depuis les quatre points principaux pr\u00e9c\u00e9demment mentionn\u00e9s. <\/p>\n\n<h3 class=\"elementor-image-box-title\">BUS<\/h3>\n<p>Depuis Rio de Janeiro<br>\nEn bus, la principale compagnie reliant Rio de Janeiro \u00e0 Angra dos Reis (passant par Concei\u00e7\u00e3o de Jacare\u00ed, Mangaratiba et \u00e9galement Paraty) est Costa Verde (<a href=\"http:\/\/www.costaverdetransportes.com.br\" target=\"_blank\">www.costaverdetransportes.com.br<\/a>). \u00c0 Rio de Janeiro, la gare routi\u00e8re s'appelle Novo Rio (<a href=\"http:\/\/www.rodoviariadorio.com.br\" target=\"_blank\">www.rodoviariadorio.com.br<\/a>).<\/p>\n\n<p>Depuis S\u00e3o Paulo<br>\nAu d\u00e9part de S\u00e3o Paulo, la principale compagnie de bus reliant \u00e0 Angra dos Reis est Reunidas Paulista (<a href=\"http:\/\/www.reunidaspaulista.com.br\" target=\"_blank\">www.reunidaspaulista.com.br<\/a>).<\/p>\n<\/p><\/div><\/div>\t\t\t\t<\/div>\n\t\t\t\t<\/div>\n\t\t\t\t\t<\/div>\n\t\t\t\t<\/div>\n\t\t<div class=\"elementor-element elementor-element-47acdfd e-flex e-con-boxed e-con e-parent\" data-id=\"47acdfd\" data-element_type=\"container\">\n\t\t\t\t\t<div class=\"e-con-inner\">\n\t\t\t\t<div class=\"elementor-element elementor-element-1dd46ff elementor-invisible elementor-widget elementor-widget-heading\" data-id=\"1dd46ff\" data-element_type=\"widget\" data-settings=\"{&quot;_animation&quot;:&quot;fadeIn&quot;}\" data-widget_type=\"heading.default\">\n\t\t\t\t<div class=\"elementor-widget-container\">\n\t\t\t\t\t<h2 class=\"elementor-heading-title elementor-size-default\">TRAVERS\u00c9E EN BATEAU VERS VILA DO ABRAAO<\/h2>\t\t\t\t<\/div>\n\t\t\t\t<\/div>\n\t\t\t\t<div class=\"elementor-element elementor-element-84ce91a elementor-position-right elementor-widget__width-initial elementor-widget-mobile__width-initial elementor-widget-laptop__width-initial elementor-vertical-align-top elementor-invisible elementor-widget elementor-widget-image-box\" data-id=\"84ce91a\" data-element_type=\"widget\" data-settings=\"{&quot;_animation&quot;:&quot;fadeInRight&quot;}\" data-widget_type=\"image-box.default\">\n\t\t\t\t<div class=\"elementor-widget-container\">\n\t\t\t\t\t<div class=\"elementor-image-box-wrapper\"><figure class=\"elementor-image-box-img\"><img decoding=\"async\" src=\"https:\/\/naturaliapousada.com.br\/wp-content\/uploads\/elementor\/thumbs\/Como-chegar4-r2foo4pg0ips1iq018y7q1ulxgo3rxpdtpimhnhcbg.webp\" title=\"Como chegar4\" alt=\"Como chegar4\" loading=\"lazy\" \/><\/figure><div class=\"elementor-image-box-content\"><p class=\"elementor-image-box-description\">D\u00e9couvrez les moyens de traverser jusqu'\u00e0 Vila do Abra\u00e3o, sur Ilha Grande, depuis chacun des points d'acc\u00e8s : <br><br>\n1. Santa Luzia Pier, \u00e0 Angra dos Reis <br>\nLa travers\u00e9e se fait en bateaux rapides de type \"flex\" exploit\u00e9s par les entreprises Objetiva Tour, Doce Angra Turismo et Angra Flex Turismo. Il y a des d\u00e9parts r\u00e9guliers toutes les deux heures environ, g\u00e9n\u00e9ralement de 08h00 \u00e0 18h00. Veuillez toujours v\u00e9rifier les horaires pour le jour de votre travers\u00e9e, car il pourrait y avoir des changements. Le trajet dure environ 45 minutes.<br><br>\n2. Lapa Pier, \u00e0 Angra dos Reis <br>\nLa travers\u00e9e se fait en ferry exploit\u00e9 par CCR Barcas, partant g\u00e9n\u00e9ralement \u00e0 15h30 en semaine et \u00e0 13h30 les week-ends et jours f\u00e9ri\u00e9s. L'heure de retour habituelle, en partant du quai d'Abra\u00e3o, est \u00e0 10h00. Le trajet dure environ une heure et demie.<br><br>\n3. Concei\u00e7\u00e3o de Jacare\u00ed Pier <br>\nLa travers\u00e9e se fait en bateaux rapides de type \"flex\" exploit\u00e9s par les entreprises Objetiva Tour et Vila Nova Tour. Il y a des d\u00e9parts r\u00e9guliers toutes les deux heures environ, g\u00e9n\u00e9ralement de 08h00 \u00e0 18h00. Veuillez toujours v\u00e9rifier les horaires pour le jour de votre travers\u00e9e, car il pourrait y avoir des changements. Le trajet dure environ 20 minutes.<br><br>\n4. Mangaratiba Pier <br>\nLa travers\u00e9e se fait en ferry exploit\u00e9 par la compagnie CCR Barcas, partant g\u00e9n\u00e9ralement \u00e0 08h00 tous les jours. L'heure de retour habituelle, en partant du quai d'Abra\u00e3o, est \u00e0 17h30. Le trajet dure environ une heure et demie.\n<\/p><\/div><\/div>\t\t\t\t<\/div>\n\t\t\t\t<\/div>\n\t\t\t\t\t<\/div>\n\t\t\t\t<\/div>\n\t\t<div class=\"elementor-element elementor-element-8d65ac7 e-flex e-con-boxed e-con e-parent\" data-id=\"8d65ac7\" data-element_type=\"container\" data-settings=\"{&quot;animation&quot;:&quot;none&quot;}\">\n\t\t\t\t\t<div class=\"e-con-inner\">\n\t\t\t\t<div class=\"elementor-element elementor-element-0f1a0c6 elementor-widget elementor-widget-heading\" data-id=\"0f1a0c6\" data-element_type=\"widget\" data-settings=\"{&quot;_animation&quot;:&quot;none&quot;}\" data-widget_type=\"heading.default\">\n\t\t\t\t<div class=\"elementor-widget-container\">\n\t\t\t\t\t<h2 class=\"elementor-heading-title elementor-size-default\">ARRIV\u00c9E SUR L'\u00ceLE\n<\/h2>\t\t\t\t<\/div>\n\t\t\t\t<\/div>\n\t\t\t\t<div class=\"elementor-element elementor-element-6f05b50 elementor-position-left elementor-widget__width-initial elementor-widget-mobile__width-initial elementor-widget-laptop__width-initial elementor-vertical-align-top elementor-invisible elementor-widget elementor-widget-image-box\" data-id=\"6f05b50\" data-element_type=\"widget\" data-settings=\"{&quot;_animation&quot;:&quot;fadeInLeft&quot;}\" data-widget_type=\"image-box.default\">\n\t\t\t\t<div class=\"elementor-widget-container\">\n\t\t\t\t\t<div class=\"elementor-image-box-wrapper\"><figure class=\"elementor-image-box-img\"><img decoding=\"async\" src=\"https:\/\/naturaliapousada.com.br\/wp-content\/uploads\/elementor\/thumbs\/Como-chegar5-r2foo3rl1m6haxqnm1g6kdry1r1rz7ddtb2w9nh508.webp\" title=\"Como chegar5\" alt=\"Como chegar5\" loading=\"lazy\" \/><\/figure><div class=\"elementor-image-box-content\"><p class=\"elementor-image-box-description\">Notre auberge est situ\u00e9e sur la Praia do Canto, \u00e0 environ quinze minutes \u00e0 pied du quai touristique de Vila do Abra\u00e3o - le principal port d'arriv\u00e9e \u00e0 Vila do Abra\u00e3o. Il est situ\u00e9 \u00e0 environ 1 km, en passant par des rues en terre, un tron\u00e7on de plage (environ 100 m\u00e8tres de sable doux) et, \u00e0 la fin, environ 100 m\u00e8tres sur une ruelle pav\u00e9e rustique, avec une mont\u00e9e relativement raide. <br> <br>\nNous vous recommandons vivement de faire appel au service d'un porteur agr\u00e9\u00e9 pour le transport de vos bagages. Les porteurs disposent de chariots pour transporter les bagages et sont g\u00e9n\u00e9ralement disponibles au quai. Outre le c\u00f4t\u00e9 pratique, le porteur vous guidera correctement vers notre auberge en empruntant le meilleur itin\u00e9raire. Le co\u00fbt moyen pour le transport de deux valises de taille moyenne\/grande est compris entre 40 BRL et 50 BRL.\n<\/p><\/div><\/div>\t\t\t\t<\/div>\n\t\t\t\t<\/div>\n\t\t\t\t\t<\/div>\n\t\t\t\t<\/div>\n\t\t<div class=\"elementor-element elementor-element-9a4bf35 e-flex e-con-boxed e-con e-parent\" data-id=\"9a4bf35\" data-element_type=\"container\">\n\t\t\t\t\t<div class=\"e-con-inner\">\n\t\t\t\t<div class=\"elementor-element elementor-element-57bf587 elementor-widget elementor-widget-image\" data-id=\"57bf587\" data-element_type=\"widget\" data-widget_type=\"image.default\">\n\t\t\t\t<div class=\"elementor-widget-container\">\n\t\t\t\t\t\t\t\t\t\t\t\t\t\t\t\t<a href=\"https:\/\/naturaliapousada.com.br\/wp-content\/uploads\/2025\/08\/Mapa_caminho.jpg\" data-elementor-open-lightbox=\"yes\" data-elementor-lightbox-title=\"Mapa_caminho\" data-e-action-hash=\"#elementor-action%3Aaction%3Dlightbox%26settings%3DeyJpZCI6NDAxNjUsInVybCI6Imh0dHBzOlwvXC9uYXR1cmFsaWFwb3VzYWRhLmNvbS5iclwvd3AtY29udGVudFwvdXBsb2Fkc1wvMjAyNVwvMDhcL01hcGFfY2FtaW5oby5qcGcifQ%3D%3D\">\n\t\t\t\t\t\t\t<img decoding=\"async\" width=\"1221\" height=\"900\" src=\"https:\/\/naturaliapousada.com.br\/wp-content\/uploads\/2025\/08\/Mapa_caminho.jpg\" class=\"attachment-full size-full wp-image-40165\" alt=\"\" srcset=\"https:\/\/naturaliapousada.com.br\/wp-content\/uploads\/2025\/08\/Mapa_caminho.jpg 1221w, https:\/\/naturaliapousada.com.br\/wp-content\/uploads\/2025\/08\/Mapa_caminho-300x221.jpg 300w, https:\/\/naturaliapousada.com.br\/wp-content\/uploads\/2025\/08\/Mapa_caminho-1024x755.jpg 1024w, https:\/\/naturaliapousada.com.br\/wp-content\/uploads\/2025\/08\/Mapa_caminho-768x566.jpg 768w\" sizes=\"(max-width: 1221px) 100vw, 1221px\" \/>\t\t\t\t\t\t\t\t<\/a>\n\t\t\t\t\t\t\t\t\t\t\t\t\t\t\t<\/div>\n\t\t\t\t<\/div>\n\t\t\t\t\t<\/div>\n\t\t\t\t<\/div>\n\t\t\t\t<\/div>\n\t\t","protected":false},"excerpt":{"rendered":"<p>O\u00d9 SOMMES NOUS SITUES ? Ilha Grande d\u00e9pend de la municipalit\u00e9 d&rsquo;Angra dos Reis, dans l&rsquo;\u00c9tat de Rio de Janeiro. Elle est accessible en bateau depuis quatre points principaux : 1. Santa Luzia Pier, \u00e0 Angra dos Reis &#8211; \u00e0 160 km de Rio de Janeiro ; 2. Lapa Pier, \u00e0 Angra dos Reis &#8211; [&hellip;]<\/p>\n","protected":false},"author":1,"featured_media":10089,"parent":0,"menu_order":0,"comment_status":"closed","ping_status":"closed","template":"","meta":{"inline_featured_image":false,"cybocfi_hide_featured_image":"yes","footnotes":""},"class_list":["post-11916","page","type-page","status-publish","has-post-thumbnail","hentry"],"yoast_head":"<!-- This site is optimized with the Yoast SEO plugin v27.2 - https:\/\/yoast.com\/product\/yoast-seo-wordpress\/ -->\n<title>Comment Arriver | Pousada Naturalia<\/title>\n<meta name=\"robots\" content=\"index, follow, max-snippet:-1, max-image-preview:large, max-video-preview:-1\" \/>\n<link rel=\"canonical\" href=\"https:\/\/naturaliapousada.com.br\/fr\/comment-arriver\/\" \/>\n<meta property=\"og:locale\" content=\"fr_FR\" \/>\n<meta property=\"og:type\" content=\"article\" \/>\n<meta property=\"og:title\" content=\"Comment Arriver | Pousada Naturalia\" \/>\n<meta property=\"og:description\" content=\"O\u00d9 SOMMES NOUS SITUES ? Ilha Grande d\u00e9pend de la municipalit\u00e9 d&rsquo;Angra dos Reis, dans l&rsquo;\u00c9tat de Rio de Janeiro. Elle est accessible en bateau depuis quatre points principaux : 1. Santa Luzia Pier, \u00e0 Angra dos Reis &#8211; \u00e0 160 km de Rio de Janeiro ; 2. Lapa Pier, \u00e0 Angra dos Reis &#8211; [&hellip;]\" \/>\n<meta property=\"og:url\" content=\"https:\/\/naturaliapousada.com.br\/fr\/comment-arriver\/\" \/>\n<meta property=\"og:site_name\" content=\"Pousada Naturalia\" \/>\n<meta property=\"article:publisher\" content=\"https:\/\/www.facebook.com\/pousada.naturalia\" \/>\n<meta property=\"article:modified_time\" content=\"2025-08-24T15:11:21+00:00\" \/>\n<meta property=\"og:image\" content=\"https:\/\/naturaliapousada.com.br\/wp-content\/uploads\/2024\/07\/como-chegar1.webp\" \/>\n\t<meta property=\"og:image:width\" content=\"1536\" \/>\n\t<meta property=\"og:image:height\" content=\"543\" \/>\n\t<meta property=\"og:image:type\" content=\"image\/jpeg\" \/>\n<meta name=\"twitter:card\" content=\"summary_large_image\" \/>\n<meta name=\"twitter:label1\" content=\"Dur\u00e9e de lecture estim\u00e9e\" \/>\n\t<meta name=\"twitter:data1\" content=\"5 minutes\" \/>\n<script type=\"application\/ld+json\" class=\"yoast-schema-graph\">{\"@context\":\"https:\/\/schema.org\",\"@graph\":[{\"@type\":\"WebPage\",\"@id\":\"https:\/\/naturaliapousada.com.br\/fr\/comment-arriver\/\",\"url\":\"https:\/\/naturaliapousada.com.br\/fr\/comment-arriver\/\",\"name\":\"Comment Arriver | Pousada Naturalia\",\"isPartOf\":{\"@id\":\"https:\/\/naturaliapousada.com.br\/fr\/#website\"},\"primaryImageOfPage\":{\"@id\":\"https:\/\/naturaliapousada.com.br\/fr\/comment-arriver\/#primaryimage\"},\"image\":{\"@id\":\"https:\/\/naturaliapousada.com.br\/fr\/comment-arriver\/#primaryimage\"},\"thumbnailUrl\":\"https:\/\/naturaliapousada.com.br\/wp-content\/uploads\/2024\/07\/como-chegar1.webp\",\"datePublished\":\"2024-07-11T18:44:02+00:00\",\"dateModified\":\"2025-08-24T15:11:21+00:00\",\"breadcrumb\":{\"@id\":\"https:\/\/naturaliapousada.com.br\/fr\/comment-arriver\/#breadcrumb\"},\"inLanguage\":\"fr-FR\",\"potentialAction\":[{\"@type\":\"ReadAction\",\"target\":[\"https:\/\/naturaliapousada.com.br\/fr\/comment-arriver\/\"]}]},{\"@type\":\"BreadcrumbList\",\"@id\":\"https:\/\/naturaliapousada.com.br\/fr\/comment-arriver\/#breadcrumb\",\"itemListElement\":[{\"@type\":\"ListItem\",\"position\":1,\"name\":\"In\u00edcio\",\"item\":\"https:\/\/naturaliapousada.com.br\/fr\/\"},{\"@type\":\"ListItem\",\"position\":2,\"name\":\"Comment Arriver\"}]},{\"@type\":\"WebSite\",\"@id\":\"https:\/\/naturaliapousada.com.br\/fr\/#website\",\"url\":\"https:\/\/naturaliapousada.com.br\/fr\/\",\"name\":\"Pousada Naturalia\",\"description\":\"\",\"publisher\":{\"@id\":\"https:\/\/naturaliapousada.com.br\/fr\/#organization\"},\"potentialAction\":[{\"@type\":\"SearchAction\",\"target\":{\"@type\":\"EntryPoint\",\"urlTemplate\":\"https:\/\/naturaliapousada.com.br\/fr\/?s={search_term_string}\"},\"query-input\":{\"@type\":\"PropertyValueSpecification\",\"valueRequired\":true,\"valueName\":\"search_term_string\"}}],\"inLanguage\":\"fr-FR\"},{\"@type\":\"Organization\",\"@id\":\"https:\/\/naturaliapousada.com.br\/fr\/#organization\",\"name\":\"Pousada Naturalia\",\"url\":\"https:\/\/naturaliapousada.com.br\/fr\/\",\"logo\":{\"@type\":\"ImageObject\",\"inLanguage\":\"fr-FR\",\"@id\":\"https:\/\/naturaliapousada.com.br\/fr\/#\/schema\/logo\/image\/\",\"url\":\"https:\/\/naturaliapousada.com.br\/wp-content\/uploads\/2020\/07\/02-logotipo-naturalia-preferencial-cobre-pousada.png\",\"contentUrl\":\"https:\/\/naturaliapousada.com.br\/wp-content\/uploads\/2020\/07\/02-logotipo-naturalia-preferencial-cobre-pousada.png\",\"width\":3564,\"height\":2967,\"caption\":\"Pousada Naturalia\"},\"image\":{\"@id\":\"https:\/\/naturaliapousada.com.br\/fr\/#\/schema\/logo\/image\/\"},\"sameAs\":[\"https:\/\/www.facebook.com\/pousada.naturalia\",\"https:\/\/www.instagram.com\/pousada_naturalia\/\",\"https:\/\/www.youtube.com\/channel\/UCXutd46fOVdjuTPSxJFWQJw\"]}]}<\/script>\n<!-- \/ Yoast SEO plugin. -->","yoast_head_json":{"title":"Comment Arriver | Pousada Naturalia","robots":{"index":"index","follow":"follow","max-snippet":"max-snippet:-1","max-image-preview":"max-image-preview:large","max-video-preview":"max-video-preview:-1"},"canonical":"https:\/\/naturaliapousada.com.br\/fr\/comment-arriver\/","og_locale":"fr_FR","og_type":"article","og_title":"Comment Arriver | Pousada Naturalia","og_description":"O\u00d9 SOMMES NOUS SITUES ? Ilha Grande d\u00e9pend de la municipalit\u00e9 d&rsquo;Angra dos Reis, dans l&rsquo;\u00c9tat de Rio de Janeiro. Elle est accessible en bateau depuis quatre points principaux : 1. Santa Luzia Pier, \u00e0 Angra dos Reis &#8211; \u00e0 160 km de Rio de Janeiro ; 2. Lapa Pier, \u00e0 Angra dos Reis &#8211; [&hellip;]","og_url":"https:\/\/naturaliapousada.com.br\/fr\/comment-arriver\/","og_site_name":"Pousada Naturalia","article_publisher":"https:\/\/www.facebook.com\/pousada.naturalia","article_modified_time":"2025-08-24T15:11:21+00:00","og_image":[{"width":1536,"height":543,"url":"https:\/\/naturaliapousada.com.br\/wp-content\/uploads\/2024\/07\/como-chegar1.webp","type":"image\/jpeg"}],"twitter_card":"summary_large_image","twitter_misc":{"Dur\u00e9e de lecture estim\u00e9e":"5 minutes"},"schema":{"@context":"https:\/\/schema.org","@graph":[{"@type":"WebPage","@id":"https:\/\/naturaliapousada.com.br\/fr\/comment-arriver\/","url":"https:\/\/naturaliapousada.com.br\/fr\/comment-arriver\/","name":"Comment Arriver | Pousada Naturalia","isPartOf":{"@id":"https:\/\/naturaliapousada.com.br\/fr\/#website"},"primaryImageOfPage":{"@id":"https:\/\/naturaliapousada.com.br\/fr\/comment-arriver\/#primaryimage"},"image":{"@id":"https:\/\/naturaliapousada.com.br\/fr\/comment-arriver\/#primaryimage"},"thumbnailUrl":"https:\/\/naturaliapousada.com.br\/wp-content\/uploads\/2024\/07\/como-chegar1.webp","datePublished":"2024-07-11T18:44:02+00:00","dateModified":"2025-08-24T15:11:21+00:00","breadcrumb":{"@id":"https:\/\/naturaliapousada.com.br\/fr\/comment-arriver\/#breadcrumb"},"inLanguage":"fr-FR","potentialAction":[{"@type":"ReadAction","target":["https:\/\/naturaliapousada.com.br\/fr\/comment-arriver\/"]}]},{"@type":"BreadcrumbList","@id":"https:\/\/naturaliapousada.com.br\/fr\/comment-arriver\/#breadcrumb","itemListElement":[{"@type":"ListItem","position":1,"name":"In\u00edcio","item":"https:\/\/naturaliapousada.com.br\/fr\/"},{"@type":"ListItem","position":2,"name":"Comment Arriver"}]},{"@type":"WebSite","@id":"https:\/\/naturaliapousada.com.br\/fr\/#website","url":"https:\/\/naturaliapousada.com.br\/fr\/","name":"Pousada Naturalia","description":"","publisher":{"@id":"https:\/\/naturaliapousada.com.br\/fr\/#organization"},"potentialAction":[{"@type":"SearchAction","target":{"@type":"EntryPoint","urlTemplate":"https:\/\/naturaliapousada.com.br\/fr\/?s={search_term_string}"},"query-input":{"@type":"PropertyValueSpecification","valueRequired":true,"valueName":"search_term_string"}}],"inLanguage":"fr-FR"},{"@type":"Organization","@id":"https:\/\/naturaliapousada.com.br\/fr\/#organization","name":"Pousada Naturalia","url":"https:\/\/naturaliapousada.com.br\/fr\/","logo":{"@type":"ImageObject","inLanguage":"fr-FR","@id":"https:\/\/naturaliapousada.com.br\/fr\/#\/schema\/logo\/image\/","url":"https:\/\/naturaliapousada.com.br\/wp-content\/uploads\/2020\/07\/02-logotipo-naturalia-preferencial-cobre-pousada.png","contentUrl":"https:\/\/naturaliapousada.com.br\/wp-content\/uploads\/2020\/07\/02-logotipo-naturalia-preferencial-cobre-pousada.png","width":3564,"height":2967,"caption":"Pousada Naturalia"},"image":{"@id":"https:\/\/naturaliapousada.com.br\/fr\/#\/schema\/logo\/image\/"},"sameAs":["https:\/\/www.facebook.com\/pousada.naturalia","https:\/\/www.instagram.com\/pousada_naturalia\/","https:\/\/www.youtube.com\/channel\/UCXutd46fOVdjuTPSxJFWQJw"]}]}},"_links":{"self":[{"href":"https:\/\/naturaliapousada.com.br\/fr\/wp-json\/wp\/v2\/pages\/11916","targetHints":{"allow":["GET"]}}],"collection":[{"href":"https:\/\/naturaliapousada.com.br\/fr\/wp-json\/wp\/v2\/pages"}],"about":[{"href":"https:\/\/naturaliapousada.com.br\/fr\/wp-json\/wp\/v2\/types\/page"}],"author":[{"embeddable":true,"href":"https:\/\/naturaliapousada.com.br\/fr\/wp-json\/wp\/v2\/users\/1"}],"replies":[{"embeddable":true,"href":"https:\/\/naturaliapousada.com.br\/fr\/wp-json\/wp\/v2\/comments?post=11916"}],"version-history":[{"count":0,"href":"https:\/\/naturaliapousada.com.br\/fr\/wp-json\/wp\/v2\/pages\/11916\/revisions"}],"wp:featuredmedia":[{"embeddable":true,"href":"https:\/\/naturaliapousada.com.br\/fr\/wp-json\/wp\/v2\/media\/10089"}],"wp:attachment":[{"href":"https:\/\/naturaliapousada.com.br\/fr\/wp-json\/wp\/v2\/media?parent=11916"}],"curies":[{"name":"wp","href":"https:\/\/api.w.org\/{rel}","templated":true}]}}