{"id":11956,"date":"2024-07-11T19:57:05","date_gmt":"2024-07-11T19:57:05","guid":{"rendered":"https:\/\/naturaliapousada.com.br\/?page_id=11956"},"modified":"2024-07-12T19:23:44","modified_gmt":"2024-07-12T19:23:44","slug":"informations-importantes","status":"publish","type":"page","link":"https:\/\/naturaliapousada.com.br\/fr\/informations-importantes\/","title":{"rendered":"Informations Importantes"},"content":{"rendered":"\t\t<div data-elementor-type=\"wp-page\" data-elementor-id=\"11956\" class=\"elementor elementor-11956 elementor-9454\" data-elementor-post-type=\"page\">\n\t\t\t\t<div class=\"elementor-element elementor-element-f222d7d e-flex e-con-boxed e-con e-parent\" data-id=\"f222d7d\" data-element_type=\"container\">\n\t\t\t\t\t<div class=\"e-con-inner\">\n\t\t\t\t<div class=\"elementor-element elementor-element-ff7a6fd elementor-invisible elementor-widget elementor-widget-heading\" data-id=\"ff7a6fd\" data-element_type=\"widget\" data-settings=\"{&quot;_animation&quot;:&quot;fadeIn&quot;}\" data-widget_type=\"heading.default\">\n\t\t\t\t<div class=\"elementor-widget-container\">\n\t\t\t\t\t<h2 class=\"elementor-heading-title elementor-size-default\">Moyens de paiement<\/h2>\t\t\t\t<\/div>\n\t\t\t\t<\/div>\n\t\t\t\t<div class=\"elementor-element elementor-element-3a2d412 elementor-position-right elementor-widget__width-initial elementor-widget-mobile__width-initial elementor-vertical-align-top elementor-invisible elementor-widget elementor-widget-image-box\" data-id=\"3a2d412\" data-element_type=\"widget\" data-settings=\"{&quot;_animation&quot;:&quot;fadeInRight&quot;}\" data-widget_type=\"image-box.default\">\n\t\t\t\t<div class=\"elementor-widget-container\">\n\t\t\t\t\t<div class=\"elementor-image-box-wrapper\"><figure class=\"elementor-image-box-img\"><img fetchpriority=\"high\" decoding=\"async\" width=\"1475\" height=\"1106\" src=\"https:\/\/naturaliapousada.com.br\/wp-content\/uploads\/2024\/07\/Para-saber1.webp\" class=\"attachment-full size-full wp-image-10275\" alt=\"\" \/><\/figure><div class=\"elementor-image-box-content\"><p class=\"elementor-image-box-description\">La monnaie locale est le r\u00e9al br\u00e9silien (BRL). Il n'y a pas de banques, de distributeurs automatiques de billets ou de bureaux de change sur l'\u00eele. Par cons\u00e9quent, il est recommand\u00e9 d'apporter de l'argent liquide du continent. La plupart des \u00e9tablissements, y compris notre pousada, acceptent les principales cartes de cr\u00e9dit et de d\u00e9bit. Dans des cas exceptionnels, nous pouvons accepter des dollars am\u00e9ricains et des euros, avec le taux de change d\u00e9termin\u00e9 par la direction de la pousada selon le taux touristique, avec des frais suppl\u00e9mentaires pour couvrir les fluctuations de change.\n<\/p><\/div><\/div>\t\t\t\t<\/div>\n\t\t\t\t<\/div>\n\t\t\t\t\t<\/div>\n\t\t\t\t<\/div>\n\t\t<div class=\"elementor-element elementor-element-b60eae3 e-flex e-con-boxed e-con e-parent\" data-id=\"b60eae3\" data-element_type=\"container\">\n\t\t\t\t\t<div class=\"e-con-inner\">\n\t\t\t\t<div class=\"elementor-element elementor-element-60d2799 elementor-position-left elementor-widget__width-initial elementor-widget-mobile__width-initial elementor-vertical-align-top elementor-invisible elementor-widget elementor-widget-image-box\" data-id=\"60d2799\" data-element_type=\"widget\" data-settings=\"{&quot;_animation&quot;:&quot;fadeInLeft&quot;}\" data-widget_type=\"image-box.default\">\n\t\t\t\t<div class=\"elementor-widget-container\">\n\t\t\t\t\t<div class=\"elementor-image-box-wrapper\"><figure class=\"elementor-image-box-img\"><img decoding=\"async\" src=\"https:\/\/naturaliapousada.com.br\/wp-content\/uploads\/elementor\/thumbs\/Para-saber2-r2foo3rl1m650zc30e8pg49xtfz97o6o97s71vk5kw.webp\" title=\"Para saber2\" alt=\"Para saber2\" loading=\"lazy\" \/><\/figure><div class=\"elementor-image-box-content\"><h2 class=\"elementor-image-box-title\">CLIMAT<\/h2><p class=\"elementor-image-box-description\"><span style=\"font-weight: 400;\">Le climat \u00e0 Ilha Grande est principalement tropical et humide, surtout pendant la saison des pluies de novembre \u00e0 mars. Les temp\u00e9ratures maximales peuvent atteindre jusqu'\u00e0 <strong>40\u00b0C<\/strong> en \u00e9t\u00e9, tandis que les temp\u00e9ratures minimales peuvent descendre jusqu'\u00e0 environ <strong>12\u00b0C<\/strong> en hiver.<\/span>\n<br>\n<h2 class=\"elementor-image-box-title\">INTERNET<\/h2>\n<span style=\"font-weight: 400;\">Nous proposons le service Internet le plus rapide disponible sur Ilha Grande, avec le Wi-Fi disponible dans les chambres et dans notre espace commun. Cependant, comme le signal vient du continent, il peut fluctuer en fonction des conditions m\u00e9t\u00e9orologiques, affectant le service dans toute l'\u00eele.<\/span><BR>\n<br>\n<h2 class=\"elementor-image-box-title\">FUSEAU HORAIRE<\/h2>\n<span style=\"font-weight: 400;\">UTC -3.0<\/span>\n<\/p><\/div><\/div>\t\t\t\t<\/div>\n\t\t\t\t<\/div>\n\t\t\t\t\t<\/div>\n\t\t\t\t<\/div>\n\t\t<div class=\"elementor-element elementor-element-e75dba3 e-flex e-con-boxed elementor-invisible e-con e-parent\" data-id=\"e75dba3\" data-element_type=\"container\" data-settings=\"{&quot;animation&quot;:&quot;fadeInRight&quot;}\">\n\t\t\t\t\t<div class=\"e-con-inner\">\n\t\t\t\t<div class=\"elementor-element elementor-element-0bbfa69 elementor-position-right elementor-widget__width-initial elementor-widget-mobile__width-initial elementor-vertical-align-middle elementor-widget elementor-widget-image-box\" data-id=\"0bbfa69\" data-element_type=\"widget\" data-widget_type=\"image-box.default\">\n\t\t\t\t<div class=\"elementor-widget-container\">\n\t\t\t\t\t<div class=\"elementor-image-box-wrapper\"><figure class=\"elementor-image-box-img\"><img decoding=\"async\" width=\"1434\" height=\"1075\" src=\"https:\/\/naturaliapousada.com.br\/wp-content\/uploads\/2024\/07\/Para-saber-3.webp\" class=\"attachment-full size-full wp-image-10299\" alt=\"\" \/><\/figure><div class=\"elementor-image-box-content\"><h2 class=\"elementor-image-box-title\">ARTICLES \u00c0 APPORTER<\/h2><p class=\"elementor-image-box-description\"><br><ul>\n \t<li style=\"font-weight: 400;\" aria-level=\"1\"><span style=\"font-weight: 400;\">Argent en r\u00e9als br\u00e9siliens (BRL)<\/span><\/li>\n \t<li style=\"font-weight: 400;\" aria-level=\"1\"><span style=\"font-weight: 400;\">R\u00e9pulsif contre les insectes<\/span><\/li>\n \t<li style=\"font-weight: 400;\" aria-level=\"1\"><span style=\"font-weight: 400;\">Chapeau ou casquette<\/span><\/li>\n \t<li style=\"font-weight: 400;\" aria-level=\"1\"><span style=\"font-weight: 400;\">Cr\u00e8me solaire<\/span><\/li>\n \t<li style=\"font-weight: 400;\" aria-level=\"1\"><span style=\"font-weight: 400;\">Maillot de bain<\/span><\/li>\n \t<li style=\"font-weight: 400;\" aria-level=\"1\"><span style=\"font-weight: 400;\">Sandales de plage<\/span><\/li>\n \t<li style=\"font-weight: 400;\" aria-level=\"1\"><span style=\"font-weight: 400;\">Baskets et chaussettes<\/span><\/li>\n \t<li style=\"font-weight: 400;\" aria-level=\"1\"><span style=\"font-weight: 400;\">M\u00e9dicaments personnels<\/span><\/li>\n \t<li style=\"font-weight: 400;\" aria-level=\"1\"><span style=\"font-weight: 400;\">Lunettes de lecture \/ lunettes de soleil<\/span><\/li>\n \t<li style=\"font-weight: 400;\" aria-level=\"1\"><span style=\"font-weight: 400;\">Une veste pour les nuits fra\u00eeches et fra\u00eeches<\/span><\/li>\n<\/ul>\n<\/p><\/div><\/div>\t\t\t\t<\/div>\n\t\t\t\t<\/div>\n\t\t\t\t\t<\/div>\n\t\t\t\t<\/div>\n\t\t<div class=\"elementor-element elementor-element-47f8302 e-flex e-con-boxed elementor-invisible e-con e-parent\" data-id=\"47f8302\" data-element_type=\"container\" data-settings=\"{&quot;animation&quot;:&quot;fadeInUp&quot;}\">\n\t\t\t\t\t<div class=\"e-con-inner\">\n\t\t\t\t<div class=\"elementor-element elementor-element-1db3439 elementor-widget elementor-widget-heading\" data-id=\"1db3439\" data-element_type=\"widget\" data-widget_type=\"heading.default\">\n\t\t\t\t<div class=\"elementor-widget-container\">\n\t\t\t\t\t<h2 class=\"elementor-heading-title elementor-size-default\">mieux planifier votre voyage<\/h2>\t\t\t\t<\/div>\n\t\t\t\t<\/div>\n\t\t\t\t<div class=\"elementor-element elementor-element-d866b70 elementor-widget__width-initial elementor-widget elementor-widget-text-editor\" data-id=\"d866b70\" data-element_type=\"widget\" data-widget_type=\"text-editor.default\">\n\t\t\t\t<div class=\"elementor-widget-container\">\n\t\t\t\t\t\t\t\t\t<p>Pour plus d&rsquo;informations sur la fa\u00e7on de mieux planifier votre voyage vers et depuis votre voyage, ainsi que pour clarifier les doutes sur nos services et nos politiques, visitez la page <a href=\"https:\/\/naturaliapousada.com.br\/fr\/faqs\"><span style=\"text-decoration: underline;\">Foire Aux Questions<\/span><\/a> (FAQ).<\/p>\t\t\t\t\t\t\t\t<\/div>\n\t\t\t\t<\/div>\n\t\t\t\t\t<\/div>\n\t\t\t\t<\/div>\n\t\t<div class=\"elementor-element elementor-element-8d65ac7 e-flex e-con-boxed e-con e-parent\" data-id=\"8d65ac7\" data-element_type=\"container\">\n\t\t\t\t\t<div class=\"e-con-inner\">\n\t\t\t\t\t<\/div>\n\t\t\t\t<\/div>\n\t\t\t\t<\/div>\n\t\t","protected":false},"excerpt":{"rendered":"<p>Moyens de paiement La monnaie locale est le r\u00e9al br\u00e9silien (BRL). Il n&rsquo;y a pas de banques, de distributeurs automatiques de billets ou de bureaux de change sur l&rsquo;\u00eele. Par cons\u00e9quent, il est recommand\u00e9 d&rsquo;apporter de l&rsquo;argent liquide du continent. La plupart des \u00e9tablissements, y compris notre pousada, acceptent les principales cartes de cr\u00e9dit et [&hellip;]<\/p>\n","protected":false},"author":1,"featured_media":8981,"parent":0,"menu_order":0,"comment_status":"closed","ping_status":"closed","template":"","meta":{"inline_featured_image":false,"cybocfi_hide_featured_image":"yes","footnotes":""},"class_list":["post-11956","page","type-page","status-publish","has-post-thumbnail","hentry"],"yoast_head":"<!-- This site is optimized with the Yoast SEO plugin v27.2 - https:\/\/yoast.com\/product\/yoast-seo-wordpress\/ -->\n<title>Informations Importantes | Pousada Naturalia<\/title>\n<meta name=\"robots\" content=\"index, follow, max-snippet:-1, max-image-preview:large, max-video-preview:-1\" \/>\n<link rel=\"canonical\" href=\"https:\/\/naturaliapousada.com.br\/fr\/informations-importantes\/\" \/>\n<meta property=\"og:locale\" content=\"fr_FR\" \/>\n<meta property=\"og:type\" content=\"article\" \/>\n<meta property=\"og:title\" content=\"Informations Importantes | Pousada Naturalia\" \/>\n<meta property=\"og:description\" content=\"Moyens de paiement La monnaie locale est le r\u00e9al br\u00e9silien (BRL). Il n&rsquo;y a pas de banques, de distributeurs automatiques de billets ou de bureaux de change sur l&rsquo;\u00eele. Par cons\u00e9quent, il est recommand\u00e9 d&rsquo;apporter de l&rsquo;argent liquide du continent. La plupart des \u00e9tablissements, y compris notre pousada, acceptent les principales cartes de cr\u00e9dit et [&hellip;]\" \/>\n<meta property=\"og:url\" content=\"https:\/\/naturaliapousada.com.br\/fr\/informations-importantes\/\" \/>\n<meta property=\"og:site_name\" content=\"Pousada Naturalia\" \/>\n<meta property=\"article:publisher\" content=\"https:\/\/www.facebook.com\/pousada.naturalia\" \/>\n<meta property=\"article:modified_time\" content=\"2024-07-12T19:23:44+00:00\" \/>\n<meta property=\"og:image\" content=\"https:\/\/naturaliapousada.com.br\/wp-content\/uploads\/2024\/06\/capa-naturalia-apousada.jpg\" \/>\n\t<meta property=\"og:image:width\" content=\"1460\" \/>\n\t<meta property=\"og:image:height\" content=\"571\" \/>\n\t<meta property=\"og:image:type\" content=\"image\/jpeg\" \/>\n<meta name=\"twitter:card\" content=\"summary_large_image\" \/>\n<meta name=\"twitter:label1\" content=\"Dur\u00e9e de lecture estim\u00e9e\" \/>\n\t<meta name=\"twitter:data1\" content=\"2 minutes\" \/>\n<script type=\"application\/ld+json\" class=\"yoast-schema-graph\">{\"@context\":\"https:\/\/schema.org\",\"@graph\":[{\"@type\":\"WebPage\",\"@id\":\"https:\/\/naturaliapousada.com.br\/fr\/informations-importantes\/\",\"url\":\"https:\/\/naturaliapousada.com.br\/fr\/informations-importantes\/\",\"name\":\"Informations Importantes | Pousada Naturalia\",\"isPartOf\":{\"@id\":\"https:\/\/naturaliapousada.com.br\/fr\/#website\"},\"primaryImageOfPage\":{\"@id\":\"https:\/\/naturaliapousada.com.br\/fr\/informations-importantes\/#primaryimage\"},\"image\":{\"@id\":\"https:\/\/naturaliapousada.com.br\/fr\/informations-importantes\/#primaryimage\"},\"thumbnailUrl\":\"https:\/\/naturaliapousada.com.br\/wp-content\/uploads\/2024\/06\/capa-naturalia-apousada.jpg\",\"datePublished\":\"2024-07-11T19:57:05+00:00\",\"dateModified\":\"2024-07-12T19:23:44+00:00\",\"breadcrumb\":{\"@id\":\"https:\/\/naturaliapousada.com.br\/fr\/informations-importantes\/#breadcrumb\"},\"inLanguage\":\"fr-FR\",\"potentialAction\":[{\"@type\":\"ReadAction\",\"target\":[\"https:\/\/naturaliapousada.com.br\/fr\/informations-importantes\/\"]}]},{\"@type\":\"BreadcrumbList\",\"@id\":\"https:\/\/naturaliapousada.com.br\/fr\/informations-importantes\/#breadcrumb\",\"itemListElement\":[{\"@type\":\"ListItem\",\"position\":1,\"name\":\"In\u00edcio\",\"item\":\"https:\/\/naturaliapousada.com.br\/fr\/\"},{\"@type\":\"ListItem\",\"position\":2,\"name\":\"Informations Importantes\"}]},{\"@type\":\"WebSite\",\"@id\":\"https:\/\/naturaliapousada.com.br\/fr\/#website\",\"url\":\"https:\/\/naturaliapousada.com.br\/fr\/\",\"name\":\"Pousada Naturalia\",\"description\":\"\",\"publisher\":{\"@id\":\"https:\/\/naturaliapousada.com.br\/fr\/#organization\"},\"potentialAction\":[{\"@type\":\"SearchAction\",\"target\":{\"@type\":\"EntryPoint\",\"urlTemplate\":\"https:\/\/naturaliapousada.com.br\/fr\/?s={search_term_string}\"},\"query-input\":{\"@type\":\"PropertyValueSpecification\",\"valueRequired\":true,\"valueName\":\"search_term_string\"}}],\"inLanguage\":\"fr-FR\"},{\"@type\":\"Organization\",\"@id\":\"https:\/\/naturaliapousada.com.br\/fr\/#organization\",\"name\":\"Pousada Naturalia\",\"url\":\"https:\/\/naturaliapousada.com.br\/fr\/\",\"logo\":{\"@type\":\"ImageObject\",\"inLanguage\":\"fr-FR\",\"@id\":\"https:\/\/naturaliapousada.com.br\/fr\/#\/schema\/logo\/image\/\",\"url\":\"https:\/\/naturaliapousada.com.br\/wp-content\/uploads\/2020\/07\/02-logotipo-naturalia-preferencial-cobre-pousada.png\",\"contentUrl\":\"https:\/\/naturaliapousada.com.br\/wp-content\/uploads\/2020\/07\/02-logotipo-naturalia-preferencial-cobre-pousada.png\",\"width\":3564,\"height\":2967,\"caption\":\"Pousada Naturalia\"},\"image\":{\"@id\":\"https:\/\/naturaliapousada.com.br\/fr\/#\/schema\/logo\/image\/\"},\"sameAs\":[\"https:\/\/www.facebook.com\/pousada.naturalia\",\"https:\/\/www.instagram.com\/pousada_naturalia\/\",\"https:\/\/www.youtube.com\/channel\/UCXutd46fOVdjuTPSxJFWQJw\"]}]}<\/script>\n<!-- \/ Yoast SEO plugin. -->","yoast_head_json":{"title":"Informations Importantes | Pousada Naturalia","robots":{"index":"index","follow":"follow","max-snippet":"max-snippet:-1","max-image-preview":"max-image-preview:large","max-video-preview":"max-video-preview:-1"},"canonical":"https:\/\/naturaliapousada.com.br\/fr\/informations-importantes\/","og_locale":"fr_FR","og_type":"article","og_title":"Informations Importantes | Pousada Naturalia","og_description":"Moyens de paiement La monnaie locale est le r\u00e9al br\u00e9silien (BRL). Il n&rsquo;y a pas de banques, de distributeurs automatiques de billets ou de bureaux de change sur l&rsquo;\u00eele. Par cons\u00e9quent, il est recommand\u00e9 d&rsquo;apporter de l&rsquo;argent liquide du continent. La plupart des \u00e9tablissements, y compris notre pousada, acceptent les principales cartes de cr\u00e9dit et [&hellip;]","og_url":"https:\/\/naturaliapousada.com.br\/fr\/informations-importantes\/","og_site_name":"Pousada Naturalia","article_publisher":"https:\/\/www.facebook.com\/pousada.naturalia","article_modified_time":"2024-07-12T19:23:44+00:00","og_image":[{"width":1460,"height":571,"url":"https:\/\/naturaliapousada.com.br\/wp-content\/uploads\/2024\/06\/capa-naturalia-apousada.jpg","type":"image\/jpeg"}],"twitter_card":"summary_large_image","twitter_misc":{"Dur\u00e9e de lecture estim\u00e9e":"2 minutes"},"schema":{"@context":"https:\/\/schema.org","@graph":[{"@type":"WebPage","@id":"https:\/\/naturaliapousada.com.br\/fr\/informations-importantes\/","url":"https:\/\/naturaliapousada.com.br\/fr\/informations-importantes\/","name":"Informations Importantes | Pousada Naturalia","isPartOf":{"@id":"https:\/\/naturaliapousada.com.br\/fr\/#website"},"primaryImageOfPage":{"@id":"https:\/\/naturaliapousada.com.br\/fr\/informations-importantes\/#primaryimage"},"image":{"@id":"https:\/\/naturaliapousada.com.br\/fr\/informations-importantes\/#primaryimage"},"thumbnailUrl":"https:\/\/naturaliapousada.com.br\/wp-content\/uploads\/2024\/06\/capa-naturalia-apousada.jpg","datePublished":"2024-07-11T19:57:05+00:00","dateModified":"2024-07-12T19:23:44+00:00","breadcrumb":{"@id":"https:\/\/naturaliapousada.com.br\/fr\/informations-importantes\/#breadcrumb"},"inLanguage":"fr-FR","potentialAction":[{"@type":"ReadAction","target":["https:\/\/naturaliapousada.com.br\/fr\/informations-importantes\/"]}]},{"@type":"BreadcrumbList","@id":"https:\/\/naturaliapousada.com.br\/fr\/informations-importantes\/#breadcrumb","itemListElement":[{"@type":"ListItem","position":1,"name":"In\u00edcio","item":"https:\/\/naturaliapousada.com.br\/fr\/"},{"@type":"ListItem","position":2,"name":"Informations Importantes"}]},{"@type":"WebSite","@id":"https:\/\/naturaliapousada.com.br\/fr\/#website","url":"https:\/\/naturaliapousada.com.br\/fr\/","name":"Pousada Naturalia","description":"","publisher":{"@id":"https:\/\/naturaliapousada.com.br\/fr\/#organization"},"potentialAction":[{"@type":"SearchAction","target":{"@type":"EntryPoint","urlTemplate":"https:\/\/naturaliapousada.com.br\/fr\/?s={search_term_string}"},"query-input":{"@type":"PropertyValueSpecification","valueRequired":true,"valueName":"search_term_string"}}],"inLanguage":"fr-FR"},{"@type":"Organization","@id":"https:\/\/naturaliapousada.com.br\/fr\/#organization","name":"Pousada Naturalia","url":"https:\/\/naturaliapousada.com.br\/fr\/","logo":{"@type":"ImageObject","inLanguage":"fr-FR","@id":"https:\/\/naturaliapousada.com.br\/fr\/#\/schema\/logo\/image\/","url":"https:\/\/naturaliapousada.com.br\/wp-content\/uploads\/2020\/07\/02-logotipo-naturalia-preferencial-cobre-pousada.png","contentUrl":"https:\/\/naturaliapousada.com.br\/wp-content\/uploads\/2020\/07\/02-logotipo-naturalia-preferencial-cobre-pousada.png","width":3564,"height":2967,"caption":"Pousada Naturalia"},"image":{"@id":"https:\/\/naturaliapousada.com.br\/fr\/#\/schema\/logo\/image\/"},"sameAs":["https:\/\/www.facebook.com\/pousada.naturalia","https:\/\/www.instagram.com\/pousada_naturalia\/","https:\/\/www.youtube.com\/channel\/UCXutd46fOVdjuTPSxJFWQJw"]}]}},"_links":{"self":[{"href":"https:\/\/naturaliapousada.com.br\/fr\/wp-json\/wp\/v2\/pages\/11956","targetHints":{"allow":["GET"]}}],"collection":[{"href":"https:\/\/naturaliapousada.com.br\/fr\/wp-json\/wp\/v2\/pages"}],"about":[{"href":"https:\/\/naturaliapousada.com.br\/fr\/wp-json\/wp\/v2\/types\/page"}],"author":[{"embeddable":true,"href":"https:\/\/naturaliapousada.com.br\/fr\/wp-json\/wp\/v2\/users\/1"}],"replies":[{"embeddable":true,"href":"https:\/\/naturaliapousada.com.br\/fr\/wp-json\/wp\/v2\/comments?post=11956"}],"version-history":[{"count":0,"href":"https:\/\/naturaliapousada.com.br\/fr\/wp-json\/wp\/v2\/pages\/11956\/revisions"}],"wp:featuredmedia":[{"embeddable":true,"href":"https:\/\/naturaliapousada.com.br\/fr\/wp-json\/wp\/v2\/media\/8981"}],"wp:attachment":[{"href":"https:\/\/naturaliapousada.com.br\/fr\/wp-json\/wp\/v2\/media?parent=11956"}],"curies":[{"name":"wp","href":"https:\/\/api.w.org\/{rel}","templated":true}]}}